{"id":5092,"date":"2025-05-19T04:32:15","date_gmt":"2025-05-19T04:32:15","guid":{"rendered":"https:\/\/www.dxnwellness.eu\/pl\/product\/dxn-goji-berries\/"},"modified":"2025-10-20T09:28:59","modified_gmt":"2025-10-20T09:28:59","slug":"dxn-goji-berries","status":"publish","type":"product","link":"https:\/\/www.dxnwellness.eu\/pl\/product\/dxn-goji-berries\/","title":{"rendered":"DXN Goji Berries"},"content":{"rendered":"<p>Jagody Goji DXN, bogate w sk\u0142adniki od\u017cywcze owoce Lycium barbarum, s\u0105 wysokokaloryczne, ale bogate w bia\u0142ko. Znane jako \u201eowoc m\u0142odo\u015bci\u201d, te \u017cywe jagody s\u0105 cenione za bogaty profil od\u017cywczy i korzy\u015bci zdrowotne. Bez wzgl\u0119du na to, czy s\u0105 spo\u017cywane samodzielnie, czy dodawane do ulubionych posi\u0142k\u00f3w, jagody Goji DXN zapewniaj\u0105 pyszny, zdrowy zastrzyk energii w diecie.<\/p>\n<p>Bogate w sk\u0142adniki od\u017cywcze: Zawiera przeciwutleniacze. Pe\u0142no w nim bia\u0142ka i b\u0142onnika, oferuj\u0105c szeroki wachlarz korzy\u015bci dla og\u00f3lnego samopoczucia.<br \/>\nBogate w przeciwutleniacze: Przyczynia si\u0119 do ochrony kom\u00f3rek przed wolnymi rodnikami, mo\u017ce chroni\u0107 kom\u00f3rki i tkanki przed utlenianiem, mo\u017ce przyczynia\u0107 si\u0119 do ca\u0142kowitej zdolno\u015bci antyoksydacyjnej organizmu.<br \/>\n\u201eOwoc m\u0142odo\u015bci\u201d: Znane ze wspomagania witalno\u015bci i d\u0142ugowieczno\u015bci, jagody goji s\u0105 doskona\u0142ym dodatkiem do diety, aby zapewni\u0107 m\u0142odzie\u0144czy i pe\u0142en energii styl \u017cycia.<\/p>\n","protected":false},"excerpt":{"rendered":"<p>Jagody Goji DXN, bogate w sk\u0142adniki od\u017cywcze owoce Lycium barbarum, s\u0105 wysokokaloryczne, ale bogate w bia\u0142ko. Znane jako \u201eowoc m\u0142odo\u015bci\u201d, te \u017cywe jagody s\u0105 cenione za bogaty profil od\u017cywczy i korzy\u015bci zdrowotne. Bez wzgl\u0119du na to, czy s\u0105 spo\u017cywane samodzielnie, czy dodawane do ulubionych posi\u0142k\u00f3w, jagody Goji DXN zapewniaj\u0105 pyszny, zdrowy zastrzyk energii w diecie. [&hellip;]<\/p>\n","protected":false},"featured_media":5238,"comment_status":"open","ping_status":"closed","template":"","meta":{"_acf_changed":false},"product_brand":[],"product_cat":[330],"product_tag":[],"class_list":{"0":"post-5092","1":"product","2":"type-product","3":"status-publish","4":"has-post-thumbnail","6":"product_cat-produkty-spozywcze-cat","7":"pa_package-350-g","9":"first","10":"instock","11":"purchasable","12":"product-type-simple"},"acf":[],"_links":{"self":[{"href":"https:\/\/www.dxnwellness.eu\/pl\/wp-json\/wp\/v2\/product\/5092","targetHints":{"allow":["GET"]}}],"collection":[{"href":"https:\/\/www.dxnwellness.eu\/pl\/wp-json\/wp\/v2\/product"}],"about":[{"href":"https:\/\/www.dxnwellness.eu\/pl\/wp-json\/wp\/v2\/types\/product"}],"replies":[{"embeddable":true,"href":"https:\/\/www.dxnwellness.eu\/pl\/wp-json\/wp\/v2\/comments?post=5092"}],"wp:featuredmedia":[{"embeddable":true,"href":"https:\/\/www.dxnwellness.eu\/pl\/wp-json\/wp\/v2\/media\/5238"}],"wp:attachment":[{"href":"https:\/\/www.dxnwellness.eu\/pl\/wp-json\/wp\/v2\/media?parent=5092"}],"wp:term":[{"taxonomy":"product_brand","embeddable":true,"href":"https:\/\/www.dxnwellness.eu\/pl\/wp-json\/wp\/v2\/product_brand?post=5092"},{"taxonomy":"product_cat","embeddable":true,"href":"https:\/\/www.dxnwellness.eu\/pl\/wp-json\/wp\/v2\/product_cat?post=5092"},{"taxonomy":"product_tag","embeddable":true,"href":"https:\/\/www.dxnwellness.eu\/pl\/wp-json\/wp\/v2\/product_tag?post=5092"}],"curies":[{"name":"wp","href":"https:\/\/api.w.org\/{rel}","templated":true}]}}