{"id":5090,"date":"2025-05-19T04:32:15","date_gmt":"2025-05-19T04:32:15","guid":{"rendered":"https:\/\/www.dxnwellness.eu\/pl\/product\/dxn-jujube-fruits\/"},"modified":"2025-10-20T09:26:41","modified_gmt":"2025-10-20T09:26:41","slug":"dxn-jujube-fruits","status":"publish","type":"product","link":"https:\/\/www.dxnwellness.eu\/pl\/product\/dxn-jujube-fruits\/","title":{"rendered":"DXN Jujube Fruits"},"content":{"rendered":"<p>DXN Jujube &#8211; Naturalna przek\u0105ska pe\u0142na dobra!<\/p>\n<p>Owoce Jujube DXN, znane r\u00f3wnie\u017c jako chi\u0144skie daktyle, to suszone owoce o \u0142agodnie s\u0142odkim smaku i bogatym profilu od\u017cywczym. S\u0105 naturalnym \u017ar\u00f3d\u0142em b\u0142onnika oraz wielu cennych minera\u0142\u00f3w, dzi\u0119ki czemu stanowi\u0105 idealny dodatek do codziennej diety \u2013 zar\u00f3wno jako samodzielna przek\u0105ska, jak i sk\u0142adnik posi\u0142k\u00f3w.<\/p>\n<p>Bogactwo b\u0142onnika: Naturalnie bogate w b\u0142onnik, wspieraj\u0105 prawid\u0142owe trawienie i sprawdzaj\u0105 si\u0119 jako zdrowa alternatywa dla s\u0142odkich przek\u0105sek.<br \/>\nWielozadaniowe w kuchni: \u015awietne jako szybka przek\u0105ska, ale tak\u017ce jako dodatek do owsianki, p\u0142atk\u00f3w \u015bniadaniowych, herbat, deser\u00f3w czy zup.<br \/>\nNaturalne i po\u017cywne: Suszone jujube to prosty spos\u00f3b na wzbogacenie diety o smak i warto\u015bci od\u017cywcze \u2013 bez sztucznych dodatk\u00f3w.<\/p>\n","protected":false},"excerpt":{"rendered":"<p>DXN Jujube &#8211; Naturalna przek\u0105ska pe\u0142na dobra! Owoce Jujube DXN, znane r\u00f3wnie\u017c jako chi\u0144skie daktyle, to suszone owoce o \u0142agodnie s\u0142odkim smaku i bogatym profilu od\u017cywczym. S\u0105 naturalnym \u017ar\u00f3d\u0142em b\u0142onnika oraz wielu cennych minera\u0142\u00f3w, dzi\u0119ki czemu stanowi\u0105 idealny dodatek do codziennej diety \u2013 zar\u00f3wno jako samodzielna przek\u0105ska, jak i sk\u0142adnik posi\u0142k\u00f3w. Bogactwo b\u0142onnika: Naturalnie bogate [&hellip;]<\/p>\n","protected":false},"featured_media":5237,"comment_status":"open","ping_status":"closed","template":"","meta":{"_acf_changed":false},"product_brand":[],"product_cat":[330],"product_tag":[],"class_list":{"0":"post-5090","1":"product","2":"type-product","3":"status-publish","4":"has-post-thumbnail","6":"product_cat-produkty-spozywcze-cat","7":"pa_package-300-g","9":"first","10":"instock","11":"purchasable","12":"product-type-simple"},"acf":[],"_links":{"self":[{"href":"https:\/\/www.dxnwellness.eu\/pl\/wp-json\/wp\/v2\/product\/5090","targetHints":{"allow":["GET"]}}],"collection":[{"href":"https:\/\/www.dxnwellness.eu\/pl\/wp-json\/wp\/v2\/product"}],"about":[{"href":"https:\/\/www.dxnwellness.eu\/pl\/wp-json\/wp\/v2\/types\/product"}],"replies":[{"embeddable":true,"href":"https:\/\/www.dxnwellness.eu\/pl\/wp-json\/wp\/v2\/comments?post=5090"}],"wp:featuredmedia":[{"embeddable":true,"href":"https:\/\/www.dxnwellness.eu\/pl\/wp-json\/wp\/v2\/media\/5237"}],"wp:attachment":[{"href":"https:\/\/www.dxnwellness.eu\/pl\/wp-json\/wp\/v2\/media?parent=5090"}],"wp:term":[{"taxonomy":"product_brand","embeddable":true,"href":"https:\/\/www.dxnwellness.eu\/pl\/wp-json\/wp\/v2\/product_brand?post=5090"},{"taxonomy":"product_cat","embeddable":true,"href":"https:\/\/www.dxnwellness.eu\/pl\/wp-json\/wp\/v2\/product_cat?post=5090"},{"taxonomy":"product_tag","embeddable":true,"href":"https:\/\/www.dxnwellness.eu\/pl\/wp-json\/wp\/v2\/product_tag?post=5090"}],"curies":[{"name":"wp","href":"https:\/\/api.w.org\/{rel}","templated":true}]}}