{"id":5087,"date":"2025-05-19T04:32:12","date_gmt":"2025-05-19T04:32:12","guid":{"rendered":"https:\/\/www.dxnwellness.eu\/pl\/product\/dxn-oocha-noodle\/"},"modified":"2025-10-20T09:43:26","modified_gmt":"2025-10-20T09:43:26","slug":"dxn-oocha-noodle","status":"publish","type":"product","link":"https:\/\/www.dxnwellness.eu\/pl\/product\/dxn-oocha-noodle\/","title":{"rendered":"DXN Oocha Noodle"},"content":{"rendered":"<p>Makaron DXN Oocha to pyszny i wyj\u0105tkowy wyb\u00f3r makaron\u00f3w z makaronu pszennego z dodatkiem proszku herbaty Oolong, oferuj\u0105cy wykwintny smak. Dost\u0119pne w wersji zwyk\u0142ej lub Tom Yam, te makarony nadaj\u0105 Twojemu posi\u0142kowi zdrowy charakter dzi\u0119ki zaletom herbaty Oolong. Makaron DXN Oocha jest suszony na powietrzu (nie sma\u017cony w oleju) i nie zawiera sztucznych barwnik\u00f3w, co czyni go zdrow\u0105 opcj\u0105 dla Twojej diety.<\/p>\n<p>Napar z herbaty Oolong: Idealna r\u00f3wnowaga cz\u0119\u015bciowo sfermentowanego proszku herbaty Oolong, zapewniaj\u0105ca wyj\u0105tkowy smak i korzy\u015bci p\u0142yn\u0105ce z herbaty.<br \/>\nZdrowy i naturalny: Wykonany bez sztucznych barwnik\u00f3w i suszony na powietrzu jako zdrowsza alternatywa dla sma\u017conych makaron\u00f3w.<br \/>\nSzybki i uniwersalny posi\u0142ek: \u0141atwy w przygotowaniu, idealny na szybki posi\u0142ek i mo\u017cna je spo\u017cywa\u0107 na wiele r\u00f3\u017cnych sposob\u00f3w, aby zaspokoi\u0107 swoj\u0105 kulinarn\u0105 kreatywno\u015b\u0107.<\/p>\n","protected":false},"excerpt":{"rendered":"<p>Makaron DXN Oocha to pyszny i wyj\u0105tkowy wyb\u00f3r makaron\u00f3w z makaronu pszennego z dodatkiem proszku herbaty Oolong, oferuj\u0105cy wykwintny smak. Dost\u0119pne w wersji zwyk\u0142ej lub Tom Yam, te makarony nadaj\u0105 Twojemu posi\u0142kowi zdrowy charakter dzi\u0119ki zaletom herbaty Oolong. Makaron DXN Oocha jest suszony na powietrzu (nie sma\u017cony w oleju) i nie zawiera sztucznych barwnik\u00f3w, co [&hellip;]<\/p>\n","protected":false},"featured_media":5235,"comment_status":"open","ping_status":"closed","template":"","meta":{"_acf_changed":false},"product_brand":[],"product_cat":[330],"product_tag":[],"class_list":{"0":"post-5087","1":"product","2":"type-product","3":"status-publish","4":"has-post-thumbnail","6":"product_cat-produkty-spozywcze-cat","7":"pa_package-4-x-75-g","8":"pa_package-4-x-85-g","10":"first","11":"instock","12":"purchasable","13":"product-type-variable"},"acf":[],"_links":{"self":[{"href":"https:\/\/www.dxnwellness.eu\/pl\/wp-json\/wp\/v2\/product\/5087","targetHints":{"allow":["GET"]}}],"collection":[{"href":"https:\/\/www.dxnwellness.eu\/pl\/wp-json\/wp\/v2\/product"}],"about":[{"href":"https:\/\/www.dxnwellness.eu\/pl\/wp-json\/wp\/v2\/types\/product"}],"replies":[{"embeddable":true,"href":"https:\/\/www.dxnwellness.eu\/pl\/wp-json\/wp\/v2\/comments?post=5087"}],"wp:featuredmedia":[{"embeddable":true,"href":"https:\/\/www.dxnwellness.eu\/pl\/wp-json\/wp\/v2\/media\/5235"}],"wp:attachment":[{"href":"https:\/\/www.dxnwellness.eu\/pl\/wp-json\/wp\/v2\/media?parent=5087"}],"wp:term":[{"taxonomy":"product_brand","embeddable":true,"href":"https:\/\/www.dxnwellness.eu\/pl\/wp-json\/wp\/v2\/product_brand?post=5087"},{"taxonomy":"product_cat","embeddable":true,"href":"https:\/\/www.dxnwellness.eu\/pl\/wp-json\/wp\/v2\/product_cat?post=5087"},{"taxonomy":"product_tag","embeddable":true,"href":"https:\/\/www.dxnwellness.eu\/pl\/wp-json\/wp\/v2\/product_tag?post=5087"}],"curies":[{"name":"wp","href":"https:\/\/api.w.org\/{rel}","templated":true}]}}