{"id":5084,"date":"2025-05-19T04:32:12","date_gmt":"2025-05-19T04:32:12","guid":{"rendered":"https:\/\/www.dxnwellness.eu\/pl\/product\/dxn-spirudle\/"},"modified":"2025-10-20T09:42:31","modified_gmt":"2025-10-20T09:42:31","slug":"dxn-spirudle","status":"publish","type":"product","link":"https:\/\/www.dxnwellness.eu\/pl\/product\/dxn-spirudle\/","title":{"rendered":"DXN Spirudle"},"content":{"rendered":"<p>DXN Spirudle oferuje pyszne i od\u017cywcze makarony z makaronu pszennego zmieszane z proszkiem Spirulina, pot\u0119\u017cnym superfood. Dost\u0119pne w dw\u00f3ch ekscytuj\u0105cych odmianach \u2013 zwyk\u0142ej i o smaku Tom Yam \u2013 te makarony s\u0105 \u0142atwe w przygotowaniu i stanowi\u0105 szybki i zdrowy posi\u0142ek. DXN Spirudle s\u0105 suszone na powietrzu, nie sma\u017cone na oleju i nie zawieraj\u0105 sztucznych barwnik\u00f3w, zapewniaj\u0105c zdrowszy, pe\u0142nowarto\u015bciowy wyb\u00f3r. DXN Spirudle \u2013 Szybki, zdrowy i pyszny makaron z moc\u0105 Spiruliny, dost\u0119pny w dw\u00f3ch ekscytuj\u0105cych smakach dla ka\u017cdego gustu!<\/p>\n<p>Wzbogacony spirulin\u0105: Wykonany z proszku Spirulina, bogatego w sk\u0142adniki od\u017cywcze superfoodu wype\u0142nionego minera\u0142ami.<br \/>\nNaturalne sk\u0142adniki: Bez sztucznych barwnik\u00f3w i konserwant\u00f3w, oferuj\u0105ce czyst\u0105, zdrow\u0105 opcj\u0119 \u017cywno\u015bciow\u0105.<br \/>\nSzybkie i wygodne w przygotowaniu: \u0141atwy do przygotowania szybkiego i zdrowego posi\u0142ek w dowolnym momencie.<br \/>\nSuszony na powietrzu: Zdrowszy ni\u017c sma\u017cone makarony, zachowuje ca\u0142\u0105 naturaln\u0105 dobro\u0107 bez nadmiaru oleju.<\/p>\n","protected":false},"excerpt":{"rendered":"<p>DXN Spirudle oferuje pyszne i od\u017cywcze makarony z makaronu pszennego zmieszane z proszkiem Spirulina, pot\u0119\u017cnym superfood. Dost\u0119pne w dw\u00f3ch ekscytuj\u0105cych odmianach \u2013 zwyk\u0142ej i o smaku Tom Yam \u2013 te makarony s\u0105 \u0142atwe w przygotowaniu i stanowi\u0105 szybki i zdrowy posi\u0142ek. DXN Spirudle s\u0105 suszone na powietrzu, nie sma\u017cone na oleju i nie zawieraj\u0105 sztucznych [&hellip;]<\/p>\n","protected":false},"featured_media":5233,"comment_status":"open","ping_status":"closed","template":"","meta":{"_acf_changed":false},"product_brand":[],"product_cat":[330],"product_tag":[],"class_list":{"0":"post-5084","1":"product","2":"type-product","3":"status-publish","4":"has-post-thumbnail","6":"product_cat-produkty-spozywcze-cat","7":"pa_package-4-x-75-g","8":"pa_package-4-x-85-g","10":"first","11":"instock","12":"purchasable","13":"product-type-variable"},"acf":[],"_links":{"self":[{"href":"https:\/\/www.dxnwellness.eu\/pl\/wp-json\/wp\/v2\/product\/5084","targetHints":{"allow":["GET"]}}],"collection":[{"href":"https:\/\/www.dxnwellness.eu\/pl\/wp-json\/wp\/v2\/product"}],"about":[{"href":"https:\/\/www.dxnwellness.eu\/pl\/wp-json\/wp\/v2\/types\/product"}],"replies":[{"embeddable":true,"href":"https:\/\/www.dxnwellness.eu\/pl\/wp-json\/wp\/v2\/comments?post=5084"}],"wp:featuredmedia":[{"embeddable":true,"href":"https:\/\/www.dxnwellness.eu\/pl\/wp-json\/wp\/v2\/media\/5233"}],"wp:attachment":[{"href":"https:\/\/www.dxnwellness.eu\/pl\/wp-json\/wp\/v2\/media?parent=5084"}],"wp:term":[{"taxonomy":"product_brand","embeddable":true,"href":"https:\/\/www.dxnwellness.eu\/pl\/wp-json\/wp\/v2\/product_brand?post=5084"},{"taxonomy":"product_cat","embeddable":true,"href":"https:\/\/www.dxnwellness.eu\/pl\/wp-json\/wp\/v2\/product_cat?post=5084"},{"taxonomy":"product_tag","embeddable":true,"href":"https:\/\/www.dxnwellness.eu\/pl\/wp-json\/wp\/v2\/product_tag?post=5084"}],"curies":[{"name":"wp","href":"https:\/\/api.w.org\/{rel}","templated":true}]}}