{"id":5082,"date":"2025-05-19T04:32:12","date_gmt":"2025-05-19T04:32:12","guid":{"rendered":"https:\/\/www.dxnwellness.eu\/pl\/product\/dxn-apple-fermented-jam\/"},"modified":"2025-10-20T09:41:20","modified_gmt":"2025-10-20T09:41:20","slug":"dxn-apple-fermented-jam","status":"publish","type":"product","link":"https:\/\/www.dxnwellness.eu\/pl\/product\/dxn-apple-fermented-jam\/","title":{"rendered":"DXN Apple Fermented Jam"},"content":{"rendered":"<p>DXN Apple Fermented Jam oferuje wyj\u0105tkowy s\u0142odko-kwa\u015bny smak, kt\u00f3ry stanie si\u0119 ulubionym w Twojej kuchni. Wykonany z fermentowanych jab\u0142ek d\u017cem idealnie nadaje si\u0119 do smarowania ciast, nale\u015bnik\u00f3w lub do pieczenia. Mo\u017cesz go r\u00f3wnie\u017c wymiesza\u0107 z wod\u0105, aby uzyska\u0107 orze\u017awiaj\u0105cy nap\u00f3j jab\u0142kowy. Niezale\u017cnie od tego, czy spo\u017cywany jako pasta czy nap\u00f3j, zapewnia on rozkoszny smak wraz z dodatkow\u0105 korzy\u015bci\u0105 w postaci wspomagania trawienia. DXN Apple Fermented Jam \u2013 pyszny, wszechstronny dodatek do Twojej spi\u017carni, wspomagaj\u0105cy zar\u00f3wno kubki smakowe, jak i trawienie!<\/p>\n<p>Uniwersalny i pyszny: Ciesz si\u0119 nim jako smarowid\u0142em, do wypiek\u00f3w lub jako napojem, aby uzyska\u0107 zachwycaj\u0105cy smak jab\u0142ka w ka\u017cdym zastosowaniu.<br \/>\nWspomaga trawienie: Dzi\u0119ki fermentowanej bazie jab\u0142kowej ta pasta wspomaga dobre trawienie, jednocze\u015bnie zaspokajaj\u0105c kubki smakowe.<br \/>\nWygodny i smaczny: Idealny do szybkiego, codziennego u\u017cytku w r\u00f3\u017cnych posi\u0142kach i przek\u0105skach.<\/p>\n","protected":false},"excerpt":{"rendered":"<p>DXN Apple Fermented Jam oferuje wyj\u0105tkowy s\u0142odko-kwa\u015bny smak, kt\u00f3ry stanie si\u0119 ulubionym w Twojej kuchni. Wykonany z fermentowanych jab\u0142ek d\u017cem idealnie nadaje si\u0119 do smarowania ciast, nale\u015bnik\u00f3w lub do pieczenia. Mo\u017cesz go r\u00f3wnie\u017c wymiesza\u0107 z wod\u0105, aby uzyska\u0107 orze\u017awiaj\u0105cy nap\u00f3j jab\u0142kowy. Niezale\u017cnie od tego, czy spo\u017cywany jako pasta czy nap\u00f3j, zapewnia on rozkoszny smak wraz [&hellip;]<\/p>\n","protected":false},"featured_media":5232,"comment_status":"open","ping_status":"closed","template":"","meta":{"_acf_changed":false},"product_brand":[],"product_cat":[330],"product_tag":[],"class_list":{"0":"post-5082","1":"product","2":"type-product","3":"status-publish","4":"has-post-thumbnail","6":"product_cat-produkty-spozywcze-cat","7":"pa_package-20-opakowan-x-15-g","9":"first","10":"instock","11":"purchasable","12":"product-type-simple"},"acf":[],"_links":{"self":[{"href":"https:\/\/www.dxnwellness.eu\/pl\/wp-json\/wp\/v2\/product\/5082","targetHints":{"allow":["GET"]}}],"collection":[{"href":"https:\/\/www.dxnwellness.eu\/pl\/wp-json\/wp\/v2\/product"}],"about":[{"href":"https:\/\/www.dxnwellness.eu\/pl\/wp-json\/wp\/v2\/types\/product"}],"replies":[{"embeddable":true,"href":"https:\/\/www.dxnwellness.eu\/pl\/wp-json\/wp\/v2\/comments?post=5082"}],"wp:featuredmedia":[{"embeddable":true,"href":"https:\/\/www.dxnwellness.eu\/pl\/wp-json\/wp\/v2\/media\/5232"}],"wp:attachment":[{"href":"https:\/\/www.dxnwellness.eu\/pl\/wp-json\/wp\/v2\/media?parent=5082"}],"wp:term":[{"taxonomy":"product_brand","embeddable":true,"href":"https:\/\/www.dxnwellness.eu\/pl\/wp-json\/wp\/v2\/product_brand?post=5082"},{"taxonomy":"product_cat","embeddable":true,"href":"https:\/\/www.dxnwellness.eu\/pl\/wp-json\/wp\/v2\/product_cat?post=5082"},{"taxonomy":"product_tag","embeddable":true,"href":"https:\/\/www.dxnwellness.eu\/pl\/wp-json\/wp\/v2\/product_tag?post=5082"}],"curies":[{"name":"wp","href":"https:\/\/api.w.org\/{rel}","templated":true}]}}