{"id":5080,"date":"2025-05-19T04:32:12","date_gmt":"2025-05-19T04:32:12","guid":{"rendered":"https:\/\/www.dxnwellness.eu\/pl\/product\/dxn-organic-virgin-coconut-oil\/"},"modified":"2025-05-27T11:57:13","modified_gmt":"2025-05-27T11:57:13","slug":"dxn-organic-virgin-coconut-oil","status":"publish","type":"product","link":"https:\/\/www.dxnwellness.eu\/pl\/product\/dxn-organic-virgin-coconut-oil\/","title":{"rendered":"DXN Organic Virgin Coconut Oil"},"content":{"rendered":"<p>BIO \u2013 Czysty i naturalny olej kokosowy<br \/>\nDXN Organic Virgin Coconut Oil to najwy\u017cszej jako\u015bci olej kokosowy w 100% z pierwszego t\u0142oczenia, produkowany z dojrza\u0142ych, \u015bwie\u017cych i ekologicznie zbieranych kokos\u00f3w. Ten nierafinowany, t\u0142oczony na zimno olej zachowuje wszystkie swoje naturalne sk\u0142adniki bioaktywne, co czyni go idealnym wyborem do wielu zastosowa\u0144, zar\u00f3wno w kuchni, jak i do piel\u0119gnacji osobistej. DXN Organic Virgin Coconut Oil \u2013 BIO \u2013 Odkryj czyste, wszechstronne i naturalne korzy\u015bci oleju kokosowego w ka\u017cdej kropli!<\/p>\n<p>100% naturalny i czysty: Wykonany z najlepszych kokos\u00f3w, ten olej jest nierafinowany i t\u0142oczony na zimno, aby zachowa\u0107 sk\u0142adniki od\u017cywcze i zwi\u0105zki bioaktywne.<br \/>\nWszechstronny w u\u017cyciu: Idealny do pieczenia, sma\u017cenia i przyprawiania lub do stosowania zewn\u0119trznego na w\u0142osy i sk\u00f3r\u0119, aby uzyska\u0107 efekt nawil\u017caj\u0105cy i od\u017cywczy.<br \/>\nPrzyjazny dla \u015brodowiska i cia\u0142a: Ca\u0142kowicie naturalny i przyjazny dla \u015brodowiska, zapewnia bezpieczny, wolny od chemikali\u00f3w produkt zar\u00f3wno do gotowania, jak i piel\u0119gnacji osobistej.<\/p>\n","protected":false},"excerpt":{"rendered":"<p>BIO \u2013 Czysty i naturalny olej kokosowy DXN Organic Virgin Coconut Oil to najwy\u017cszej jako\u015bci olej kokosowy w 100% z pierwszego t\u0142oczenia, produkowany z dojrza\u0142ych, \u015bwie\u017cych i ekologicznie zbieranych kokos\u00f3w. Ten nierafinowany, t\u0142oczony na zimno olej zachowuje wszystkie swoje naturalne sk\u0142adniki bioaktywne, co czyni go idealnym wyborem do wielu zastosowa\u0144, zar\u00f3wno w kuchni, jak i [&hellip;]<\/p>\n","protected":false},"featured_media":5231,"comment_status":"open","ping_status":"closed","template":"","meta":{"_acf_changed":false},"product_brand":[],"product_cat":[330],"product_tag":[],"class_list":{"0":"post-5080","1":"product","2":"type-product","3":"status-publish","4":"has-post-thumbnail","6":"product_cat-produkty-spozywcze-cat","7":"pa_package-500-ml","9":"first","10":"instock","11":"purchasable","12":"product-type-simple"},"acf":[],"_links":{"self":[{"href":"https:\/\/www.dxnwellness.eu\/pl\/wp-json\/wp\/v2\/product\/5080","targetHints":{"allow":["GET"]}}],"collection":[{"href":"https:\/\/www.dxnwellness.eu\/pl\/wp-json\/wp\/v2\/product"}],"about":[{"href":"https:\/\/www.dxnwellness.eu\/pl\/wp-json\/wp\/v2\/types\/product"}],"replies":[{"embeddable":true,"href":"https:\/\/www.dxnwellness.eu\/pl\/wp-json\/wp\/v2\/comments?post=5080"}],"wp:featuredmedia":[{"embeddable":true,"href":"https:\/\/www.dxnwellness.eu\/pl\/wp-json\/wp\/v2\/media\/5231"}],"wp:attachment":[{"href":"https:\/\/www.dxnwellness.eu\/pl\/wp-json\/wp\/v2\/media?parent=5080"}],"wp:term":[{"taxonomy":"product_brand","embeddable":true,"href":"https:\/\/www.dxnwellness.eu\/pl\/wp-json\/wp\/v2\/product_brand?post=5080"},{"taxonomy":"product_cat","embeddable":true,"href":"https:\/\/www.dxnwellness.eu\/pl\/wp-json\/wp\/v2\/product_cat?post=5080"},{"taxonomy":"product_tag","embeddable":true,"href":"https:\/\/www.dxnwellness.eu\/pl\/wp-json\/wp\/v2\/product_tag?post=5080"}],"curies":[{"name":"wp","href":"https:\/\/api.w.org\/{rel}","templated":true}]}}