{"id":5078,"date":"2025-05-19T04:32:12","date_gmt":"2025-05-19T04:32:12","guid":{"rendered":"https:\/\/www.dxnwellness.eu\/pl\/product\/dxn-spirulina-cereal\/"},"modified":"2025-10-20T09:40:17","modified_gmt":"2025-10-20T09:40:17","slug":"dxn-spirulina-cereal","status":"publish","type":"product","link":"https:\/\/www.dxnwellness.eu\/pl\/product\/dxn-spirulina-cereal\/","title":{"rendered":"DXN Spirulina Cereal"},"content":{"rendered":"<p>DXN Spirulina Cereal to pe\u0142nowarto\u015bciowa mieszanka zbo\u017cowa przeznaczona na po\u017cywne \u015bniadanie, zawieraj\u0105ca mikroalgi Spiruliny. Te p\u0142atki oferuj\u0105 przyjemny smak wodorost\u00f3w i s\u0105 pe\u0142ne niezb\u0119dnego b\u0142onnika i minera\u0142\u00f3w, aby dobrze rozpocz\u0105\u0107 dzie\u0144. Wykonane s\u0105 z naturalnej Spiruliny, przez co mog\u0105 wyst\u0119powa\u0107 niewielkie r\u00f3\u017cnice w kolorze mi\u0119dzy partiami, odzwierciedlaj\u0105c jej czyste, naturalne sk\u0142adniki.<\/p>\n<p>Pe\u0142ne sk\u0142adnik\u00f3w od\u017cywczych: Ciesz si\u0119 \u015bniadaniem pe\u0142nym niezb\u0119dnych sk\u0142adnik\u00f3w od\u017cywczych, w tym b\u0142onnika i minera\u0142\u00f3w, wzbogaconym spirulin\u0105, znan\u0105 jako super\u017cywno\u015b\u0107.<br \/>\nNaturalne sk\u0142adniki: Wykonane z czystej mikroalgi Spirulina, zapewniaj\u0105cej naturalny i zdrowy zastrzyk energii.<br \/>\n\u0141atwe w przygotowaniu: Szybki, od\u017cywczy posi\u0142ek na zabiegane poranki.<\/p>\n<p>Spos\u00f3b przygotowania: Wsyp zawarto\u015b\u0107 opakowania do kubka, wymieszaj z 200 ml ciep\u0142ej wody i dobrze wymieszaj.<\/p>\n","protected":false},"excerpt":{"rendered":"<p>DXN Spirulina Cereal to pe\u0142nowarto\u015bciowa mieszanka zbo\u017cowa przeznaczona na po\u017cywne \u015bniadanie, zawieraj\u0105ca mikroalgi Spiruliny. Te p\u0142atki oferuj\u0105 przyjemny smak wodorost\u00f3w i s\u0105 pe\u0142ne niezb\u0119dnego b\u0142onnika i minera\u0142\u00f3w, aby dobrze rozpocz\u0105\u0107 dzie\u0144. Wykonane s\u0105 z naturalnej Spiruliny, przez co mog\u0105 wyst\u0119powa\u0107 niewielkie r\u00f3\u017cnice w kolorze mi\u0119dzy partiami, odzwierciedlaj\u0105c jej czyste, naturalne sk\u0142adniki. Pe\u0142ne sk\u0142adnik\u00f3w od\u017cywczych: Ciesz [&hellip;]<\/p>\n","protected":false},"featured_media":5230,"comment_status":"open","ping_status":"closed","template":"","meta":{"_acf_changed":false},"product_brand":[],"product_cat":[330],"product_tag":[],"class_list":{"0":"post-5078","1":"product","2":"type-product","3":"status-publish","4":"has-post-thumbnail","6":"product_cat-produkty-spozywcze-cat","7":"pa_package-30-opakowan-x-30-g","9":"first","10":"instock","11":"purchasable","12":"product-type-simple"},"acf":[],"_links":{"self":[{"href":"https:\/\/www.dxnwellness.eu\/pl\/wp-json\/wp\/v2\/product\/5078","targetHints":{"allow":["GET"]}}],"collection":[{"href":"https:\/\/www.dxnwellness.eu\/pl\/wp-json\/wp\/v2\/product"}],"about":[{"href":"https:\/\/www.dxnwellness.eu\/pl\/wp-json\/wp\/v2\/types\/product"}],"replies":[{"embeddable":true,"href":"https:\/\/www.dxnwellness.eu\/pl\/wp-json\/wp\/v2\/comments?post=5078"}],"wp:featuredmedia":[{"embeddable":true,"href":"https:\/\/www.dxnwellness.eu\/pl\/wp-json\/wp\/v2\/media\/5230"}],"wp:attachment":[{"href":"https:\/\/www.dxnwellness.eu\/pl\/wp-json\/wp\/v2\/media?parent=5078"}],"wp:term":[{"taxonomy":"product_brand","embeddable":true,"href":"https:\/\/www.dxnwellness.eu\/pl\/wp-json\/wp\/v2\/product_brand?post=5078"},{"taxonomy":"product_cat","embeddable":true,"href":"https:\/\/www.dxnwellness.eu\/pl\/wp-json\/wp\/v2\/product_cat?post=5078"},{"taxonomy":"product_tag","embeddable":true,"href":"https:\/\/www.dxnwellness.eu\/pl\/wp-json\/wp\/v2\/product_tag?post=5078"}],"curies":[{"name":"wp","href":"https:\/\/api.w.org\/{rel}","templated":true}]}}