{"id":5076,"date":"2025-05-19T04:32:12","date_gmt":"2025-05-19T04:32:12","guid":{"rendered":"https:\/\/www.dxnwellness.eu\/pl\/product\/dxn-zhi-mint-plus\/"},"modified":"2025-10-20T09:38:40","modified_gmt":"2025-10-20T09:38:40","slug":"dxn-zhi-mint-plus","status":"publish","type":"product","link":"https:\/\/www.dxnwellness.eu\/pl\/product\/dxn-zhi-mint-plus\/","title":{"rendered":"DXN Zhi Mint Plus"},"content":{"rendered":"<p>Orze\u017awiaj\u0105ce cukierki mi\u0119towe z Ganoderm\u0105<br \/>\nDXN Zhi Mint Plus to orze\u017awiaj\u0105ce, mi\u0119towe, prasowane cukierki nas\u0105czone olejkiem mi\u0119towym i proszkiem Ganoderma lucidum (grzyb Reishi). Te orze\u017awiaj\u0105ce cukierki pomagaj\u0105 od\u015bwie\u017cy\u0107 oddech, zapewniaj\u0105c jednocze\u015bnie d\u0142ugotrwa\u0142e uczucie ch\u0142odu i \u015bwie\u017co\u015bci. Niezale\u017cnie od tego, czy potrzebujesz szybkiego od\u015bwie\u017cenia oddechu, czy mi\u0119towego zastrzyku, Zhi Mint Plus jest idealnym rozwi\u0105zaniem.<br \/>\nDXN Zhi Mint Plus \u2013 Zyskaj mi\u0119towy zastrzyk dzi\u0119ki dodatkowej dobroczynno\u015bci Ganodermy w ka\u017cdym cukierku!<\/p>\n<p>Od\u015bwie\u017canie oddechu: Cukierki zapewniaj\u0105 przyjemny, ch\u0142odz\u0105cy posmak i skutecznie od\u015bwie\u017caj\u0105 oddech.<br \/>\nDobroczynne w\u0142a\u015bciwo\u015bci Ganodermy: Wzbogacone proszkiem Ganoderma lucidum, \u0142\u0105cz\u0105 w sobie orze\u017awienie z naturaln\u0105 trosk\u0105 o Twoje zdrowie.<br \/>\nIdealne na ka\u017cd\u0105 chwil\u0119: Trzymaj je w kieszeni, torebce lub samochodzie &#8211; dla szybkiego i przyjemnego orze\u017awienia w ka\u017cdej chwili.<\/p>\n","protected":false},"excerpt":{"rendered":"<p>Orze\u017awiaj\u0105ce cukierki mi\u0119towe z Ganoderm\u0105 DXN Zhi Mint Plus to orze\u017awiaj\u0105ce, mi\u0119towe, prasowane cukierki nas\u0105czone olejkiem mi\u0119towym i proszkiem Ganoderma lucidum (grzyb Reishi). Te orze\u017awiaj\u0105ce cukierki pomagaj\u0105 od\u015bwie\u017cy\u0107 oddech, zapewniaj\u0105c jednocze\u015bnie d\u0142ugotrwa\u0142e uczucie ch\u0142odu i \u015bwie\u017co\u015bci. Niezale\u017cnie od tego, czy potrzebujesz szybkiego od\u015bwie\u017cenia oddechu, czy mi\u0119towego zastrzyku, Zhi Mint Plus jest idealnym rozwi\u0105zaniem. DXN Zhi [&hellip;]<\/p>\n","protected":false},"featured_media":5229,"comment_status":"open","ping_status":"closed","template":"","meta":{"_acf_changed":false},"product_brand":[],"product_cat":[330],"product_tag":[],"class_list":{"0":"post-5076","1":"product","2":"type-product","3":"status-publish","4":"has-post-thumbnail","6":"product_cat-produkty-spozywcze-cat","7":"pa_package-12-opakowan-x-25-g","9":"first","10":"instock","11":"purchasable","12":"product-type-simple"},"acf":[],"_links":{"self":[{"href":"https:\/\/www.dxnwellness.eu\/pl\/wp-json\/wp\/v2\/product\/5076","targetHints":{"allow":["GET"]}}],"collection":[{"href":"https:\/\/www.dxnwellness.eu\/pl\/wp-json\/wp\/v2\/product"}],"about":[{"href":"https:\/\/www.dxnwellness.eu\/pl\/wp-json\/wp\/v2\/types\/product"}],"replies":[{"embeddable":true,"href":"https:\/\/www.dxnwellness.eu\/pl\/wp-json\/wp\/v2\/comments?post=5076"}],"wp:featuredmedia":[{"embeddable":true,"href":"https:\/\/www.dxnwellness.eu\/pl\/wp-json\/wp\/v2\/media\/5229"}],"wp:attachment":[{"href":"https:\/\/www.dxnwellness.eu\/pl\/wp-json\/wp\/v2\/media?parent=5076"}],"wp:term":[{"taxonomy":"product_brand","embeddable":true,"href":"https:\/\/www.dxnwellness.eu\/pl\/wp-json\/wp\/v2\/product_brand?post=5076"},{"taxonomy":"product_cat","embeddable":true,"href":"https:\/\/www.dxnwellness.eu\/pl\/wp-json\/wp\/v2\/product_cat?post=5076"},{"taxonomy":"product_tag","embeddable":true,"href":"https:\/\/www.dxnwellness.eu\/pl\/wp-json\/wp\/v2\/product_tag?post=5076"}],"curies":[{"name":"wp","href":"https:\/\/api.w.org\/{rel}","templated":true}]}}