{"id":5074,"date":"2025-05-19T04:32:12","date_gmt":"2025-05-19T04:32:12","guid":{"rendered":"https:\/\/www.dxnwellness.eu\/pl\/product\/dxn-zhi-ca-plus\/"},"modified":"2025-10-20T09:35:57","modified_gmt":"2025-10-20T09:35:57","slug":"dxn-zhi-ca-plus","status":"publish","type":"product","link":"https:\/\/www.dxnwellness.eu\/pl\/product\/dxn-zhi-ca-plus\/","title":{"rendered":"DXN Zhi Ca Plus"},"content":{"rendered":"<p>Cukierki kawowe z Ganoderm\u0105 dla energii w podr\u00f3\u017cy<br \/>\nDXN Zhi Ca Plus to aromatyczne, prasowane cukierki kawowe wzbogacone naturalnymi w\u0142a\u015bciwo\u015bciami proszku z grzyba Ganoderma lucidum (grzyb Reishi). Te pyszne cukierki \u0142\u0105cz\u0105 ekstrakt z kawy, cukier trzcinowy, \u015bmietanki bezmlecznej i odt\u0142uszczonego mleka w proszku daje idealn\u0105 harmoni\u0119 smaku i energii. To wygodna przek\u0105ska, kt\u00f3ra zapewni Ci zastrzyk energii zawsze wtedy, gdy jej potrzebujesz &#8211; gdziekolwiek jeste\u015b.<\/p>\n<p>Przeno\u015bna energia: Smaczne i praktyczne cukierki, kt\u00f3re \u0142atwo zabra\u0107 ze sob\u0105, by doda\u0107 sobie energii w ka\u017cdej chwili.<br \/>\nBogaty, kawowy smak: Wyra\u017any aromat kawy po\u0142\u0105czony z kremow\u0105 konsystencj\u0105 i dobroczynnym dzia\u0142aniem Ganodermy.<br \/>\nIdealne na zabiegane dni: Doskonale sprawdz\u0105 si\u0119, gdy potrzebujesz szybkiego zastrzyku energii w ci\u0105gu dnia.<\/p>\n","protected":false},"excerpt":{"rendered":"<p>Cukierki kawowe z Ganoderm\u0105 dla energii w podr\u00f3\u017cy DXN Zhi Ca Plus to aromatyczne, prasowane cukierki kawowe wzbogacone naturalnymi w\u0142a\u015bciwo\u015bciami proszku z grzyba Ganoderma lucidum (grzyb Reishi). Te pyszne cukierki \u0142\u0105cz\u0105 ekstrakt z kawy, cukier trzcinowy, \u015bmietanki bezmlecznej i odt\u0142uszczonego mleka w proszku daje idealn\u0105 harmoni\u0119 smaku i energii. To wygodna przek\u0105ska, kt\u00f3ra zapewni Ci [&hellip;]<\/p>\n","protected":false},"featured_media":5228,"comment_status":"open","ping_status":"closed","template":"","meta":{"_acf_changed":false},"product_brand":[],"product_cat":[330],"product_tag":[],"class_list":{"0":"post-5074","1":"product","2":"type-product","3":"status-publish","4":"has-post-thumbnail","6":"product_cat-produkty-spozywcze-cat","7":"pa_package-10-opakowan-x-95-g","9":"first","10":"instock","11":"purchasable","12":"product-type-simple"},"acf":[],"_links":{"self":[{"href":"https:\/\/www.dxnwellness.eu\/pl\/wp-json\/wp\/v2\/product\/5074","targetHints":{"allow":["GET"]}}],"collection":[{"href":"https:\/\/www.dxnwellness.eu\/pl\/wp-json\/wp\/v2\/product"}],"about":[{"href":"https:\/\/www.dxnwellness.eu\/pl\/wp-json\/wp\/v2\/types\/product"}],"replies":[{"embeddable":true,"href":"https:\/\/www.dxnwellness.eu\/pl\/wp-json\/wp\/v2\/comments?post=5074"}],"wp:featuredmedia":[{"embeddable":true,"href":"https:\/\/www.dxnwellness.eu\/pl\/wp-json\/wp\/v2\/media\/5228"}],"wp:attachment":[{"href":"https:\/\/www.dxnwellness.eu\/pl\/wp-json\/wp\/v2\/media?parent=5074"}],"wp:term":[{"taxonomy":"product_brand","embeddable":true,"href":"https:\/\/www.dxnwellness.eu\/pl\/wp-json\/wp\/v2\/product_brand?post=5074"},{"taxonomy":"product_cat","embeddable":true,"href":"https:\/\/www.dxnwellness.eu\/pl\/wp-json\/wp\/v2\/product_cat?post=5074"},{"taxonomy":"product_tag","embeddable":true,"href":"https:\/\/www.dxnwellness.eu\/pl\/wp-json\/wp\/v2\/product_tag?post=5074"}],"curies":[{"name":"wp","href":"https:\/\/api.w.org\/{rel}","templated":true}]}}