{"id":5072,"date":"2025-05-19T04:32:12","date_gmt":"2025-05-19T04:32:12","guid":{"rendered":"https:\/\/www.dxnwellness.eu\/pl\/product\/dxn-lions-mane-lemon-tea\/"},"modified":"2025-10-20T08:59:47","modified_gmt":"2025-10-20T08:59:47","slug":"dxn-lions-mane-lemon-tea","status":"publish","type":"product","link":"https:\/\/www.dxnwellness.eu\/pl\/product\/dxn-lions-mane-lemon-tea\/","title":{"rendered":"DXN Lion&#8217;s Mane Lemon Tea"},"content":{"rendered":"<p>Orze\u017awiaj\u0105ca mieszanka herbaty i Lion&#8217;s Mane<\/p>\n<p data-start=\"276\" data-end=\"633\">DXN Lion&#8217;s Mane Lemon Tea to wyj\u0105tkowe po\u0142\u0105czenie wyrazistej czarnej herbaty i herbaty Oolong z cytrusow\u0105 nut\u0105 sk\u00f3rki cytrynowej oraz dodatkiem proszku z grzyba Lion\u2019s Mane (Hericium erinaceus). Ta aromatyczna mieszanka doskonale sprawdzi si\u0119 o ka\u017cdej porze roku \u2013 na ciep\u0142o, gdy potrzebujesz rozgrzania, lub na zimno jako orze\u017awiaj\u0105cy nap\u00f3j w upalne dni.<\/p>\n<p data-start=\"635\" data-end=\"783\">To idealna propozycja dla tych, kt\u00f3rzy szukaj\u0105 ciekawej alternatywy dla tradycyjnych herbat \u2013 z lekkim cytrusowym twistem i nut\u0105 inspirowan\u0105 natur\u0105.<\/p>\n<p>Orze\u017awiaj\u0105ca i uniwersalna: Smakuje doskonale zar\u00f3wno na gor\u0105co, jak i na zimno \u2013 pobudza zmys\u0142y i dodaje \u015bwie\u017co\u015bci.<br \/>\nZ dodatkiem Lion&#8217;s Mane: Wzbogacona proszkiem z grzyba Lion&#8217;s Mane \u2013 popularnego sk\u0142adnika stosowanego w tradycyjnych recepturach.<br \/>\nDoskona\u0142a na ka\u017cd\u0105 okazj\u0119: Idealna do relaksu, spotka\u0144 z bliskimi lub jako codzienny rytua\u0142 \u2013 niezale\u017cnie od pogody i nastroju.<\/p>\n","protected":false},"excerpt":{"rendered":"<p>Orze\u017awiaj\u0105ca mieszanka herbaty i Lion&#8217;s Mane DXN Lion&#8217;s Mane Lemon Tea to wyj\u0105tkowe po\u0142\u0105czenie wyrazistej czarnej herbaty i herbaty Oolong z cytrusow\u0105 nut\u0105 sk\u00f3rki cytrynowej oraz dodatkiem proszku z grzyba Lion\u2019s Mane (Hericium erinaceus). Ta aromatyczna mieszanka doskonale sprawdzi si\u0119 o ka\u017cdej porze roku \u2013 na ciep\u0142o, gdy potrzebujesz rozgrzania, lub na zimno jako orze\u017awiaj\u0105cy [&hellip;]<\/p>\n","protected":false},"featured_media":5227,"comment_status":"open","ping_status":"closed","template":"","meta":{"_acf_changed":false},"product_brand":[],"product_cat":[324],"product_tag":[],"class_list":{"0":"post-5072","1":"product","2":"type-product","3":"status-publish","4":"has-post-thumbnail","6":"product_cat-kategoria-herbaty","7":"pa_package-20-saszetek-x-22-g","9":"first","10":"instock","11":"purchasable","12":"product-type-simple"},"acf":[],"_links":{"self":[{"href":"https:\/\/www.dxnwellness.eu\/pl\/wp-json\/wp\/v2\/product\/5072","targetHints":{"allow":["GET"]}}],"collection":[{"href":"https:\/\/www.dxnwellness.eu\/pl\/wp-json\/wp\/v2\/product"}],"about":[{"href":"https:\/\/www.dxnwellness.eu\/pl\/wp-json\/wp\/v2\/types\/product"}],"replies":[{"embeddable":true,"href":"https:\/\/www.dxnwellness.eu\/pl\/wp-json\/wp\/v2\/comments?post=5072"}],"wp:featuredmedia":[{"embeddable":true,"href":"https:\/\/www.dxnwellness.eu\/pl\/wp-json\/wp\/v2\/media\/5227"}],"wp:attachment":[{"href":"https:\/\/www.dxnwellness.eu\/pl\/wp-json\/wp\/v2\/media?parent=5072"}],"wp:term":[{"taxonomy":"product_brand","embeddable":true,"href":"https:\/\/www.dxnwellness.eu\/pl\/wp-json\/wp\/v2\/product_brand?post=5072"},{"taxonomy":"product_cat","embeddable":true,"href":"https:\/\/www.dxnwellness.eu\/pl\/wp-json\/wp\/v2\/product_cat?post=5072"},{"taxonomy":"product_tag","embeddable":true,"href":"https:\/\/www.dxnwellness.eu\/pl\/wp-json\/wp\/v2\/product_tag?post=5072"}],"curies":[{"name":"wp","href":"https:\/\/api.w.org\/{rel}","templated":true}]}}