{"id":5070,"date":"2025-05-19T04:32:12","date_gmt":"2025-05-19T04:32:12","guid":{"rendered":"https:\/\/www.dxnwellness.eu\/pl\/product\/dxn-lemonzhi\/"},"modified":"2025-10-20T08:44:18","modified_gmt":"2025-10-20T08:44:18","slug":"dxn-lemonzhi","status":"publish","type":"product","link":"https:\/\/www.dxnwellness.eu\/pl\/product\/dxn-lemonzhi\/","title":{"rendered":"DXN Lemonzhi"},"content":{"rendered":"<p>Orze\u017awiaj\u0105ca mieszanka czarnej herbaty, cytryny i Ganodermy<\/p>\n<p data-start=\"271\" data-end=\"572\">DXN Lemonzhi to wyj\u0105tkowy nap\u00f3j \u0142\u0105cz\u0105cy \u0142agodny smak czarnej herbaty z cytrusow\u0105 nut\u0105 proszku z cytrynowej sk\u00f3rki oraz dodatkiem Ganoderma lucidum (grzyb Reishi). To wszechstronny nap\u00f3j, kt\u00f3ry mo\u017cesz pi\u0107 na ciep\u0142o \u2013 dla rozgrzania i chwili relaksu \u2013 lub na zimno, jako orze\u017awienie w cieplejsze dni. \u015awietnie sprawdzi si\u0119 o ka\u017cdej porze roku \u2013 niezale\u017cnie od tego, czy pijesz go sam, czy dzielisz si\u0119 nim z rodzin\u0105.<\/p>\n<p>Orze\u017awiaj\u0105cy i uniwersalny: Idealny zar\u00f3wno na ciep\u0142o, jak i na zimno \u2013 z cytrusow\u0105 \u015bwie\u017co\u015bci\u0105 i delikatnym smakiem herbaty.<br \/>\nZ dodatkiem Ganodermy: Wzbogacony proszkiem Ganoderma lucidum, cenionym w tradycyjnych recepturach \u2013 dla codziennej r\u00f3wnowagi i komfortu.<br \/>\nDla ca\u0142ej rodziny: Lekki, smaczny nap\u00f3j odpowiedni dla os\u00f3b w ka\u017cdym wieku \u2013 \u015bwietny na co dzie\u0144 i na wyj\u0105tkowe okazje.<\/p>\n","protected":false},"excerpt":{"rendered":"<p>Orze\u017awiaj\u0105ca mieszanka czarnej herbaty, cytryny i Ganodermy DXN Lemonzhi to wyj\u0105tkowy nap\u00f3j \u0142\u0105cz\u0105cy \u0142agodny smak czarnej herbaty z cytrusow\u0105 nut\u0105 proszku z cytrynowej sk\u00f3rki oraz dodatkiem Ganoderma lucidum (grzyb Reishi). To wszechstronny nap\u00f3j, kt\u00f3ry mo\u017cesz pi\u0107 na ciep\u0142o \u2013 dla rozgrzania i chwili relaksu \u2013 lub na zimno, jako orze\u017awienie w cieplejsze dni. \u015awietnie sprawdzi [&hellip;]<\/p>\n","protected":false},"featured_media":5226,"comment_status":"open","ping_status":"closed","template":"","meta":{"_acf_changed":false},"product_brand":[],"product_cat":[324],"product_tag":[],"class_list":{"0":"post-5070","1":"product","2":"type-product","3":"status-publish","4":"has-post-thumbnail","6":"product_cat-kategoria-herbaty","7":"pa_package-20-saszetek-x-22-g","9":"first","10":"instock","11":"purchasable","12":"product-type-simple"},"acf":[],"_links":{"self":[{"href":"https:\/\/www.dxnwellness.eu\/pl\/wp-json\/wp\/v2\/product\/5070","targetHints":{"allow":["GET"]}}],"collection":[{"href":"https:\/\/www.dxnwellness.eu\/pl\/wp-json\/wp\/v2\/product"}],"about":[{"href":"https:\/\/www.dxnwellness.eu\/pl\/wp-json\/wp\/v2\/types\/product"}],"replies":[{"embeddable":true,"href":"https:\/\/www.dxnwellness.eu\/pl\/wp-json\/wp\/v2\/comments?post=5070"}],"wp:featuredmedia":[{"embeddable":true,"href":"https:\/\/www.dxnwellness.eu\/pl\/wp-json\/wp\/v2\/media\/5226"}],"wp:attachment":[{"href":"https:\/\/www.dxnwellness.eu\/pl\/wp-json\/wp\/v2\/media?parent=5070"}],"wp:term":[{"taxonomy":"product_brand","embeddable":true,"href":"https:\/\/www.dxnwellness.eu\/pl\/wp-json\/wp\/v2\/product_brand?post=5070"},{"taxonomy":"product_cat","embeddable":true,"href":"https:\/\/www.dxnwellness.eu\/pl\/wp-json\/wp\/v2\/product_cat?post=5070"},{"taxonomy":"product_tag","embeddable":true,"href":"https:\/\/www.dxnwellness.eu\/pl\/wp-json\/wp\/v2\/product_tag?post=5070"}],"curies":[{"name":"wp","href":"https:\/\/api.w.org\/{rel}","templated":true}]}}