{"id":5068,"date":"2025-05-19T04:32:12","date_gmt":"2025-05-19T04:32:12","guid":{"rendered":"https:\/\/www.dxnwellness.eu\/pl\/product\/dxn-spica-tea\/"},"modified":"2025-10-20T08:40:02","modified_gmt":"2025-10-20T08:40:02","slug":"dxn-spica-tea","status":"publish","type":"product","link":"https:\/\/www.dxnwellness.eu\/pl\/product\/dxn-spica-tea\/","title":{"rendered":"DXN Spica Tea"},"content":{"rendered":"<p>Uspokajaj\u0105ca mieszanka zio\u0142owa z Ganoderm\u0105<br \/>\nDXN Spica Tea to \u0142agodny, bezkofeinowy nap\u00f3j zio\u0142owy przygotowany z owoc\u00f3w kolc\u00f3w ro\u015bliny Spica prunella &#8211; tradycyjnego chi\u0144skiego zio\u0142a &#8211; wzbogacony proszkiem Ganoderma lucidum (grzyb Reishi). Ta wyj\u0105tkowa mieszanka oferuje delikatny, zio\u0142owy smak i bogactwo naturalnych sk\u0142adnik\u00f3w, kt\u00f3re wspieraj\u0105 relaks i dobre samopoczucie. Idealna na momenty wyciszenia po ci\u0119\u017ckim dniu, DXN Spica Tea pomaga si\u0119 zrelaksowa\u0107 i cieszy\u0107 chwil\u0105 spokoju. Poczuj koj\u0105cy efekt ka\u017cdej fili\u017canki!<\/p>\n<p>Zio\u0142owa i bezkofeinowa: Zawiera Spica prunella, Pericarpium citri reticulatae, Herba menthae, Radix glycyrrhizae oraz proszek Ganoderma lucidum (grzyb Reishi).<br \/>\nRelaks i ukojenie: \u015awietna na chwile, gdy potrzebujesz wyciszenia &#8211; pomaga uspokoi\u0107 umys\u0142 i cia\u0142o, przynosz\u0105c komfort i r\u00f3wnowag\u0119.<br \/>\nNaturalne sk\u0142adniki: Wzbogacona lukrecj\u0105 i innymi naturalnymi zio\u0142ami, ta herbata \u0142\u0105czy zalety tradycyjnej medycyny chi\u0144skiej z przyjemno\u015bci\u0105 smaku.<\/p>\n<p>Uwaga: Zawiera lukrecj\u0119, wi\u0119c osoby z nadci\u015bnieniem powinny kontrolowa\u0107 ilo\u015b\u0107 spo\u017cywanej herbaty.<\/p>\n","protected":false},"excerpt":{"rendered":"<p>Uspokajaj\u0105ca mieszanka zio\u0142owa z Ganoderm\u0105 DXN Spica Tea to \u0142agodny, bezkofeinowy nap\u00f3j zio\u0142owy przygotowany z owoc\u00f3w kolc\u00f3w ro\u015bliny Spica prunella &#8211; tradycyjnego chi\u0144skiego zio\u0142a &#8211; wzbogacony proszkiem Ganoderma lucidum (grzyb Reishi). Ta wyj\u0105tkowa mieszanka oferuje delikatny, zio\u0142owy smak i bogactwo naturalnych sk\u0142adnik\u00f3w, kt\u00f3re wspieraj\u0105 relaks i dobre samopoczucie. Idealna na momenty wyciszenia po ci\u0119\u017ckim dniu, [&hellip;]<\/p>\n","protected":false},"featured_media":5225,"comment_status":"open","ping_status":"closed","template":"","meta":{"_acf_changed":false},"product_brand":[],"product_cat":[324],"product_tag":[],"class_list":{"0":"post-5068","1":"product","2":"type-product","3":"status-publish","4":"has-post-thumbnail","6":"product_cat-kategoria-herbaty","7":"pa_package-20-saszetek-naparu-x-5-g","9":"first","10":"instock","11":"purchasable","12":"product-type-simple"},"acf":[],"_links":{"self":[{"href":"https:\/\/www.dxnwellness.eu\/pl\/wp-json\/wp\/v2\/product\/5068","targetHints":{"allow":["GET"]}}],"collection":[{"href":"https:\/\/www.dxnwellness.eu\/pl\/wp-json\/wp\/v2\/product"}],"about":[{"href":"https:\/\/www.dxnwellness.eu\/pl\/wp-json\/wp\/v2\/types\/product"}],"replies":[{"embeddable":true,"href":"https:\/\/www.dxnwellness.eu\/pl\/wp-json\/wp\/v2\/comments?post=5068"}],"wp:featuredmedia":[{"embeddable":true,"href":"https:\/\/www.dxnwellness.eu\/pl\/wp-json\/wp\/v2\/media\/5225"}],"wp:attachment":[{"href":"https:\/\/www.dxnwellness.eu\/pl\/wp-json\/wp\/v2\/media?parent=5068"}],"wp:term":[{"taxonomy":"product_brand","embeddable":true,"href":"https:\/\/www.dxnwellness.eu\/pl\/wp-json\/wp\/v2\/product_brand?post=5068"},{"taxonomy":"product_cat","embeddable":true,"href":"https:\/\/www.dxnwellness.eu\/pl\/wp-json\/wp\/v2\/product_cat?post=5068"},{"taxonomy":"product_tag","embeddable":true,"href":"https:\/\/www.dxnwellness.eu\/pl\/wp-json\/wp\/v2\/product_tag?post=5068"}],"curies":[{"name":"wp","href":"https:\/\/api.w.org\/{rel}","templated":true}]}}