{"id":5066,"date":"2025-05-19T04:32:12","date_gmt":"2025-05-19T04:32:12","guid":{"rendered":"https:\/\/www.dxnwellness.eu\/pl\/product\/dxn-lions-mane-oocha\/"},"modified":"2025-10-20T08:34:14","modified_gmt":"2025-10-20T08:34:14","slug":"dxn-lions-mane-oocha","status":"publish","type":"product","link":"https:\/\/www.dxnwellness.eu\/pl\/product\/dxn-lions-mane-oocha\/","title":{"rendered":"DXN Lion&#8217;s Mane Oocha"},"content":{"rendered":"<p>Orze\u017awiaj\u0105ce po\u0142\u0105czenie herbaty Oolong i Lion&#8217;s Mane<\/p>\n<p data-start=\"206\" data-end=\"523\">DXN Lion\u2019s Mane Oocha to harmonijna mieszanka herbaty Oolong, proszku z grzyba Lion\u2019s Mane (Hericium erinaceus), bezmlecznej \u015bmietanki i cukru, kt\u00f3ra tworzy wyj\u0105tkowe doznania smakowe. Dzi\u0119ki charakterystycznemu aromatowi i \u0142agodnemu smakowi, ta niecodzienna herbata pozwala na chwil\u0119 relaksu i od\u015bwie\u017cenia zmys\u0142\u00f3w. Ciesz si\u0119 po\u0142\u0105czeniem subtelnej herbaty Oolong z naturalnym proszkiem Lion\u2019s Mane \u2013 nap\u00f3j, kt\u00f3ry doskonale \u0142\u0105czy smak z codziennym komfortem i odpr\u0119\u017ceniem.<\/p>\n<p>Unikalne po\u0142\u0105czenie smak\u00f3w: G\u0142adki smak herbaty Oolong zmieszany z proszkiem z grzyba Lion\u2019s Mane tworzy aromatyczn\u0105, orze\u017awiaj\u0105c\u0105 herbat\u0119, kt\u00f3ra spodoba si\u0119 tym, kt\u00f3rzy szukaj\u0105 niekonwencjonalnego, ale koj\u0105cego napoju.<br \/>\nRelaks i regeneracja: Idealna na moment wytchnienia, pozwala si\u0119 zrelaksowa\u0107 i nabra\u0107 energii, \u0142\u0105cz\u0105c przyjemno\u015b\u0107 picia herbaty z warto\u015bciami naturalnych sk\u0142adnik\u00f3w.<br \/>\nOrze\u017awiaj\u0105ce doznania: \u015awietna propozycja na przerw\u0119 w ci\u0105gu dnia \u2013 ka\u017cda fili\u017canka DXN Lion\u2019s Mane Oocha przynosi przyjemne, orze\u017awiaj\u0105ce doznania.<\/p>\n","protected":false},"excerpt":{"rendered":"<p>Orze\u017awiaj\u0105ce po\u0142\u0105czenie herbaty Oolong i Lion&#8217;s Mane DXN Lion\u2019s Mane Oocha to harmonijna mieszanka herbaty Oolong, proszku z grzyba Lion\u2019s Mane (Hericium erinaceus), bezmlecznej \u015bmietanki i cukru, kt\u00f3ra tworzy wyj\u0105tkowe doznania smakowe. Dzi\u0119ki charakterystycznemu aromatowi i \u0142agodnemu smakowi, ta niecodzienna herbata pozwala na chwil\u0119 relaksu i od\u015bwie\u017cenia zmys\u0142\u00f3w. Ciesz si\u0119 po\u0142\u0105czeniem subtelnej herbaty Oolong z [&hellip;]<\/p>\n","protected":false},"featured_media":5224,"comment_status":"open","ping_status":"closed","template":"","meta":{"_acf_changed":false},"product_brand":[],"product_cat":[324],"product_tag":[],"class_list":{"0":"post-5066","1":"product","2":"type-product","3":"status-publish","4":"has-post-thumbnail","6":"product_cat-kategoria-herbaty","7":"pa_package-12-szaszetek-x-30-g","9":"first","10":"instock","11":"purchasable","12":"product-type-simple"},"acf":[],"_links":{"self":[{"href":"https:\/\/www.dxnwellness.eu\/pl\/wp-json\/wp\/v2\/product\/5066","targetHints":{"allow":["GET"]}}],"collection":[{"href":"https:\/\/www.dxnwellness.eu\/pl\/wp-json\/wp\/v2\/product"}],"about":[{"href":"https:\/\/www.dxnwellness.eu\/pl\/wp-json\/wp\/v2\/types\/product"}],"replies":[{"embeddable":true,"href":"https:\/\/www.dxnwellness.eu\/pl\/wp-json\/wp\/v2\/comments?post=5066"}],"wp:featuredmedia":[{"embeddable":true,"href":"https:\/\/www.dxnwellness.eu\/pl\/wp-json\/wp\/v2\/media\/5224"}],"wp:attachment":[{"href":"https:\/\/www.dxnwellness.eu\/pl\/wp-json\/wp\/v2\/media?parent=5066"}],"wp:term":[{"taxonomy":"product_brand","embeddable":true,"href":"https:\/\/www.dxnwellness.eu\/pl\/wp-json\/wp\/v2\/product_brand?post=5066"},{"taxonomy":"product_cat","embeddable":true,"href":"https:\/\/www.dxnwellness.eu\/pl\/wp-json\/wp\/v2\/product_cat?post=5066"},{"taxonomy":"product_tag","embeddable":true,"href":"https:\/\/www.dxnwellness.eu\/pl\/wp-json\/wp\/v2\/product_tag?post=5066"}],"curies":[{"name":"wp","href":"https:\/\/api.w.org\/{rel}","templated":true}]}}