{"id":5064,"date":"2025-05-19T04:32:12","date_gmt":"2025-05-19T04:32:12","guid":{"rendered":"https:\/\/www.dxnwellness.eu\/pl\/product\/dxn-zhitea\/"},"modified":"2025-10-20T08:29:47","modified_gmt":"2025-10-20T08:29:47","slug":"dxn-zhitea","status":"publish","type":"product","link":"https:\/\/www.dxnwellness.eu\/pl\/product\/dxn-zhitea\/","title":{"rendered":"DXN Zhitea"},"content":{"rendered":"<p>Wyrazista, aromatyczna fermentowana czarna herbata<br \/>\nDXN Zhitea to wyj\u0105tkowa, li\u015bciasta czarna herbata fermentowana, kt\u00f3ra zachwyca mocnym i pe\u0142nym charakteru smakiem. Idealna dla os\u00f3b, kt\u00f3re ceni\u0105 sobie intensywny aromat i zdecydowany smak herbaty.<\/p>\n<p data-start=\"359\" data-end=\"643\">Dzi\u0119ki g\u0142\u0119bokiemu aromatowi i wyrazistemu profilowi smakowemu, DXN Zhitea doskonale sprawdzi si\u0119 zar\u00f3wno podczas chwil relaksu, jak i w towarzystwie rodziny czy przyjaci\u00f3\u0142. Niezale\u017cnie od tego, czy pijesz j\u0105 solo, czy z dodatkiem s\u0142odyczy, ka\u017cda fili\u017canka przynosi wyj\u0105tkowe doznania.<\/p>\n<p>Bogaty, wyrazisty smak: Fermentowana czarna herbata li\u015bciasta o mocnym i charakterystycznym smaku, stworzona z my\u015bl\u0105 o prawdziwych mi\u0142o\u015bnikach herbaty.<br \/>\nAromatyczna i pobudzaj\u0105ca zmys\u0142y: Urzekaj\u0105cy aromat sprawia, \u017ce to idealny wyb\u00f3r na moment odpr\u0119\u017cenia po dniu pe\u0142nym wyzwa\u0144 lub podczas spotka\u0144 towarzyskich.<br \/>\nIdealna dla mi\u0142o\u015bnik\u00f3w herbaty: \u015awietna do relaksu i dzielenia si\u0119 \u2013 herbat\u0119 DXN Zhitea doceni\u0105 wszyscy, kt\u00f3rzy lubi\u0105 prawdziwe, pe\u0142ne do\u015bwiadczenie herbaciane.<\/p>\n","protected":false},"excerpt":{"rendered":"<p>Wyrazista, aromatyczna fermentowana czarna herbata DXN Zhitea to wyj\u0105tkowa, li\u015bciasta czarna herbata fermentowana, kt\u00f3ra zachwyca mocnym i pe\u0142nym charakteru smakiem. Idealna dla os\u00f3b, kt\u00f3re ceni\u0105 sobie intensywny aromat i zdecydowany smak herbaty. Dzi\u0119ki g\u0142\u0119bokiemu aromatowi i wyrazistemu profilowi smakowemu, DXN Zhitea doskonale sprawdzi si\u0119 zar\u00f3wno podczas chwil relaksu, jak i w towarzystwie rodziny czy przyjaci\u00f3\u0142. [&hellip;]<\/p>\n","protected":false},"featured_media":5223,"comment_status":"open","ping_status":"closed","template":"","meta":{"_acf_changed":false},"product_brand":[],"product_cat":[324],"product_tag":[],"class_list":{"0":"post-5064","1":"product","2":"type-product","3":"status-publish","4":"has-post-thumbnail","6":"product_cat-kategoria-herbaty","7":"pa_package-100-g","9":"first","10":"instock","11":"purchasable","12":"product-type-simple"},"acf":[],"_links":{"self":[{"href":"https:\/\/www.dxnwellness.eu\/pl\/wp-json\/wp\/v2\/product\/5064","targetHints":{"allow":["GET"]}}],"collection":[{"href":"https:\/\/www.dxnwellness.eu\/pl\/wp-json\/wp\/v2\/product"}],"about":[{"href":"https:\/\/www.dxnwellness.eu\/pl\/wp-json\/wp\/v2\/types\/product"}],"replies":[{"embeddable":true,"href":"https:\/\/www.dxnwellness.eu\/pl\/wp-json\/wp\/v2\/comments?post=5064"}],"wp:featuredmedia":[{"embeddable":true,"href":"https:\/\/www.dxnwellness.eu\/pl\/wp-json\/wp\/v2\/media\/5223"}],"wp:attachment":[{"href":"https:\/\/www.dxnwellness.eu\/pl\/wp-json\/wp\/v2\/media?parent=5064"}],"wp:term":[{"taxonomy":"product_brand","embeddable":true,"href":"https:\/\/www.dxnwellness.eu\/pl\/wp-json\/wp\/v2\/product_brand?post=5064"},{"taxonomy":"product_cat","embeddable":true,"href":"https:\/\/www.dxnwellness.eu\/pl\/wp-json\/wp\/v2\/product_cat?post=5064"},{"taxonomy":"product_tag","embeddable":true,"href":"https:\/\/www.dxnwellness.eu\/pl\/wp-json\/wp\/v2\/product_tag?post=5064"}],"curies":[{"name":"wp","href":"https:\/\/api.w.org\/{rel}","templated":true}]}}