{"id":5062,"date":"2025-05-19T04:32:12","date_gmt":"2025-05-19T04:32:12","guid":{"rendered":"https:\/\/www.dxnwellness.eu\/pl\/product\/dxn-reishi-gano-tea\/"},"modified":"2025-10-20T08:26:22","modified_gmt":"2025-10-20T08:26:22","slug":"dxn-reishi-gano-tea","status":"publish","type":"product","link":"https:\/\/www.dxnwellness.eu\/pl\/product\/dxn-reishi-gano-tea\/","title":{"rendered":"DXN Reishi Gano Tea"},"content":{"rendered":"<p>Herbata DXN Reishi Gano to wyj\u0105tkowe po\u0142\u0105czenie aromatycznej czarnej herbaty (Camellia sinensis) i naturalnego proszku z grzyba Ganoderma lucidum (Reishi). Ten napar wyr\u00f3\u017cnia si\u0119 \u0142agodnym smakiem, kt\u00f3ry sprawia, \u017ce ka\u017cda chwila z fili\u017cank\u0105 tej herbaty staje si\u0119 okazj\u0105 do relaksu i wyciszenia. Idealna dla os\u00f3b, kt\u00f3re szukaj\u0105 r\u00f3wnowagi i chwili wytchnienia w codziennym zabieganiu, DXN Reishi Gano to nap\u00f3j, kt\u00f3ry dba o Twoje dobre samopoczucie w naturalny spos\u00f3b.<\/p>\n<p>\u0141agodny i g\u0142\u0119boki smak: Czarna herbata harmonijnie \u0142\u0105czy si\u0119 z delikatnymi, ziemistymi nutami Ganodermy, tworz\u0105c wyj\u0105tkowy, koj\u0105cy aromat.<br \/>\nChwila relaksu: \u015awietna na moment wytchnienia \u2013 pozwala si\u0119 zatrzyma\u0107, odpr\u0119\u017cy\u0107 i na chwil\u0119 od\u015bwie\u017cy\u0107.<br \/>\nNaturalne sk\u0142adniki: Wzbogacona grzybem Reishi, kt\u00f3ry od wiek\u00f3w ceniony jest w tradycyjnej medycynie jako warto\u015bciowy sk\u0142adnik wspieraj\u0105cy dobre samopoczucie.<\/p>\n","protected":false},"excerpt":{"rendered":"<p>Herbata DXN Reishi Gano to wyj\u0105tkowe po\u0142\u0105czenie aromatycznej czarnej herbaty (Camellia sinensis) i naturalnego proszku z grzyba Ganoderma lucidum (Reishi). Ten napar wyr\u00f3\u017cnia si\u0119 \u0142agodnym smakiem, kt\u00f3ry sprawia, \u017ce ka\u017cda chwila z fili\u017cank\u0105 tej herbaty staje si\u0119 okazj\u0105 do relaksu i wyciszenia. Idealna dla os\u00f3b, kt\u00f3re szukaj\u0105 r\u00f3wnowagi i chwili wytchnienia w codziennym zabieganiu, DXN [&hellip;]<\/p>\n","protected":false},"featured_media":5222,"comment_status":"open","ping_status":"closed","template":"","meta":{"_acf_changed":false},"product_brand":[],"product_cat":[324],"product_tag":[],"class_list":{"0":"post-5062","1":"product","2":"type-product","3":"status-publish","4":"has-post-thumbnail","6":"product_cat-kategoria-herbaty","7":"pa_package-20-saszetek-naparu-x-2-g","9":"first","10":"instock","11":"purchasable","12":"product-type-simple"},"acf":[],"_links":{"self":[{"href":"https:\/\/www.dxnwellness.eu\/pl\/wp-json\/wp\/v2\/product\/5062","targetHints":{"allow":["GET"]}}],"collection":[{"href":"https:\/\/www.dxnwellness.eu\/pl\/wp-json\/wp\/v2\/product"}],"about":[{"href":"https:\/\/www.dxnwellness.eu\/pl\/wp-json\/wp\/v2\/types\/product"}],"replies":[{"embeddable":true,"href":"https:\/\/www.dxnwellness.eu\/pl\/wp-json\/wp\/v2\/comments?post=5062"}],"wp:featuredmedia":[{"embeddable":true,"href":"https:\/\/www.dxnwellness.eu\/pl\/wp-json\/wp\/v2\/media\/5222"}],"wp:attachment":[{"href":"https:\/\/www.dxnwellness.eu\/pl\/wp-json\/wp\/v2\/media?parent=5062"}],"wp:term":[{"taxonomy":"product_brand","embeddable":true,"href":"https:\/\/www.dxnwellness.eu\/pl\/wp-json\/wp\/v2\/product_brand?post=5062"},{"taxonomy":"product_cat","embeddable":true,"href":"https:\/\/www.dxnwellness.eu\/pl\/wp-json\/wp\/v2\/product_cat?post=5062"},{"taxonomy":"product_tag","embeddable":true,"href":"https:\/\/www.dxnwellness.eu\/pl\/wp-json\/wp\/v2\/product_tag?post=5062"}],"curies":[{"name":"wp","href":"https:\/\/api.w.org\/{rel}","templated":true}]}}