{"id":5058,"date":"2025-05-19T04:32:12","date_gmt":"2025-05-19T04:32:12","guid":{"rendered":"https:\/\/www.dxnwellness.eu\/pl\/product\/dxn-lions-mane-coffee\/"},"modified":"2025-10-20T07:51:42","modified_gmt":"2025-10-20T07:51:42","slug":"dxn-lions-mane-coffee","status":"publish","type":"product","link":"https:\/\/www.dxnwellness.eu\/pl\/product\/dxn-lions-mane-coffee\/","title":{"rendered":"DXN Lion&#8217;s Mane Coffee"},"content":{"rendered":"<p>Kawa DXN Lion&#8217;s Mane oferuje zachwycaj\u0105ce po\u0142\u0105czenie bogatej kawy, g\u0142adkiej \u015bmietanki bezmlecznej i naturalnych korzy\u015bci z proszku z grzyba Lion&#8217;s Mane (Hericium erinaceus). Dzi\u0119ki swojemu zach\u0119caj\u0105cemu aromatowi i wyj\u0105tkowemu smakowi kawa ta jest idealna dla tych, kt\u00f3rzy szukaj\u0105 wyj\u0105tkowego i od\u017cywczego do\u015bwiadczenia kawowego. Niezale\u017cnie od tego, czy szukasz porannego zastrzyku energii, czy koj\u0105cego napoju do delektowania si\u0119 przez ca\u0142y dzie\u0144, kawa Lion&#8217;s Mane zapewnia fili\u017cank\u0119 czystej satysfakcji.<\/p>\n<p>Bogaty, aromatyczny smak: starannie skomponowana mieszanka kawy rozpuszczalnej, cukru trzcinowego i ro\u015blinnego zamiennika \u015bmietanki zapewnia wyj\u0105tkowo g\u0142adk\u0105, pe\u0142n\u0105 aromatu fili\u017cank\u0119 kawy.<br \/>\nWzbogacona o Lion\u2019s Mane: wzbogacona ekstraktem z grzyba Lion\u2019s Mane, znanego ze swojego korzystnego wp\u0142ywu na koncentracj\u0119 i funkcje poznawcze. To nie tylko kawa \u2013 to porcja codziennego wsparcia dla umys\u0142u.<br \/>\nDoskona\u0142a o ka\u017cdej porze: \u015bwietna na dobry pocz\u0105tek dnia lub jako chwila wytchnienia w ci\u0105gu dnia. Ta kawa dodaje energii, poprawia skupienie i smakuje wy\u015bmienicie, kiedy tylko jej potrzebujesz.<\/p>\n","protected":false},"excerpt":{"rendered":"<p>Kawa DXN Lion&#8217;s Mane oferuje zachwycaj\u0105ce po\u0142\u0105czenie bogatej kawy, g\u0142adkiej \u015bmietanki bezmlecznej i naturalnych korzy\u015bci z proszku z grzyba Lion&#8217;s Mane (Hericium erinaceus). Dzi\u0119ki swojemu zach\u0119caj\u0105cemu aromatowi i wyj\u0105tkowemu smakowi kawa ta jest idealna dla tych, kt\u00f3rzy szukaj\u0105 wyj\u0105tkowego i od\u017cywczego do\u015bwiadczenia kawowego. Niezale\u017cnie od tego, czy szukasz porannego zastrzyku energii, czy koj\u0105cego napoju do [&hellip;]<\/p>\n","protected":false},"featured_media":5220,"comment_status":"open","ping_status":"closed","template":"","meta":{"_acf_changed":false},"product_brand":[],"product_cat":[316],"product_tag":[],"class_list":{"0":"post-5058","1":"product","2":"type-product","3":"status-publish","4":"has-post-thumbnail","6":"product_cat-kategoria-kawy","7":"pa_package-20-saszetek-x-21-g","9":"first","10":"instock","11":"purchasable","12":"product-type-simple"},"acf":[],"_links":{"self":[{"href":"https:\/\/www.dxnwellness.eu\/pl\/wp-json\/wp\/v2\/product\/5058","targetHints":{"allow":["GET"]}}],"collection":[{"href":"https:\/\/www.dxnwellness.eu\/pl\/wp-json\/wp\/v2\/product"}],"about":[{"href":"https:\/\/www.dxnwellness.eu\/pl\/wp-json\/wp\/v2\/types\/product"}],"replies":[{"embeddable":true,"href":"https:\/\/www.dxnwellness.eu\/pl\/wp-json\/wp\/v2\/comments?post=5058"}],"wp:featuredmedia":[{"embeddable":true,"href":"https:\/\/www.dxnwellness.eu\/pl\/wp-json\/wp\/v2\/media\/5220"}],"wp:attachment":[{"href":"https:\/\/www.dxnwellness.eu\/pl\/wp-json\/wp\/v2\/media?parent=5058"}],"wp:term":[{"taxonomy":"product_brand","embeddable":true,"href":"https:\/\/www.dxnwellness.eu\/pl\/wp-json\/wp\/v2\/product_brand?post=5058"},{"taxonomy":"product_cat","embeddable":true,"href":"https:\/\/www.dxnwellness.eu\/pl\/wp-json\/wp\/v2\/product_cat?post=5058"},{"taxonomy":"product_tag","embeddable":true,"href":"https:\/\/www.dxnwellness.eu\/pl\/wp-json\/wp\/v2\/product_tag?post=5058"}],"curies":[{"name":"wp","href":"https:\/\/api.w.org\/{rel}","templated":true}]}}