{"id":5056,"date":"2025-05-19T04:32:12","date_gmt":"2025-05-19T04:32:12","guid":{"rendered":"https:\/\/www.dxnwellness.eu\/pl\/product\/dxn-cordyceps-coffee-3in1\/"},"modified":"2025-10-20T07:33:25","modified_gmt":"2025-10-20T07:33:25","slug":"dxn-cordyceps-coffee-3in1","status":"publish","type":"product","link":"https:\/\/www.dxnwellness.eu\/pl\/product\/dxn-cordyceps-coffee-3in1\/","title":{"rendered":"DXN Cordyceps Coffee 3in1"},"content":{"rendered":"<p>DXN Cordyceps Coffee 3in1 oferuje pe\u0142ne, aromatyczne doznania kawowe, kt\u00f3re doceni\u0105 mi\u0142o\u015bnicy kawy. Ta wygodna mieszanka 3 w 1 \u0142\u0105czy kaw\u0119 rozpuszczaln\u0105, cukier trzcinowy i \u015bmietank\u0119 bezmleczn\u0105, aby uzyska\u0107 g\u0142adk\u0105, kremow\u0105 konsystencj\u0119 i delikatn\u0105 s\u0142odycz. Wzbogacona naturalnymi korzy\u015bciami proszku Cordyceps sinensis, ta kawa zapewnia aromatyczny i energetyzuj\u0105cy pocz\u0105tek dnia lub orze\u017awiaj\u0105cy zastrzyk energii, kiedy tylko tego potrzebujesz. Ciesz si\u0119 idealn\u0105 mieszank\u0105 smaku, kremowej konsystencji i zastrzykiem energii z Cordyceps dzi\u0119ki DXN Cordyceps Coffee 3in1.<\/p>\n","protected":false},"excerpt":{"rendered":"<p>DXN Cordyceps Coffee 3in1 oferuje pe\u0142ne, aromatyczne doznania kawowe, kt\u00f3re doceni\u0105 mi\u0142o\u015bnicy kawy. Ta wygodna mieszanka 3 w 1 \u0142\u0105czy kaw\u0119 rozpuszczaln\u0105, cukier trzcinowy i \u015bmietank\u0119 bezmleczn\u0105, aby uzyska\u0107 g\u0142adk\u0105, kremow\u0105 konsystencj\u0119 i delikatn\u0105 s\u0142odycz. Wzbogacona naturalnymi korzy\u015bciami proszku Cordyceps sinensis, ta kawa zapewnia aromatyczny i energetyzuj\u0105cy pocz\u0105tek dnia lub orze\u017awiaj\u0105cy zastrzyk energii, kiedy tylko [&hellip;]<\/p>\n","protected":false},"featured_media":5219,"comment_status":"open","ping_status":"closed","template":"","meta":{"_acf_changed":false},"product_brand":[],"product_cat":[316],"product_tag":[],"class_list":{"0":"post-5056","1":"product","2":"type-product","3":"status-publish","4":"has-post-thumbnail","6":"product_cat-kategoria-kawy","7":"pa_package-20-saszetek-x-21-g","9":"first","10":"instock","11":"purchasable","12":"product-type-simple"},"acf":[],"_links":{"self":[{"href":"https:\/\/www.dxnwellness.eu\/pl\/wp-json\/wp\/v2\/product\/5056","targetHints":{"allow":["GET"]}}],"collection":[{"href":"https:\/\/www.dxnwellness.eu\/pl\/wp-json\/wp\/v2\/product"}],"about":[{"href":"https:\/\/www.dxnwellness.eu\/pl\/wp-json\/wp\/v2\/types\/product"}],"replies":[{"embeddable":true,"href":"https:\/\/www.dxnwellness.eu\/pl\/wp-json\/wp\/v2\/comments?post=5056"}],"wp:featuredmedia":[{"embeddable":true,"href":"https:\/\/www.dxnwellness.eu\/pl\/wp-json\/wp\/v2\/media\/5219"}],"wp:attachment":[{"href":"https:\/\/www.dxnwellness.eu\/pl\/wp-json\/wp\/v2\/media?parent=5056"}],"wp:term":[{"taxonomy":"product_brand","embeddable":true,"href":"https:\/\/www.dxnwellness.eu\/pl\/wp-json\/wp\/v2\/product_brand?post=5056"},{"taxonomy":"product_cat","embeddable":true,"href":"https:\/\/www.dxnwellness.eu\/pl\/wp-json\/wp\/v2\/product_cat?post=5056"},{"taxonomy":"product_tag","embeddable":true,"href":"https:\/\/www.dxnwellness.eu\/pl\/wp-json\/wp\/v2\/product_tag?post=5056"}],"curies":[{"name":"wp","href":"https:\/\/api.w.org\/{rel}","templated":true}]}}