{"id":5054,"date":"2025-05-19T04:32:12","date_gmt":"2025-05-19T04:32:12","guid":{"rendered":"https:\/\/www.dxnwellness.eu\/pl\/product\/dxn-maca-eucafe\/"},"modified":"2025-10-20T08:21:57","modified_gmt":"2025-10-20T08:21:57","slug":"dxn-maca-eucafe","status":"publish","type":"product","link":"https:\/\/www.dxnwellness.eu\/pl\/product\/dxn-maca-eucafe\/","title":{"rendered":"DXN Maca EuCafe"},"content":{"rendered":"<p>Odkryj niesamowity smak DXN Maca EuCafe \u2013 starannie skomponowanej mieszanki kawy rozpuszczalnej, bezmlecznej \u015bmietanki i proszku z korzenia Maca (Lepidium meyenii). Ta aromatyczna kawa, s\u0142odzona cukrem trzcinowym, zachwyca swoj\u0105 delikatno\u015bci\u0105 i pe\u0142nym, g\u0142adkim smakiem. Si\u0119gnij po DXN Maca EuCafe, je\u015bli szukasz pysznej, \u0142atwej w przygotowaniu kawy, kt\u00f3ra \u0142\u0105czy smak i codzienny rytua\u0142 z inspiracj\u0105 p\u0142yn\u0105c\u0105 z natury<\/p>\n<p>Unikalny profil smakowy: Po\u0142\u0105czenie kawy rozpuszczalnej, proszku Maca i bezmlecznej \u015bmietanki tworzy delikatn\u0105, kremow\u0105 i aromatyczn\u0105 fili\u017cank\u0119.<br \/>\nNaturalne sk\u0142adniki: Zawiera proszek z korzenia maca oraz cukier trzcinowy \u2013 dla naturalnie zbalansowanego smaku.<br \/>\nWygodne przygotowanie: Szybki spos\u00f3b na delektowanie si\u0119 kaw\u0105 \u2013 wystarczy zala\u0107 i wymiesza\u0107, by cieszy\u0107 si\u0119 pysznym napojem w ka\u017cdej chwili.<\/p>\n","protected":false},"excerpt":{"rendered":"<p>Odkryj niesamowity smak DXN Maca EuCafe \u2013 starannie skomponowanej mieszanki kawy rozpuszczalnej, bezmlecznej \u015bmietanki i proszku z korzenia Maca (Lepidium meyenii). Ta aromatyczna kawa, s\u0142odzona cukrem trzcinowym, zachwyca swoj\u0105 delikatno\u015bci\u0105 i pe\u0142nym, g\u0142adkim smakiem. Si\u0119gnij po DXN Maca EuCafe, je\u015bli szukasz pysznej, \u0142atwej w przygotowaniu kawy, kt\u00f3ra \u0142\u0105czy smak i codzienny rytua\u0142 z inspiracj\u0105 p\u0142yn\u0105c\u0105 [&hellip;]<\/p>\n","protected":false},"featured_media":5218,"comment_status":"open","ping_status":"closed","template":"","meta":{"_acf_changed":false},"product_brand":[],"product_cat":[316],"product_tag":[],"class_list":{"0":"post-5054","1":"product","2":"type-product","3":"status-publish","4":"has-post-thumbnail","6":"product_cat-kategoria-kawy","7":"pa_package-20-saszetek-x-21-g","9":"first","10":"instock","11":"purchasable","12":"product-type-simple"},"acf":[],"_links":{"self":[{"href":"https:\/\/www.dxnwellness.eu\/pl\/wp-json\/wp\/v2\/product\/5054","targetHints":{"allow":["GET"]}}],"collection":[{"href":"https:\/\/www.dxnwellness.eu\/pl\/wp-json\/wp\/v2\/product"}],"about":[{"href":"https:\/\/www.dxnwellness.eu\/pl\/wp-json\/wp\/v2\/types\/product"}],"replies":[{"embeddable":true,"href":"https:\/\/www.dxnwellness.eu\/pl\/wp-json\/wp\/v2\/comments?post=5054"}],"wp:featuredmedia":[{"embeddable":true,"href":"https:\/\/www.dxnwellness.eu\/pl\/wp-json\/wp\/v2\/media\/5218"}],"wp:attachment":[{"href":"https:\/\/www.dxnwellness.eu\/pl\/wp-json\/wp\/v2\/media?parent=5054"}],"wp:term":[{"taxonomy":"product_brand","embeddable":true,"href":"https:\/\/www.dxnwellness.eu\/pl\/wp-json\/wp\/v2\/product_brand?post=5054"},{"taxonomy":"product_cat","embeddable":true,"href":"https:\/\/www.dxnwellness.eu\/pl\/wp-json\/wp\/v2\/product_cat?post=5054"},{"taxonomy":"product_tag","embeddable":true,"href":"https:\/\/www.dxnwellness.eu\/pl\/wp-json\/wp\/v2\/product_tag?post=5054"}],"curies":[{"name":"wp","href":"https:\/\/api.w.org\/{rel}","templated":true}]}}