{"id":5052,"date":"2025-05-19T04:32:10","date_gmt":"2025-05-19T04:32:10","guid":{"rendered":"https:\/\/www.dxnwellness.eu\/pl\/product\/dxn-maca-vita-cafe\/"},"modified":"2025-10-20T08:14:53","modified_gmt":"2025-10-20T08:14:53","slug":"dxn-maca-vita-cafe","status":"publish","type":"product","link":"https:\/\/www.dxnwellness.eu\/pl\/product\/dxn-maca-vita-cafe\/","title":{"rendered":"DXN Maca Vita Cafe"},"content":{"rendered":"<p>DXN Maca Vita Cafe to pyszna, energetyzuj\u0105ca mieszanka, kt\u00f3ra \u0142\u0105czy intensywny smak kawy z naturaln\u0105 moc\u0105 Maca, \u017ce\u0144-szenia i Ganoderma lucidum. Wzbogacona bezmleczn\u0105 \u015bmietank\u0105 i cukrem trzcinowym, ta aromatyczna kawa nie tylko pobudza zmys\u0142y, ale te\u017c wspiera witalno\u015b\u0107 i dobre samopoczucie \u2013 dzi\u0119ki tradycyjnym zio\u0142om cenionym od wiek\u00f3w. Rozpocznij dzie\u0144 fili\u017cank\u0105 DXN Maca Vita Caf\u00e9 \u2013 idealnym po\u0142\u0105czeniem wyj\u0105tkowego smaku i naturalnych sk\u0142adnik\u00f3w wspieraj\u0105cych energi\u0119 oraz r\u00f3wnowag\u0119 organizmu.<\/p>\n<p>Bogaty i pe\u0142en smaku: Mieszanka kawy premium, bezmlecznej \u015bmietanki i cukru trzcinowego tworzy g\u0142adk\u0105, pe\u0142n\u0105 aromatu fili\u017cank\u0119.<br \/>\nWzbogacony o Maca i \u017ce\u0144-sze\u0144: Zawiera proszek z korzenia Maca (<em data-start=\"890\" data-end=\"908\">Lepidium meyenii<\/em>) oraz \u017ce\u0144-szenia (<em data-start=\"927\" data-end=\"942\">Panax ginseng<\/em>) &#8211; sk\u0142adniki tradycyjnie stosowane w r\u00f3\u017cnych kulturach ze wzgl\u0119du na swoje w\u0142a\u015bciwo\u015bci energetyzuj\u0105ce i adaptogenne.<br \/>\nZ dodatkiem Ganodermy: Ka\u017cda fili\u017canka wzbogacona jest o proszek z grzyba Ganoderma lucidum, cenionego w tradycyjnych systemach \u017cywieniowych.<\/p>\n","protected":false},"excerpt":{"rendered":"<p>DXN Maca Vita Cafe to pyszna, energetyzuj\u0105ca mieszanka, kt\u00f3ra \u0142\u0105czy intensywny smak kawy z naturaln\u0105 moc\u0105 Maca, \u017ce\u0144-szenia i Ganoderma lucidum. Wzbogacona bezmleczn\u0105 \u015bmietank\u0105 i cukrem trzcinowym, ta aromatyczna kawa nie tylko pobudza zmys\u0142y, ale te\u017c wspiera witalno\u015b\u0107 i dobre samopoczucie \u2013 dzi\u0119ki tradycyjnym zio\u0142om cenionym od wiek\u00f3w. Rozpocznij dzie\u0144 fili\u017cank\u0105 DXN Maca Vita Caf\u00e9 [&hellip;]<\/p>\n","protected":false},"featured_media":5217,"comment_status":"open","ping_status":"closed","template":"","meta":{"_acf_changed":false},"product_brand":[],"product_cat":[316],"product_tag":[],"class_list":{"0":"post-5052","1":"product","2":"type-product","3":"status-publish","4":"has-post-thumbnail","6":"product_cat-kategoria-kawy","7":"pa_package-20-saszetek-x-21-g","9":"first","10":"instock","11":"purchasable","12":"product-type-simple"},"acf":[],"_links":{"self":[{"href":"https:\/\/www.dxnwellness.eu\/pl\/wp-json\/wp\/v2\/product\/5052","targetHints":{"allow":["GET"]}}],"collection":[{"href":"https:\/\/www.dxnwellness.eu\/pl\/wp-json\/wp\/v2\/product"}],"about":[{"href":"https:\/\/www.dxnwellness.eu\/pl\/wp-json\/wp\/v2\/types\/product"}],"replies":[{"embeddable":true,"href":"https:\/\/www.dxnwellness.eu\/pl\/wp-json\/wp\/v2\/comments?post=5052"}],"wp:featuredmedia":[{"embeddable":true,"href":"https:\/\/www.dxnwellness.eu\/pl\/wp-json\/wp\/v2\/media\/5217"}],"wp:attachment":[{"href":"https:\/\/www.dxnwellness.eu\/pl\/wp-json\/wp\/v2\/media?parent=5052"}],"wp:term":[{"taxonomy":"product_brand","embeddable":true,"href":"https:\/\/www.dxnwellness.eu\/pl\/wp-json\/wp\/v2\/product_brand?post=5052"},{"taxonomy":"product_cat","embeddable":true,"href":"https:\/\/www.dxnwellness.eu\/pl\/wp-json\/wp\/v2\/product_cat?post=5052"},{"taxonomy":"product_tag","embeddable":true,"href":"https:\/\/www.dxnwellness.eu\/pl\/wp-json\/wp\/v2\/product_tag?post=5052"}],"curies":[{"name":"wp","href":"https:\/\/api.w.org\/{rel}","templated":true}]}}