{"id":5048,"date":"2025-05-19T04:32:10","date_gmt":"2025-05-19T04:32:10","guid":{"rendered":"https:\/\/www.dxnwellness.eu\/pl\/product\/dxn-white-coffee-zhino\/"},"modified":"2025-10-20T08:04:49","modified_gmt":"2025-10-20T08:04:49","slug":"dxn-white-coffee-zhino","status":"publish","type":"product","link":"https:\/\/www.dxnwellness.eu\/pl\/product\/dxn-white-coffee-zhino\/","title":{"rendered":"DXN White Coffee Zhino"},"content":{"rendered":"<p>DXN White Coffee Zhino to idealny przysmak dla mi\u0142o\u015bnik\u00f3w cappuccino. Ta kremowa mieszanka kawy \u0142\u0105czy w sobie najwy\u017cszej jako\u015bci kaw\u0119 mielon\u0105, proszek Ganoderma lucidum, \u015bmietank\u0119 bezmleczn\u0105 i cukier trzcinowy, tworz\u0105c g\u0142adki, aromatyczny nap\u00f3j. Jej bogaty smak i aromat uzupe\u0142nia delikatna, kremowa pianka na wierzchu, oferuj\u0105c doznania podobne do cappuccino, kt\u00f3rymi mo\u017cesz cieszy\u0107 si\u0119 w ka\u017cdej chwili. Podaruj sobie pyszne cappuccino z dodatkiem Ganodermy z DXN White Coffee Zhino \u2013 idealna kremowa kawa na rozpocz\u0119cie dnia lub na relaksuj\u0105c\u0105 przerw\u0119!<\/p>\n<p>Kremowa i rozkoszna: G\u0142adka, aksamitna kawa z bogat\u0105, kremow\u0105 piank\u0105, kt\u00f3ra wzmacnia doznania.<br \/>\nWzbogacona Ganoderm\u0105: Ka\u017cda fili\u017canka wzbogacona jest Ganoderm\u0105 lucidum, kt\u00f3ra dodaje wyj\u0105tkowego, od\u017cywczego akcentu.<br \/>\nIdealna dla mi\u0142o\u015bnik\u00f3w cappuccino: Ciesz si\u0119 satysfakcjonuj\u0105cym smakiem cappuccino z wygod\u0105 mieszanki kawy rozpuszczalnej.<\/p>\n","protected":false},"excerpt":{"rendered":"<p>DXN White Coffee Zhino to idealny przysmak dla mi\u0142o\u015bnik\u00f3w cappuccino. Ta kremowa mieszanka kawy \u0142\u0105czy w sobie najwy\u017cszej jako\u015bci kaw\u0119 mielon\u0105, proszek Ganoderma lucidum, \u015bmietank\u0119 bezmleczn\u0105 i cukier trzcinowy, tworz\u0105c g\u0142adki, aromatyczny nap\u00f3j. Jej bogaty smak i aromat uzupe\u0142nia delikatna, kremowa pianka na wierzchu, oferuj\u0105c doznania podobne do cappuccino, kt\u00f3rymi mo\u017cesz cieszy\u0107 si\u0119 w ka\u017cdej [&hellip;]<\/p>\n","protected":false},"featured_media":5215,"comment_status":"open","ping_status":"closed","template":"","meta":{"_acf_changed":false},"product_brand":[],"product_cat":[316],"product_tag":[],"class_list":{"0":"post-5048","1":"product","2":"type-product","3":"status-publish","4":"has-post-thumbnail","6":"product_cat-kategoria-kawy","7":"pa_package-12-saszetek-x-28-g","9":"first","10":"instock","11":"purchasable","12":"product-type-simple"},"acf":[],"_links":{"self":[{"href":"https:\/\/www.dxnwellness.eu\/pl\/wp-json\/wp\/v2\/product\/5048","targetHints":{"allow":["GET"]}}],"collection":[{"href":"https:\/\/www.dxnwellness.eu\/pl\/wp-json\/wp\/v2\/product"}],"about":[{"href":"https:\/\/www.dxnwellness.eu\/pl\/wp-json\/wp\/v2\/types\/product"}],"replies":[{"embeddable":true,"href":"https:\/\/www.dxnwellness.eu\/pl\/wp-json\/wp\/v2\/comments?post=5048"}],"wp:featuredmedia":[{"embeddable":true,"href":"https:\/\/www.dxnwellness.eu\/pl\/wp-json\/wp\/v2\/media\/5215"}],"wp:attachment":[{"href":"https:\/\/www.dxnwellness.eu\/pl\/wp-json\/wp\/v2\/media?parent=5048"}],"wp:term":[{"taxonomy":"product_brand","embeddable":true,"href":"https:\/\/www.dxnwellness.eu\/pl\/wp-json\/wp\/v2\/product_brand?post=5048"},{"taxonomy":"product_cat","embeddable":true,"href":"https:\/\/www.dxnwellness.eu\/pl\/wp-json\/wp\/v2\/product_cat?post=5048"},{"taxonomy":"product_tag","embeddable":true,"href":"https:\/\/www.dxnwellness.eu\/pl\/wp-json\/wp\/v2\/product_tag?post=5048"}],"curies":[{"name":"wp","href":"https:\/\/api.w.org\/{rel}","templated":true}]}}