{"id":5045,"date":"2025-05-19T04:32:10","date_gmt":"2025-05-19T04:32:10","guid":{"rendered":"https:\/\/www.dxnwellness.eu\/pl\/product\/dxn-zhi-mocha\/"},"modified":"2025-10-20T08:02:33","modified_gmt":"2025-10-20T08:02:33","slug":"dxn-zhi-mocha","status":"publish","type":"product","link":"https:\/\/www.dxnwellness.eu\/pl\/product\/dxn-zhi-mocha\/","title":{"rendered":"DXN Zhi Mocha"},"content":{"rendered":"<p>DXN Zhi Mocha to idealny przysmak dla mi\u0142o\u015bnik\u00f3w kawy i kakao. Ta bogata i aromatyczna mieszanka \u0142\u0105czy w sobie najwy\u017cszej jako\u015bci kaw\u0119 w proszku, proszek Ganoderma lucidum, kakao w proszku, cukier trzcinowy, ekstrakt s\u0142odu j\u0119czmiennego, odt\u0142uszczone mleko w proszku i \u015bmietank\u0119 bezmleczn\u0105, tworz\u0105c g\u0142adki, aksamitny nap\u00f3j, kt\u00f3ry zaspokoi zar\u00f3wno Twoje pragnienie kawy, jak i s\u0142odyczy. Dla idealnej r\u00f3wnowagi smaku kawy i kakao z dodatkowymi korzy\u015bciami Ganodermy, si\u0119gnij po DXN Zhi Mocha \u2013 pyszny nap\u00f3j, kt\u00f3rym z przyjemno\u015bci\u0105 b\u0119dziesz delektowa\u0107 si\u0119 ka\u017cdego dnia!<\/p>\n<p>Idealna mieszanka: luksusowe po\u0142\u0105czenie smak\u00f3w kawy i kakao, wzbogacone od\u017cywczymi w\u0142a\u015bciwo\u015bciami Ganoderma lucidum.<br \/>\nKremowa i rozpieszczaj\u0105ca: dodatek mleka w proszku i \u015bmietanki bezmlecznej tworzy bogat\u0105, kremow\u0105 konsystencj\u0119, kt\u00f3ra sprawia, \u017ce \u200b\u200bka\u017cdy \u0142yk jest rozkosz\u0105.<br \/>\nZr\u00f3wnowa\u017cona s\u0142odycz: s\u0142odzony naturalnym cukrem trzcinowym, zapewnia zr\u00f3wnowa\u017cony, g\u0142adki smak.<\/p>\n<p>Spos\u00f3b przygotowania: wsypa\u0107 zawarto\u015b\u0107 1 saszetki (21 g) do kubka i wymiesza\u0107 z 200 ml gor\u0105cej wody. Dostosowa\u0107 moc do w\u0142asnych upodoba\u0144, zmieniaj\u0105c stosunek kawy do wody.<\/p>\n","protected":false},"excerpt":{"rendered":"<p>DXN Zhi Mocha to idealny przysmak dla mi\u0142o\u015bnik\u00f3w kawy i kakao. Ta bogata i aromatyczna mieszanka \u0142\u0105czy w sobie najwy\u017cszej jako\u015bci kaw\u0119 w proszku, proszek Ganoderma lucidum, kakao w proszku, cukier trzcinowy, ekstrakt s\u0142odu j\u0119czmiennego, odt\u0142uszczone mleko w proszku i \u015bmietank\u0119 bezmleczn\u0105, tworz\u0105c g\u0142adki, aksamitny nap\u00f3j, kt\u00f3ry zaspokoi zar\u00f3wno Twoje pragnienie kawy, jak i s\u0142odyczy. [&hellip;]<\/p>\n","protected":false},"featured_media":5319,"comment_status":"open","ping_status":"closed","template":"","meta":{"_acf_changed":false},"product_brand":[],"product_cat":[316],"product_tag":[],"class_list":{"0":"post-5045","1":"product","2":"type-product","3":"status-publish","4":"has-post-thumbnail","6":"product_cat-kategoria-kawy","7":"pa_package-20-saszetek-x-21-g","8":"pa_package-mega-pack-1-kg","10":"first","11":"instock","12":"purchasable","13":"product-type-variable"},"acf":[],"_links":{"self":[{"href":"https:\/\/www.dxnwellness.eu\/pl\/wp-json\/wp\/v2\/product\/5045","targetHints":{"allow":["GET"]}}],"collection":[{"href":"https:\/\/www.dxnwellness.eu\/pl\/wp-json\/wp\/v2\/product"}],"about":[{"href":"https:\/\/www.dxnwellness.eu\/pl\/wp-json\/wp\/v2\/types\/product"}],"replies":[{"embeddable":true,"href":"https:\/\/www.dxnwellness.eu\/pl\/wp-json\/wp\/v2\/comments?post=5045"}],"wp:featuredmedia":[{"embeddable":true,"href":"https:\/\/www.dxnwellness.eu\/pl\/wp-json\/wp\/v2\/media\/5319"}],"wp:attachment":[{"href":"https:\/\/www.dxnwellness.eu\/pl\/wp-json\/wp\/v2\/media?parent=5045"}],"wp:term":[{"taxonomy":"product_brand","embeddable":true,"href":"https:\/\/www.dxnwellness.eu\/pl\/wp-json\/wp\/v2\/product_brand?post=5045"},{"taxonomy":"product_cat","embeddable":true,"href":"https:\/\/www.dxnwellness.eu\/pl\/wp-json\/wp\/v2\/product_cat?post=5045"},{"taxonomy":"product_tag","embeddable":true,"href":"https:\/\/www.dxnwellness.eu\/pl\/wp-json\/wp\/v2\/product_tag?post=5045"}],"curies":[{"name":"wp","href":"https:\/\/api.w.org\/{rel}","templated":true}]}}