{"id":5042,"date":"2025-05-19T04:32:10","date_gmt":"2025-05-19T04:32:10","guid":{"rendered":"https:\/\/www.dxnwellness.eu\/pl\/product\/dxn-lingzhi-3in1-eu-coffee\/"},"modified":"2025-10-20T08:00:20","modified_gmt":"2025-10-20T08:00:20","slug":"dxn-lingzhi-3in1-eu-coffee","status":"publish","type":"product","link":"https:\/\/www.dxnwellness.eu\/pl\/product\/dxn-lingzhi-3in1-eu-coffee\/","title":{"rendered":"DXN Lingzhi 3in1 EU Coffee"},"content":{"rendered":"<p data-start=\"122\" data-end=\"580\">DXN Lingzhi 3in1 EU Coffee to idealnie zbalansowana mieszanka kawy rozpuszczalnej, bezmlecznej \u015bmietanki, cukru trzcinowego i proszku Ganoderma lucidum. Ta wygodna formu\u0142a 3 w 1 zapewnia bogaty, aromatyczny smak i kremow\u0105 konsystencj\u0119, kt\u00f3r\u0105 mo\u017cesz cieszy\u0107 si\u0119 o ka\u017cdej porze dnia. Niezale\u017cnie od tego, czy zaczynasz poranek, czy potrzebujesz chwili wytchnienia w ci\u0105gu dnia \u2013 ta kawa jest szybka, \u0142atwa w przygotowaniu i wyj\u0105tkowo satysfakcjonuj\u0105ca.<\/p>\n<p data-start=\"582\" data-end=\"708\">Si\u0119gnij po DXN Lingzhi 3in1 EU Coffee \u2013 pyszn\u0105, kremow\u0105 kaw\u0119, kt\u00f3ra nie tylko smakuje, ale te\u017c wspiera Twoje samopoczucie.<\/p>\n<p>Zr\u00f3wnowa\u017cona mieszanka: Ciesz si\u0119 harmonijnym po\u0142\u0105czeniem kawy, kremowo\u015bci i s\u0142odyczy \u2013 wzbogacone o od\u017cywczy proszek Ganoderma lucidum.<br \/>\nWygodna: Idealna na zabiegane dni \u2013 po prostu wymieszaj i ciesz si\u0119 pyszn\u0105 fili\u017cank\u0105 kawy w zaledwie kilka sekund.<br \/>\nNaturalnie wspania\u0142y smak: Aksamitna, aromatyczna kawa bez zb\u0119dnych dodatk\u00f3w \u2013 po prostu czysta przyjemno\u015b\u0107 w ka\u017cdej fili\u017cance.<\/p>\n<p>&nbsp;<\/p>\n","protected":false},"excerpt":{"rendered":"<p>DXN Lingzhi 3in1 EU Coffee to idealnie zbalansowana mieszanka kawy rozpuszczalnej, bezmlecznej \u015bmietanki, cukru trzcinowego i proszku Ganoderma lucidum. Ta wygodna formu\u0142a 3 w 1 zapewnia bogaty, aromatyczny smak i kremow\u0105 konsystencj\u0119, kt\u00f3r\u0105 mo\u017cesz cieszy\u0107 si\u0119 o ka\u017cdej porze dnia. Niezale\u017cnie od tego, czy zaczynasz poranek, czy potrzebujesz chwili wytchnienia w ci\u0105gu dnia \u2013 ta [&hellip;]<\/p>\n","protected":false},"featured_media":5213,"comment_status":"open","ping_status":"closed","template":"","meta":{"_acf_changed":false},"product_brand":[],"product_cat":[316],"product_tag":[],"class_list":{"0":"post-5042","1":"product","2":"type-product","3":"status-publish","4":"has-post-thumbnail","6":"product_cat-kategoria-kawy","7":"pa_package-20-saszetek-x-21-g","8":"pa_package-mega-pack-1-kg","10":"first","11":"instock","12":"purchasable","13":"product-type-variable"},"acf":[],"_links":{"self":[{"href":"https:\/\/www.dxnwellness.eu\/pl\/wp-json\/wp\/v2\/product\/5042","targetHints":{"allow":["GET"]}}],"collection":[{"href":"https:\/\/www.dxnwellness.eu\/pl\/wp-json\/wp\/v2\/product"}],"about":[{"href":"https:\/\/www.dxnwellness.eu\/pl\/wp-json\/wp\/v2\/types\/product"}],"replies":[{"embeddable":true,"href":"https:\/\/www.dxnwellness.eu\/pl\/wp-json\/wp\/v2\/comments?post=5042"}],"wp:featuredmedia":[{"embeddable":true,"href":"https:\/\/www.dxnwellness.eu\/pl\/wp-json\/wp\/v2\/media\/5213"}],"wp:attachment":[{"href":"https:\/\/www.dxnwellness.eu\/pl\/wp-json\/wp\/v2\/media?parent=5042"}],"wp:term":[{"taxonomy":"product_brand","embeddable":true,"href":"https:\/\/www.dxnwellness.eu\/pl\/wp-json\/wp\/v2\/product_brand?post=5042"},{"taxonomy":"product_cat","embeddable":true,"href":"https:\/\/www.dxnwellness.eu\/pl\/wp-json\/wp\/v2\/product_cat?post=5042"},{"taxonomy":"product_tag","embeddable":true,"href":"https:\/\/www.dxnwellness.eu\/pl\/wp-json\/wp\/v2\/product_tag?post=5042"}],"curies":[{"name":"wp","href":"https:\/\/api.w.org\/{rel}","templated":true}]}}