{"id":5040,"date":"2025-05-19T04:32:10","date_gmt":"2025-05-19T04:32:10","guid":{"rendered":"https:\/\/www.dxnwellness.eu\/pl\/product\/dxn-cream-coffee\/"},"modified":"2025-10-20T07:57:50","modified_gmt":"2025-10-20T07:57:50","slug":"dxn-cream-coffee","status":"publish","type":"product","link":"https:\/\/www.dxnwellness.eu\/pl\/product\/dxn-cream-coffee\/","title":{"rendered":"DXN Cream Coffee"},"content":{"rendered":"<p>DXN Cream Coffee to najwy\u017cszej jako\u015bci mieszanka kawy, kt\u00f3ra \u0142\u0105czy g\u0142adko\u015b\u0107 \u015bmietanki bezmlecznej z od\u017cywczymi korzy\u015bciami proszku Ganoderma lucidum. Ciesz si\u0119 pe\u0142n\u0105, kremow\u0105 kaw\u0105 bez dodatku cukru, co czyni j\u0105 idealnym wyborem dla tych, kt\u00f3rzy szukaj\u0105 aromatycznej, ale zdrowej opcji kawy. Podaruj sobie pyszn\u0105, kremow\u0105 kaw\u0119 z DXN Cream Coffee \u2013 idealnym wyborem na zdrow\u0105 przerw\u0119 kawow\u0105!<\/p>\n<p>Bogata i kremowa: Delikatna konsystencja i g\u0142\u0119boki smak \u2013 dzi\u0119ki bezmlecznej \u015bmietance kawa zyskuje wyj\u0105tkow\u0105 kremowo\u015b\u0107.<br \/>\nWzbogacona o Ganoderm\u0119: Ka\u017cda fili\u017canka zawiera proszek Ganoderma lucidum, znany z w\u0142a\u015bciwo\u015bci wspieraj\u0105cych organizm i og\u00f3lne samopoczucie.<br \/>\nMniej cukru: Zredukowana zawarto\u015b\u0107 cukru sprawia, \u017ce to doskona\u0142y wyb\u00f3r dla os\u00f3b dbaj\u0105cych o zdrowie i prowadz\u0105cych aktywny tryb \u017cycia.<\/p>\n<p>Spos\u00f3b przygotowania: Wsyp zawarto\u015b\u0107 1 saszetki (14 g) do fili\u017canki i zalej 200 ml gor\u0105cej wody. Dostosuj intensywno\u015b\u0107 smaku, zmieniaj\u0105c proporcje wed\u0142ug w\u0142asnych preferencji.<\/p>\n","protected":false},"excerpt":{"rendered":"<p>DXN Cream Coffee to najwy\u017cszej jako\u015bci mieszanka kawy, kt\u00f3ra \u0142\u0105czy g\u0142adko\u015b\u0107 \u015bmietanki bezmlecznej z od\u017cywczymi korzy\u015bciami proszku Ganoderma lucidum. Ciesz si\u0119 pe\u0142n\u0105, kremow\u0105 kaw\u0105 bez dodatku cukru, co czyni j\u0105 idealnym wyborem dla tych, kt\u00f3rzy szukaj\u0105 aromatycznej, ale zdrowej opcji kawy. Podaruj sobie pyszn\u0105, kremow\u0105 kaw\u0119 z DXN Cream Coffee \u2013 idealnym wyborem na zdrow\u0105 [&hellip;]<\/p>\n","protected":false},"featured_media":5212,"comment_status":"open","ping_status":"closed","template":"","meta":{"_acf_changed":false},"product_brand":[],"product_cat":[316],"product_tag":[],"class_list":{"0":"post-5040","1":"product","2":"type-product","3":"status-publish","4":"has-post-thumbnail","6":"product_cat-kategoria-kawy","7":"pa_package-20-saszetek-x-14-g","9":"first","10":"instock","11":"purchasable","12":"product-type-simple"},"acf":[],"_links":{"self":[{"href":"https:\/\/www.dxnwellness.eu\/pl\/wp-json\/wp\/v2\/product\/5040","targetHints":{"allow":["GET"]}}],"collection":[{"href":"https:\/\/www.dxnwellness.eu\/pl\/wp-json\/wp\/v2\/product"}],"about":[{"href":"https:\/\/www.dxnwellness.eu\/pl\/wp-json\/wp\/v2\/types\/product"}],"replies":[{"embeddable":true,"href":"https:\/\/www.dxnwellness.eu\/pl\/wp-json\/wp\/v2\/comments?post=5040"}],"wp:featuredmedia":[{"embeddable":true,"href":"https:\/\/www.dxnwellness.eu\/pl\/wp-json\/wp\/v2\/media\/5212"}],"wp:attachment":[{"href":"https:\/\/www.dxnwellness.eu\/pl\/wp-json\/wp\/v2\/media?parent=5040"}],"wp:term":[{"taxonomy":"product_brand","embeddable":true,"href":"https:\/\/www.dxnwellness.eu\/pl\/wp-json\/wp\/v2\/product_brand?post=5040"},{"taxonomy":"product_cat","embeddable":true,"href":"https:\/\/www.dxnwellness.eu\/pl\/wp-json\/wp\/v2\/product_cat?post=5040"},{"taxonomy":"product_tag","embeddable":true,"href":"https:\/\/www.dxnwellness.eu\/pl\/wp-json\/wp\/v2\/product_tag?post=5040"}],"curies":[{"name":"wp","href":"https:\/\/api.w.org\/{rel}","templated":true}]}}