{"id":5037,"date":"2025-05-19T04:32:10","date_gmt":"2025-05-19T04:32:10","guid":{"rendered":"https:\/\/www.dxnwellness.eu\/pl\/product\/dxn-lingzhi-black-coffee\/"},"modified":"2025-10-20T07:54:49","modified_gmt":"2025-10-20T07:54:49","slug":"dxn-lingzhi-black-coffee","status":"publish","type":"product","link":"https:\/\/www.dxnwellness.eu\/pl\/product\/dxn-lingzhi-black-coffee\/","title":{"rendered":"DXN Lingzhi Black Coffee"},"content":{"rendered":"<p>DXN Lingzhi Black Coffee to wysokiej jako\u015bci kawa rozpuszczalna z dodatkiem proszku Ganoderma lucidum, oferuj\u0105ca wyj\u0105tkowe, aromatyczne doznania smakowe. Starannie opracowana receptura \u0142\u0105czy g\u0142\u0119boki, intensywny smak czarnej kawy z delikatn\u0105 nut\u0105 grzyba Reishi, tworz\u0105c unikalne po\u0142\u0105czenie, kt\u00f3re pokochaj\u0105 prawdziwi koneserzy.<br data-start=\"417\" data-end=\"420\" \/>Rozpocznij dzie\u0144 od fili\u017canki DXN Lingzhi Black Coffee \u2013 idealnej mieszanki klasy premium, do kt\u00f3rej b\u0119dziesz ch\u0119tnie wraca\u0107 ka\u017cdego poranka.<\/p>\n<p>Kawa Premium: Przygotowana z wyselekcjonowanych ziaren, wyr\u00f3\u017cnia si\u0119 pe\u0142nym, bogatym aromatem i g\u0142\u0119bokim smakiem.<br \/>\nWzbogacona o Ganoderm\u0119: Ka\u017cda porcja zawiera proszek Ganoderma lucidum, ceniony za swoje w\u0142a\u015bciwo\u015bci wspieraj\u0105ce dobre samopoczucie i r\u00f3wnowag\u0119 organizmu.<br \/>\nIdealna dla mi\u0142o\u015bnik\u00f3w kawy: Harmonijne po\u0142\u0105czenie intensywnej czarnej kawy i subtelnego, od\u017cywczego dodatku Ganodermy sprawia, \u017ce ka\u017cdy \u0142yk to wyj\u0105tkowe do\u015bwiadczenie.<\/p>\n","protected":false},"excerpt":{"rendered":"<p>DXN Lingzhi Black Coffee to wysokiej jako\u015bci kawa rozpuszczalna z dodatkiem proszku Ganoderma lucidum, oferuj\u0105ca wyj\u0105tkowe, aromatyczne doznania smakowe. Starannie opracowana receptura \u0142\u0105czy g\u0142\u0119boki, intensywny smak czarnej kawy z delikatn\u0105 nut\u0105 grzyba Reishi, tworz\u0105c unikalne po\u0142\u0105czenie, kt\u00f3re pokochaj\u0105 prawdziwi koneserzy.Rozpocznij dzie\u0144 od fili\u017canki DXN Lingzhi Black Coffee \u2013 idealnej mieszanki klasy premium, do kt\u00f3rej b\u0119dziesz [&hellip;]<\/p>\n","protected":false},"featured_media":5210,"comment_status":"open","ping_status":"closed","template":"","meta":{"_acf_changed":false},"product_brand":[],"product_cat":[316],"product_tag":[],"class_list":{"0":"post-5037","1":"product","2":"type-product","3":"status-publish","4":"has-post-thumbnail","6":"product_cat-kategoria-kawy","7":"pa_package-20-saszetek-x-4-5-g","8":"pa_package-mega-pack-400-g","10":"first","11":"instock","12":"purchasable","13":"product-type-variable"},"acf":[],"_links":{"self":[{"href":"https:\/\/www.dxnwellness.eu\/pl\/wp-json\/wp\/v2\/product\/5037","targetHints":{"allow":["GET"]}}],"collection":[{"href":"https:\/\/www.dxnwellness.eu\/pl\/wp-json\/wp\/v2\/product"}],"about":[{"href":"https:\/\/www.dxnwellness.eu\/pl\/wp-json\/wp\/v2\/types\/product"}],"replies":[{"embeddable":true,"href":"https:\/\/www.dxnwellness.eu\/pl\/wp-json\/wp\/v2\/comments?post=5037"}],"wp:featuredmedia":[{"embeddable":true,"href":"https:\/\/www.dxnwellness.eu\/pl\/wp-json\/wp\/v2\/media\/5210"}],"wp:attachment":[{"href":"https:\/\/www.dxnwellness.eu\/pl\/wp-json\/wp\/v2\/media?parent=5037"}],"wp:term":[{"taxonomy":"product_brand","embeddable":true,"href":"https:\/\/www.dxnwellness.eu\/pl\/wp-json\/wp\/v2\/product_brand?post=5037"},{"taxonomy":"product_cat","embeddable":true,"href":"https:\/\/www.dxnwellness.eu\/pl\/wp-json\/wp\/v2\/product_cat?post=5037"},{"taxonomy":"product_tag","embeddable":true,"href":"https:\/\/www.dxnwellness.eu\/pl\/wp-json\/wp\/v2\/product_tag?post=5037"}],"curies":[{"name":"wp","href":"https:\/\/api.w.org\/{rel}","templated":true}]}}