{"id":5034,"date":"2025-05-19T04:32:10","date_gmt":"2025-05-19T04:32:10","guid":{"rendered":"https:\/\/www.dxnwellness.eu\/pl\/product\/dxn-cocozhi\/"},"modified":"2025-10-20T09:24:10","modified_gmt":"2025-10-20T09:24:10","slug":"dxn-cocozhi","status":"publish","type":"product","link":"https:\/\/www.dxnwellness.eu\/pl\/product\/dxn-cocozhi\/","title":{"rendered":"DXN Cocozhi"},"content":{"rendered":"<p>DXN Cocozhi &#8211; czekoladowa przyjemno\u015b\u0107 z nut\u0105 natury!<\/p>\n<p>DXN Cocozhi to aromatyczna mieszanka napoju kakaowego, z dodatkiem wysokiej jako\u015bci kakao i wzbogacona proszkiem z grzyba Ganoderma lucidum (Reishi). Delikatnie kremowa dzi\u0119ki \u015bmietance bezmlecznej i s\u0142odowi j\u0119czmiennemu, oferuje wyj\u0105tkowo \u0142agodny, czekoladowy smak, kt\u00f3ry doskonale sprawdzi si\u0119 o ka\u017cdej porze dnia.<\/p>\n<p>Bogaty, czekoladowy smak: Zawiera kakao premium, kt\u00f3re nadaje napojowi g\u0142\u0119boki, naturalny aromat \u2013 idealny dla mi\u0142o\u015bnik\u00f3w klasycznego smaku.<br \/>\nZ dodatkiem Ganodermy: Wzbogacony o proszek z grzyba Reishi, znanego w tradycji azjatyckiej, stanowi ciekaw\u0105 alternatyw\u0119 dla zwyk\u0142ych napoj\u00f3w kakaowych.<br \/>\nWielofunkcyjny i pyszny: \u015awietnie smakuje na ciep\u0142o lub na zimno, a tak\u017ce mo\u017ce by\u0107 u\u017cywany jako sk\u0142adnik do deser\u00f3w, wypiek\u00f3w i czekoladowych koktajli.<\/p>\n","protected":false},"excerpt":{"rendered":"<p>DXN Cocozhi &#8211; czekoladowa przyjemno\u015b\u0107 z nut\u0105 natury! DXN Cocozhi to aromatyczna mieszanka napoju kakaowego, z dodatkiem wysokiej jako\u015bci kakao i wzbogacona proszkiem z grzyba Ganoderma lucidum (Reishi). Delikatnie kremowa dzi\u0119ki \u015bmietance bezmlecznej i s\u0142odowi j\u0119czmiennemu, oferuje wyj\u0105tkowo \u0142agodny, czekoladowy smak, kt\u00f3ry doskonale sprawdzi si\u0119 o ka\u017cdej porze dnia. Bogaty, czekoladowy smak: Zawiera kakao premium, [&hellip;]<\/p>\n","protected":false},"featured_media":5208,"comment_status":"open","ping_status":"closed","template":"","meta":{"_acf_changed":false},"product_brand":[],"product_cat":[309],"product_tag":[],"class_list":{"0":"post-5034","1":"product","2":"type-product","3":"status-publish","4":"has-post-thumbnail","6":"product_cat-napoje-cat","7":"pa_package-20-saszetek-x-32-g","8":"pa_package-mega-pack-1-kg","10":"first","11":"instock","12":"purchasable","13":"product-type-variable"},"acf":[],"_links":{"self":[{"href":"https:\/\/www.dxnwellness.eu\/pl\/wp-json\/wp\/v2\/product\/5034","targetHints":{"allow":["GET"]}}],"collection":[{"href":"https:\/\/www.dxnwellness.eu\/pl\/wp-json\/wp\/v2\/product"}],"about":[{"href":"https:\/\/www.dxnwellness.eu\/pl\/wp-json\/wp\/v2\/types\/product"}],"replies":[{"embeddable":true,"href":"https:\/\/www.dxnwellness.eu\/pl\/wp-json\/wp\/v2\/comments?post=5034"}],"wp:featuredmedia":[{"embeddable":true,"href":"https:\/\/www.dxnwellness.eu\/pl\/wp-json\/wp\/v2\/media\/5208"}],"wp:attachment":[{"href":"https:\/\/www.dxnwellness.eu\/pl\/wp-json\/wp\/v2\/media?parent=5034"}],"wp:term":[{"taxonomy":"product_brand","embeddable":true,"href":"https:\/\/www.dxnwellness.eu\/pl\/wp-json\/wp\/v2\/product_brand?post=5034"},{"taxonomy":"product_cat","embeddable":true,"href":"https:\/\/www.dxnwellness.eu\/pl\/wp-json\/wp\/v2\/product_cat?post=5034"},{"taxonomy":"product_tag","embeddable":true,"href":"https:\/\/www.dxnwellness.eu\/pl\/wp-json\/wp\/v2\/product_tag?post=5034"}],"curies":[{"name":"wp","href":"https:\/\/api.w.org\/{rel}","templated":true}]}}