{"id":5032,"date":"2025-05-19T04:32:10","date_gmt":"2025-05-19T04:32:10","guid":{"rendered":"https:\/\/www.dxnwellness.eu\/pl\/product\/dxn-apple-fermented-drink\/"},"modified":"2025-10-20T09:21:02","modified_gmt":"2025-10-20T09:21:02","slug":"dxn-apple-enzyme-drink","status":"publish","type":"product","link":"https:\/\/www.dxnwellness.eu\/pl\/product\/dxn-apple-enzyme-drink\/","title":{"rendered":"DXN Apple Enzyme Drink"},"content":{"rendered":"<p data-start=\"294\" data-end=\"529\">DXN Apple Enzyme Drink &#8211; naturalnie orze\u017awiaj\u0105cy smak jab\u0142ek!<\/p>\n<p data-start=\"294\" data-end=\"529\">DXN Apple Enzyme Drink to lekki, fermentowany nap\u00f3j stworzony z jab\u0142ek, kt\u00f3ry zachwyca delikatnie cierpkim, a jednocze\u015bnie s\u0142odkim smakiem. Wzbogacony nut\u0105 cytryny, oferuje przyjemne, od\u015bwie\u017caj\u0105ce doznania \u2013 idealne na ka\u017cd\u0105 por\u0119 dnia.<\/p>\n<p>\u015awie\u017cy, harmonijny smak: Po\u0142\u0105czenie naturalnej s\u0142odyczy jab\u0142ek i cytrusowej nuty cytryny zapewnia doskona\u0142\u0105 r\u00f3wnowag\u0119 smaku \u2013 lekko kwa\u015bn\u0105, delikatnie s\u0142odk\u0105 i niezwykle orze\u017awiaj\u0105c\u0105.<br \/>\nFermentowana formu\u0142a: Nap\u00f3j powstaje w procesie naturalnej fermentacji, dzi\u0119ki czemu oferuje g\u0142\u0119boki, pe\u0142ny smak i mo\u017ce by\u0107 ciekawym uzupe\u0142nieniem codziennej diety.<br \/>\nIdealny na co dzie\u0144: Podawany na zimno lub w temperaturze pokojowej \u2013 \u015bwietny jako lekki nap\u00f3j po posi\u0142ku, do przerwy lub dla orze\u017awienia w ci\u0105gu dnia.<\/p>\n","protected":false},"excerpt":{"rendered":"<p>DXN Apple Enzyme Drink &#8211; naturalnie orze\u017awiaj\u0105cy smak jab\u0142ek! DXN Apple Enzyme Drink to lekki, fermentowany nap\u00f3j stworzony z jab\u0142ek, kt\u00f3ry zachwyca delikatnie cierpkim, a jednocze\u015bnie s\u0142odkim smakiem. Wzbogacony nut\u0105 cytryny, oferuje przyjemne, od\u015bwie\u017caj\u0105ce doznania \u2013 idealne na ka\u017cd\u0105 por\u0119 dnia. \u015awie\u017cy, harmonijny smak: Po\u0142\u0105czenie naturalnej s\u0142odyczy jab\u0142ek i cytrusowej nuty cytryny zapewnia doskona\u0142\u0105 r\u00f3wnowag\u0119 [&hellip;]<\/p>\n","protected":false},"featured_media":5207,"comment_status":"open","ping_status":"closed","template":"","meta":{"_acf_changed":false},"product_brand":[],"product_cat":[309],"product_tag":[],"class_list":{"0":"post-5032","1":"product","2":"type-product","3":"status-publish","4":"has-post-thumbnail","6":"product_cat-napoje-cat","7":"pa_package-15-saszetek-x-50-ml","9":"first","10":"instock","11":"purchasable","12":"product-type-simple"},"acf":[],"_links":{"self":[{"href":"https:\/\/www.dxnwellness.eu\/pl\/wp-json\/wp\/v2\/product\/5032","targetHints":{"allow":["GET"]}}],"collection":[{"href":"https:\/\/www.dxnwellness.eu\/pl\/wp-json\/wp\/v2\/product"}],"about":[{"href":"https:\/\/www.dxnwellness.eu\/pl\/wp-json\/wp\/v2\/types\/product"}],"replies":[{"embeddable":true,"href":"https:\/\/www.dxnwellness.eu\/pl\/wp-json\/wp\/v2\/comments?post=5032"}],"wp:featuredmedia":[{"embeddable":true,"href":"https:\/\/www.dxnwellness.eu\/pl\/wp-json\/wp\/v2\/media\/5207"}],"wp:attachment":[{"href":"https:\/\/www.dxnwellness.eu\/pl\/wp-json\/wp\/v2\/media?parent=5032"}],"wp:term":[{"taxonomy":"product_brand","embeddable":true,"href":"https:\/\/www.dxnwellness.eu\/pl\/wp-json\/wp\/v2\/product_brand?post=5032"},{"taxonomy":"product_cat","embeddable":true,"href":"https:\/\/www.dxnwellness.eu\/pl\/wp-json\/wp\/v2\/product_cat?post=5032"},{"taxonomy":"product_tag","embeddable":true,"href":"https:\/\/www.dxnwellness.eu\/pl\/wp-json\/wp\/v2\/product_tag?post=5032"}],"curies":[{"name":"wp","href":"https:\/\/api.w.org\/{rel}","templated":true}]}}