{"id":5030,"date":"2025-05-19T04:32:10","date_gmt":"2025-05-19T04:32:10","guid":{"rendered":"https:\/\/www.dxnwellness.eu\/pl\/product\/dxn-nutrizhi\/"},"modified":"2025-10-20T09:17:02","modified_gmt":"2025-10-20T09:17:02","slug":"dxn-nutrizhi","status":"publish","type":"product","link":"https:\/\/www.dxnwellness.eu\/pl\/product\/dxn-nutrizhi\/","title":{"rendered":"DXN Nutrizhi"},"content":{"rendered":"<p data-start=\"254\" data-end=\"611\">DXN Nutrizhi &#8211; kremowa przyjemno\u015b\u0107 w zdrowym wydaniu<\/p>\n<p data-start=\"254\" data-end=\"611\">DXN Nutrizhi to pyszny, kremowy nap\u00f3j stworzony z my\u015bl\u0105 o osobach, kt\u00f3re ceni\u0105 s\u0142odki smak po\u0142\u0105czony z warto\u015bciowymi sk\u0142adnikami. Bazuje na soi, jest wzbogacony ekstraktem ze s\u0142odu j\u0119czmiennego oraz proszkiem z grzyba Ganoderma lucidum (Reishi). To smaczna i od\u017cywcza propozycja na ka\u017cd\u0105 por\u0119 dnia \u2013 idealna jako lekki posi\u0142ek, przek\u0105ska lub ciep\u0142y nap\u00f3j.<\/p>\n<p>\u0179r\u00f3d\u0142o cennych sk\u0142adnik\u00f3w: Zawiera kwasy t\u0142uszczowe Omega-3 i Omega-6, a tak\u017ce bia\u0142ko ro\u015blinne \u2013 doskona\u0142e uzupe\u0142nienie codziennej diety.<br \/>\nNaturalna r\u00f3wnowaga: Po\u0142\u0105czenie soi, s\u0142odu j\u0119czmiennego i Ganodermy zapewnia \u0142agodny, lekko s\u0142odki smak oraz delikatn\u0105, kremow\u0105 konsystencj\u0119.<br \/>\nPrzyjemno\u015b\u0107 bez wyrzut\u00f3w sumienia: Idealny dla os\u00f3b, kt\u00f3re chc\u0105 po\u0142\u0105czy\u0107 chwil\u0119 s\u0142odkiej przyjemno\u015bci z trosk\u0105 o codzienne od\u017cywianie.<\/p>\n","protected":false},"excerpt":{"rendered":"<p>DXN Nutrizhi &#8211; kremowa przyjemno\u015b\u0107 w zdrowym wydaniu DXN Nutrizhi to pyszny, kremowy nap\u00f3j stworzony z my\u015bl\u0105 o osobach, kt\u00f3re ceni\u0105 s\u0142odki smak po\u0142\u0105czony z warto\u015bciowymi sk\u0142adnikami. Bazuje na soi, jest wzbogacony ekstraktem ze s\u0142odu j\u0119czmiennego oraz proszkiem z grzyba Ganoderma lucidum (Reishi). To smaczna i od\u017cywcza propozycja na ka\u017cd\u0105 por\u0119 dnia \u2013 idealna jako [&hellip;]<\/p>\n","protected":false},"featured_media":5206,"comment_status":"open","ping_status":"closed","template":"","meta":{"_acf_changed":false},"product_brand":[],"product_cat":[309],"product_tag":[],"class_list":{"0":"post-5030","1":"product","2":"type-product","3":"status-publish","4":"has-post-thumbnail","6":"product_cat-napoje-cat","7":"pa_package-20-saszetek-x-30-g","9":"first","10":"instock","11":"purchasable","12":"product-type-simple"},"acf":[],"_links":{"self":[{"href":"https:\/\/www.dxnwellness.eu\/pl\/wp-json\/wp\/v2\/product\/5030","targetHints":{"allow":["GET"]}}],"collection":[{"href":"https:\/\/www.dxnwellness.eu\/pl\/wp-json\/wp\/v2\/product"}],"about":[{"href":"https:\/\/www.dxnwellness.eu\/pl\/wp-json\/wp\/v2\/types\/product"}],"replies":[{"embeddable":true,"href":"https:\/\/www.dxnwellness.eu\/pl\/wp-json\/wp\/v2\/comments?post=5030"}],"wp:featuredmedia":[{"embeddable":true,"href":"https:\/\/www.dxnwellness.eu\/pl\/wp-json\/wp\/v2\/media\/5206"}],"wp:attachment":[{"href":"https:\/\/www.dxnwellness.eu\/pl\/wp-json\/wp\/v2\/media?parent=5030"}],"wp:term":[{"taxonomy":"product_brand","embeddable":true,"href":"https:\/\/www.dxnwellness.eu\/pl\/wp-json\/wp\/v2\/product_brand?post=5030"},{"taxonomy":"product_cat","embeddable":true,"href":"https:\/\/www.dxnwellness.eu\/pl\/wp-json\/wp\/v2\/product_cat?post=5030"},{"taxonomy":"product_tag","embeddable":true,"href":"https:\/\/www.dxnwellness.eu\/pl\/wp-json\/wp\/v2\/product_tag?post=5030"}],"curies":[{"name":"wp","href":"https:\/\/api.w.org\/{rel}","templated":true}]}}