{"id":5028,"date":"2025-05-19T04:32:10","date_gmt":"2025-05-19T04:32:10","guid":{"rendered":"https:\/\/www.dxnwellness.eu\/pl\/product\/dxn-vinaigrette\/"},"modified":"2025-10-20T09:13:45","modified_gmt":"2025-10-20T09:13:45","slug":"dxn-vinaigrette","status":"publish","type":"product","link":"https:\/\/www.dxnwellness.eu\/pl\/product\/dxn-vinaigrette\/","title":{"rendered":"DXN Vinaigrette"},"content":{"rendered":"<p>DXN Vinaigrette \u2013 wyj\u0105tkowa mieszanka tradycji i smaku<br \/>\nDXN Vinaigrette to wysokiej jako\u015bci fermentowany ocet ry\u017cowy, wzbogacony ekstraktem z grzyba Ganoderma lucidum (Reishi). Produkowany tradycyjn\u0105 metod\u0105 naturalnej fermentacji, zachowuje sw\u00f3j charakterystyczny, intensywny smak i czysto\u015b\u0107 sk\u0142adnik\u00f3w.<\/p>\n<p data-start=\"563\" data-end=\"694\">To wi\u0119cej ni\u017c zwyk\u0142y ocet \u2013 to wyj\u0105tkowy dodatek do codziennej diety, \u0142\u0105cz\u0105cy klasyczny, pikantny aromat z subteln\u0105 nut\u0105 Ganodermy.<\/p>\n<p>Naturalna fermentacja: Wytwarzany z fermentowanego ry\u017cu z dodatkiem Ganodermy \u2013 dla g\u0142\u0119bi smaku i naturalnej jako\u015bci.<br \/>\nWszechstronne zastosowanie: Idealny do sa\u0142atek, marynat, sos\u00f3w czy napoj\u00f3w \u2013 sprawdzi si\u0119 w ka\u017cdej kuchni, nadaj\u0105c potrawom wyj\u0105tkowego charakteru.<br \/>\nWyrazisty i zbalansowany smak: \u0141\u0105czy kwa\u015bny profil octu ry\u017cowego z delikatnie ziemistym akcentem Ganodermy, tworz\u0105c unikalne doznanie smakowe.<\/p>\n","protected":false},"excerpt":{"rendered":"<p>DXN Vinaigrette \u2013 wyj\u0105tkowa mieszanka tradycji i smaku DXN Vinaigrette to wysokiej jako\u015bci fermentowany ocet ry\u017cowy, wzbogacony ekstraktem z grzyba Ganoderma lucidum (Reishi). Produkowany tradycyjn\u0105 metod\u0105 naturalnej fermentacji, zachowuje sw\u00f3j charakterystyczny, intensywny smak i czysto\u015b\u0107 sk\u0142adnik\u00f3w. To wi\u0119cej ni\u017c zwyk\u0142y ocet \u2013 to wyj\u0105tkowy dodatek do codziennej diety, \u0142\u0105cz\u0105cy klasyczny, pikantny aromat z subteln\u0105 nut\u0105 [&hellip;]<\/p>\n","protected":false},"featured_media":5205,"comment_status":"open","ping_status":"closed","template":"","meta":{"_acf_changed":false},"product_brand":[],"product_cat":[309],"product_tag":[],"class_list":{"0":"post-5028","1":"product","2":"type-product","3":"status-publish","4":"has-post-thumbnail","6":"product_cat-napoje-cat","7":"pa_package-700-ml","9":"first","10":"instock","11":"purchasable","12":"product-type-simple"},"acf":[],"_links":{"self":[{"href":"https:\/\/www.dxnwellness.eu\/pl\/wp-json\/wp\/v2\/product\/5028","targetHints":{"allow":["GET"]}}],"collection":[{"href":"https:\/\/www.dxnwellness.eu\/pl\/wp-json\/wp\/v2\/product"}],"about":[{"href":"https:\/\/www.dxnwellness.eu\/pl\/wp-json\/wp\/v2\/types\/product"}],"replies":[{"embeddable":true,"href":"https:\/\/www.dxnwellness.eu\/pl\/wp-json\/wp\/v2\/comments?post=5028"}],"wp:featuredmedia":[{"embeddable":true,"href":"https:\/\/www.dxnwellness.eu\/pl\/wp-json\/wp\/v2\/media\/5205"}],"wp:attachment":[{"href":"https:\/\/www.dxnwellness.eu\/pl\/wp-json\/wp\/v2\/media?parent=5028"}],"wp:term":[{"taxonomy":"product_brand","embeddable":true,"href":"https:\/\/www.dxnwellness.eu\/pl\/wp-json\/wp\/v2\/product_brand?post=5028"},{"taxonomy":"product_cat","embeddable":true,"href":"https:\/\/www.dxnwellness.eu\/pl\/wp-json\/wp\/v2\/product_cat?post=5028"},{"taxonomy":"product_tag","embeddable":true,"href":"https:\/\/www.dxnwellness.eu\/pl\/wp-json\/wp\/v2\/product_tag?post=5028"}],"curies":[{"name":"wp","href":"https:\/\/api.w.org\/{rel}","templated":true}]}}