{"id":5025,"date":"2025-05-19T04:32:10","date_gmt":"2025-05-19T04:32:10","guid":{"rendered":"https:\/\/www.dxnwellness.eu\/pl\/product\/dxn-cordypine\/"},"modified":"2025-10-20T09:11:21","modified_gmt":"2025-10-20T09:11:21","slug":"dxn-cordypine","status":"publish","type":"product","link":"https:\/\/www.dxnwellness.eu\/pl\/product\/dxn-cordypine\/","title":{"rendered":"DXN Cordypine"},"content":{"rendered":"<p>DXN Cordypine \u2013 Orze\u017awiaj\u0105ca harmonia natury<br \/>\nDXN Cordypine to unikalna kompozycja sfermentowanego soku z ananasa, Cordyceps sinensis, cukru trzcinowego i nuty limonki. To tropikalny nap\u00f3j o przyjemnie zbalansowanym smaku \u2013 orze\u017awiaj\u0105cy, lekko kwa\u015bny i delikatnie s\u0142odki. Idealny na ciep\u0142o lub na zimno \u2013 zawsze wtedy, gdy potrzebujesz chwili od\u015bwie\u017cenia. Si\u0119gnij po DXN Cordypine, by urozmaici\u0107 swoj\u0105 codzienn\u0105 rutyn\u0119 napojem inspirowanym natur\u0105.<\/p>\n<p>Starannie dobrane sk\u0142adniki: Po\u0142\u0105czenie fermentowanego soku ananasowego, Cordycepsu i limonki dla \u015bwie\u017cego, owocowego smaku.<br \/>\nUniwersalny nap\u00f3j: Smakuje doskonale zar\u00f3wno jako ch\u0142odny nap\u00f3j orze\u017awiaj\u0105cy, jak i lekko podgrzany \u2013 dla delikatnego ukojenia.<br \/>\nNaturalna przyjemno\u015b\u0107 ka\u017cdego dnia: Lekki, tropikalny smak, kt\u00f3ry sprawdzi si\u0119 jako codzienny nap\u00f3j dla ca\u0142ej rodziny.<\/p>\n","protected":false},"excerpt":{"rendered":"<p>DXN Cordypine \u2013 Orze\u017awiaj\u0105ca harmonia natury DXN Cordypine to unikalna kompozycja sfermentowanego soku z ananasa, Cordyceps sinensis, cukru trzcinowego i nuty limonki. To tropikalny nap\u00f3j o przyjemnie zbalansowanym smaku \u2013 orze\u017awiaj\u0105cy, lekko kwa\u015bny i delikatnie s\u0142odki. Idealny na ciep\u0142o lub na zimno \u2013 zawsze wtedy, gdy potrzebujesz chwili od\u015bwie\u017cenia. Si\u0119gnij po DXN Cordypine, by urozmaici\u0107 [&hellip;]<\/p>\n","protected":false},"featured_media":5204,"comment_status":"open","ping_status":"closed","template":"","meta":{"_acf_changed":false},"product_brand":[],"product_cat":[309],"product_tag":[],"class_list":{"0":"post-5025","1":"product","2":"type-product","3":"status-publish","4":"has-post-thumbnail","6":"product_cat-napoje-cat","7":"pa_package-285-ml","8":"pa_package-700-ml","10":"first","11":"instock","12":"purchasable","13":"product-type-simple"},"acf":[],"_links":{"self":[{"href":"https:\/\/www.dxnwellness.eu\/pl\/wp-json\/wp\/v2\/product\/5025","targetHints":{"allow":["GET"]}}],"collection":[{"href":"https:\/\/www.dxnwellness.eu\/pl\/wp-json\/wp\/v2\/product"}],"about":[{"href":"https:\/\/www.dxnwellness.eu\/pl\/wp-json\/wp\/v2\/types\/product"}],"replies":[{"embeddable":true,"href":"https:\/\/www.dxnwellness.eu\/pl\/wp-json\/wp\/v2\/comments?post=5025"}],"wp:featuredmedia":[{"embeddable":true,"href":"https:\/\/www.dxnwellness.eu\/pl\/wp-json\/wp\/v2\/media\/5204"}],"wp:attachment":[{"href":"https:\/\/www.dxnwellness.eu\/pl\/wp-json\/wp\/v2\/media?parent=5025"}],"wp:term":[{"taxonomy":"product_brand","embeddable":true,"href":"https:\/\/www.dxnwellness.eu\/pl\/wp-json\/wp\/v2\/product_brand?post=5025"},{"taxonomy":"product_cat","embeddable":true,"href":"https:\/\/www.dxnwellness.eu\/pl\/wp-json\/wp\/v2\/product_cat?post=5025"},{"taxonomy":"product_tag","embeddable":true,"href":"https:\/\/www.dxnwellness.eu\/pl\/wp-json\/wp\/v2\/product_tag?post=5025"}],"curies":[{"name":"wp","href":"https:\/\/api.w.org\/{rel}","templated":true}]}}