{"id":5022,"date":"2025-05-19T04:32:10","date_gmt":"2025-05-19T04:32:10","guid":{"rendered":"https:\/\/www.dxnwellness.eu\/pl\/product\/dxn-morinzhi\/"},"modified":"2025-10-20T09:09:07","modified_gmt":"2025-10-20T09:09:07","slug":"dxn-morinzhi","status":"publish","type":"product","link":"https:\/\/www.dxnwellness.eu\/pl\/product\/dxn-morinzhi\/","title":{"rendered":"DXN Morinzhi"},"content":{"rendered":"<p data-start=\"227\" data-end=\"583\">Dodaj \u015bwie\u017co\u015bci swojej codzienno\u015bci z DXN Morinzhi!<br data-start=\"281\" data-end=\"284\" \/>DXN Morinzhi to wyj\u0105tkowy nap\u00f3j owocowy stworzony z egzotycznego owocu noni (Morinda citrifolia) i orze\u017awiaj\u0105cego ekstraktu z ro\u015bliny roselle (Hibiscus sabdariffa). Ta unikalna mieszanka naturalnych sk\u0142adnik\u00f3w wyr\u00f3\u017cnia si\u0119 wyrazistym smakiem i lekko kwa\u015bn\u0105 nut\u0105, kt\u00f3ra od\u015bwie\u017ca i pobudza zmys\u0142y.<\/p>\n<p data-start=\"585\" data-end=\"704\">Idealny jako codzienny nap\u00f3j \u2013 zar\u00f3wno dla tych, kt\u00f3rzy szukaj\u0105 czego\u015b nowego, jak i dla mi\u0142o\u015bnik\u00f3w naturalnych smak\u00f3w.<\/p>\n<p>Naturalnie od\u017cywczy: Zawiera owoc noni i roselle \u2013 egzotyczne ro\u015bliny cenione za sw\u00f3j charakterystyczny smak.<br \/>\nWyj\u0105tkowy: Pe\u0142en b\u0142onnika i witaminy C, a do tego przyjemnie orze\u017awiaj\u0105cy.<br \/>\nUniwersalny wyb\u00f3r: Mo\u017cna podawa\u0107 na zimno lub w temperaturze pokojowej \u2013 idealny do zabrania ze sob\u0105 w podr\u00f3\u017c lub do delektowania si\u0119 w domu.<\/p>\n","protected":false},"excerpt":{"rendered":"<p>Dodaj \u015bwie\u017co\u015bci swojej codzienno\u015bci z DXN Morinzhi!DXN Morinzhi to wyj\u0105tkowy nap\u00f3j owocowy stworzony z egzotycznego owocu noni (Morinda citrifolia) i orze\u017awiaj\u0105cego ekstraktu z ro\u015bliny roselle (Hibiscus sabdariffa). Ta unikalna mieszanka naturalnych sk\u0142adnik\u00f3w wyr\u00f3\u017cnia si\u0119 wyrazistym smakiem i lekko kwa\u015bn\u0105 nut\u0105, kt\u00f3ra od\u015bwie\u017ca i pobudza zmys\u0142y. Idealny jako codzienny nap\u00f3j \u2013 zar\u00f3wno dla tych, kt\u00f3rzy szukaj\u0105 [&hellip;]<\/p>\n","protected":false},"featured_media":5201,"comment_status":"open","ping_status":"closed","template":"","meta":{"_acf_changed":false},"product_brand":[],"product_cat":[309],"product_tag":[],"class_list":{"0":"post-5022","1":"product","2":"type-product","3":"status-publish","4":"has-post-thumbnail","6":"product_cat-napoje-cat","7":"pa_package-285-ml","8":"pa_package-700-ml","10":"first","11":"instock","12":"purchasable","13":"product-type-variable"},"acf":[],"_links":{"self":[{"href":"https:\/\/www.dxnwellness.eu\/pl\/wp-json\/wp\/v2\/product\/5022","targetHints":{"allow":["GET"]}}],"collection":[{"href":"https:\/\/www.dxnwellness.eu\/pl\/wp-json\/wp\/v2\/product"}],"about":[{"href":"https:\/\/www.dxnwellness.eu\/pl\/wp-json\/wp\/v2\/types\/product"}],"replies":[{"embeddable":true,"href":"https:\/\/www.dxnwellness.eu\/pl\/wp-json\/wp\/v2\/comments?post=5022"}],"wp:featuredmedia":[{"embeddable":true,"href":"https:\/\/www.dxnwellness.eu\/pl\/wp-json\/wp\/v2\/media\/5201"}],"wp:attachment":[{"href":"https:\/\/www.dxnwellness.eu\/pl\/wp-json\/wp\/v2\/media?parent=5022"}],"wp:term":[{"taxonomy":"product_brand","embeddable":true,"href":"https:\/\/www.dxnwellness.eu\/pl\/wp-json\/wp\/v2\/product_brand?post=5022"},{"taxonomy":"product_cat","embeddable":true,"href":"https:\/\/www.dxnwellness.eu\/pl\/wp-json\/wp\/v2\/product_cat?post=5022"},{"taxonomy":"product_tag","embeddable":true,"href":"https:\/\/www.dxnwellness.eu\/pl\/wp-json\/wp\/v2\/product_tag?post=5022"}],"curies":[{"name":"wp","href":"https:\/\/api.w.org\/{rel}","templated":true}]}}