{"id":5020,"date":"2025-05-19T04:32:10","date_gmt":"2025-05-19T04:32:10","guid":{"rendered":"https:\/\/www.dxnwellness.eu\/pl\/product\/dxn-roselle-juice\/"},"modified":"2025-10-20T09:06:32","modified_gmt":"2025-10-20T09:06:32","slug":"dxn-roselle-juice","status":"publish","type":"product","link":"https:\/\/www.dxnwellness.eu\/pl\/product\/dxn-roselle-juice\/","title":{"rendered":"DXN Roselle Juice"},"content":{"rendered":"<p>Poczuj orze\u017awiaj\u0105cy smak natury z DXN Roselle Juice. Ten pyszny nap\u00f3j powsta\u0142 z ekstraktu z kielich\u00f3w kwiatu hibiskusa (Hibiscus sabdariffa), znanego ze swojego intensywnego smaku i pi\u0119knego koloru. Jego wyrazista, owocowo-kwa\u015bna nuta czyni go idealnym wyborem na co dzie\u0144 \u2013 zar\u00f3wno na ciep\u0142o, jak i na zimno. Odkryj przyjemno\u015b\u0107 p\u0142yn\u0105c\u0105 z naturalnego smaku i prostoty \u2013 si\u0119gnij po DXN Roselle Juice i ciesz si\u0119 pysznym napojem, gdziekolwiek jeste\u015b.<\/p>\n<p>Naturalne pochodzenie: Stworzony z ekstraktu z hibiskusa \u2013 ro\u015bliny cenionej za sw\u00f3j intensywny smak i g\u0142\u0119boki kolor.<br \/>\nOrze\u017awiaj\u0105cy i pyszny: Delikatnie kwa\u015bny, owocowy nap\u00f3j, kt\u00f3ry doskonale gasi pragnienie i pobudza zmys\u0142y.<br \/>\nNa ka\u017cd\u0105 okazj\u0119: \u015awietny zar\u00f3wno na zimno, jak i na ciep\u0142o \u2013 idealny o ka\u017cdej porze dnia..<\/p>\n","protected":false},"excerpt":{"rendered":"<p>Poczuj orze\u017awiaj\u0105cy smak natury z DXN Roselle Juice. Ten pyszny nap\u00f3j powsta\u0142 z ekstraktu z kielich\u00f3w kwiatu hibiskusa (Hibiscus sabdariffa), znanego ze swojego intensywnego smaku i pi\u0119knego koloru. Jego wyrazista, owocowo-kwa\u015bna nuta czyni go idealnym wyborem na co dzie\u0144 \u2013 zar\u00f3wno na ciep\u0142o, jak i na zimno. Odkryj przyjemno\u015b\u0107 p\u0142yn\u0105c\u0105 z naturalnego smaku i prostoty [&hellip;]<\/p>\n","protected":false},"featured_media":5200,"comment_status":"open","ping_status":"closed","template":"","meta":{"_acf_changed":false},"product_brand":[],"product_cat":[309],"product_tag":[],"class_list":{"0":"post-5020","1":"product","2":"type-product","3":"status-publish","4":"has-post-thumbnail","6":"product_cat-napoje-cat","7":"pa_package-285-ml","9":"first","10":"instock","11":"purchasable","12":"product-type-simple"},"acf":[],"_links":{"self":[{"href":"https:\/\/www.dxnwellness.eu\/pl\/wp-json\/wp\/v2\/product\/5020","targetHints":{"allow":["GET"]}}],"collection":[{"href":"https:\/\/www.dxnwellness.eu\/pl\/wp-json\/wp\/v2\/product"}],"about":[{"href":"https:\/\/www.dxnwellness.eu\/pl\/wp-json\/wp\/v2\/types\/product"}],"replies":[{"embeddable":true,"href":"https:\/\/www.dxnwellness.eu\/pl\/wp-json\/wp\/v2\/comments?post=5020"}],"wp:featuredmedia":[{"embeddable":true,"href":"https:\/\/www.dxnwellness.eu\/pl\/wp-json\/wp\/v2\/media\/5200"}],"wp:attachment":[{"href":"https:\/\/www.dxnwellness.eu\/pl\/wp-json\/wp\/v2\/media?parent=5020"}],"wp:term":[{"taxonomy":"product_brand","embeddable":true,"href":"https:\/\/www.dxnwellness.eu\/pl\/wp-json\/wp\/v2\/product_brand?post=5020"},{"taxonomy":"product_cat","embeddable":true,"href":"https:\/\/www.dxnwellness.eu\/pl\/wp-json\/wp\/v2\/product_cat?post=5020"},{"taxonomy":"product_tag","embeddable":true,"href":"https:\/\/www.dxnwellness.eu\/pl\/wp-json\/wp\/v2\/product_tag?post=5020"}],"curies":[{"name":"wp","href":"https:\/\/api.w.org\/{rel}","templated":true}]}}