{"id":5373,"date":"2025-03-17T07:01:48","date_gmt":"2025-03-17T07:01:48","guid":{"rendered":"https:\/\/www.dxnwellness.eu\/pl\/?page_id=5373"},"modified":"2025-03-31T09:45:22","modified_gmt":"2025-03-31T09:45:22","slug":"warunki-zasady","status":"publish","type":"page","link":"https:\/\/www.dxnwellness.eu\/pl\/warunki-zasady\/","title":{"rendered":"Warunki i zasady"},"content":{"rendered":"<h3>INFORMACJA O OCHRONIE DANYCH OSOBOWYCH<\/h3>\n<p>Zgodnie z ustaw\u0105 o ochronie danych osobowych z 2010 r. (ustawa 709) (\u201ePDPA\u201d), kt\u00f3ra wesz\u0142a w \u017cycie 15 listopada 2013 r.,<br \/>\nDXN (\u201eDXN\u201d, \u201emy\u201d, \u201enas\u201d) niniejszym zobowi\u0105zuje si\u0119 do przekazania informacji i uzyskania zgody w zwi\u0105zku ze zbieraniem, rejestrowaniem,<br \/>\nprzechowywaniem, wykorzystywaniem i zatrzymywaniem danych osobowych.<\/p>\n<p>1. DXN zbiera i przetwarza dane osobowe na podstawie zgody i upowa\u017cnienia udzielonego przez osoby, kt\u00f3re staraj\u0105 si\u0119 o zatrudnienie lub s\u0105 obecnie zatrudnione przez nas. Dane osobowe, w tym poufne dane osobowe, s\u0105 wymienione, ale nie wy\u0142\u0105cznie, jak poni\u017cej;<br \/>\n&#8211; Imi\u0119 i nazwisko, numer NRIC, adres, numer telefonu, numer faksu, p\u0142e\u0107, data urodzenia, miejsce urodzenia, religia,<br \/>\nwiek, pochodzenie etniczne, stan cywilny, obywatelstwo, numer EPF, numer podatku dochodowego, konta bankowe, kwalifikacje edukacyjne, informacje o wynagrodzeniu i \u015bwiadczeniach, zdj\u0119cia, referencje;<br \/>\n&#8211; Szczeg\u00f3\u0142y dotycz\u0105ce ma\u0142\u017conka lub innych cz\u0142onk\u00f3w rodziny (w tym, ale nie wy\u0142\u0105cznie, imi\u0119 i nazwisko, numer NRIC, wiek, adres,<br \/>\nzaw\u00f3d, numer podatkowy, kwalifikacje edukacyjne);<br \/>\n&#8211; wzrost, waga, stan zdrowia i historia zdrowia rodziny.<\/p>\n<p>2. Cele, w kt\u00f3rych dane osobowe mog\u0105 by\u0107 wykorzystywane, obejmuj\u0105, ale nie ograniczaj\u0105 si\u0119 do:-<br \/>\n(a) Ustalenia wst\u0119pnego zatrudnienia i weryfikacji referencji;<br \/>\n(b) Przetwarzania wszelkich p\u0142atno\u015bci, w tym wynagrodze\u0144 i \u015bwiadcze\u0144 oraz us\u0142ug, kt\u00f3re maj\u0105 zastosowanie;<br \/>\n(c) Przetwarzania roszcze\u0144 pracowniczych zwi\u0105zanych z prac\u0105;<br \/>\n(d) Ustalania wymog\u00f3w szkoleniowych;<br \/>\n(e) Przeprowadzania oceny\/oceny wynik\u00f3w;<br \/>\n(f) Do og\u00f3lnych cel\u00f3w administracyjnych i ewaluacyjnych w ramach zarz\u0105dzania zasobami ludzkimi;<br \/>\n(g) Do cel\u00f3w komunikacyjnych;<br \/>\n(h) Do cel\u00f3w \u0142adu korporacyjnego DXN.<\/p>\n<p>3. Twoje dane osobowe mog\u0105 zosta\u0107 przekazane i\/lub ujawnione DXN i jej grupie sp\u00f3\u0142ek oraz jej partnerom wsp\u00f3\u0142pracuj\u0105cym. Twoje dane mog\u0105 zosta\u0107 udost\u0119pnione, gdy wymagaj\u0105 tego przepisy prawa i gdy ujawnienie jest konieczne, aby przestrzega\u0107 obowi\u0105zuj\u0105cych przepis\u00f3w prawa.<\/p>\n<p>4. Wszelkie dane osobowe przechowywane przez DXN mog\u0105 zosta\u0107 zniszczone i\/lub usuni\u0119te w przypadku, gdy takie informacje nie s\u0105 ju\u017c<br \/>\npotrzebne DXN.<\/p>\n<p>5. DXN zobowi\u0105zuje si\u0119 do zapewnienia poufno\u015bci, ochrony, bezpiecze\u0144stwa i dok\u0142adno\u015bci danych osobowych<br \/>\nudost\u0119pnianych DXN. Jeste\u015b odpowiedzialny za zapewnienie, \u017ce dane nam dostarczone s\u0105 dok\u0142adne, kompletne, niewprowadzaj\u0105ce w b\u0142\u0105d i aktualne. DXN zapewni r\u00f3wnie\u017c, \u017ce Twoje dane osobowe nie b\u0119d\u0105 wykorzystywane w celach innych ni\u017c zamierzone, jak wspomniano powy\u017cej.<\/p>\n<p>6. Podaj\u0105c dane osobowe i informacje wymagane od innej osoby DXN, niniejszym potwierdzasz, \u017ce<br \/>\nzosta\u0142e\u015b upowa\u017cnione i wyrazi\u0142e\u015b zgod\u0119 przez t\u0119 osob\u0119 do dzia\u0142ania w jej imieniu, aby wyrazi\u0107 zgod\u0119 i upowa\u017cni\u0107 DXN do przetwarzania jej danych osobowych w celach.<\/p>\n<p>7. Mo\u017cesz uzyska\u0107 dost\u0119p do swoich danych osobowych, sk\u0142adaj\u0105c pisemne powiadomienie do Dzia\u0142u Zasob\u00f3w Ludzkich. Informujemy, \u017ce<br \/>\nTw\u00f3j dost\u0119p do danych osobowych nie jest absolutny, poniewa\u017c istniej\u0105 przypadki, w kt\u00f3rych obowi\u0105zuj\u0105ce prawo wymaga od nas odmowy udost\u0119pnienia niekt\u00f3rych lub wszystkich danych osobowych, kt\u00f3re posiadamy na Tw\u00f3j temat. W takim przypadku<br \/>\ndo\u0142o\u017cymy wszelkich stara\u0144, aby poinformowa\u0107 Ci\u0119 o powodzie, z zastrze\u017ceniem wszelkich ogranicze\u0144 prawnych lub regulacyjnych.<\/p>\n<p>8. W przypadku dalszych pyta\u0144 prosimy o kontakt:<br \/>\nWi\u0119cej informacji mo\u017cna uzyska\u0107 kontaktuj\u0105c si\u0119 z:<br \/>\nInspektor Danych Osobowych<br \/>\nnr 113, Bandar Stargate,<br \/>\nLebuhraya Sultanah Bahiyah,<br \/>\n05400 Alor Setar, Kedah Darul Aman<br \/>\nNumer telefonu: +604771 6688 \/ Numer faksu: +6047723775<br \/>\nAdres e-mail: pdpa@dxn2u.com<\/p>\n<p>9. W przypadku jakichkolwiek rozbie\u017cno\u015bci pomi\u0119dzy wersj\u0105 angielsk\u0105 a wersj\u0105 w j\u0119zyku polskim, wersja angielska ma pierwsze\u0144stwo.<\/p>\n","protected":false},"excerpt":{"rendered":"<p>INFORMACJA O OCHRONIE DANYCH OSOBOWYCH Zgodnie z ustaw\u0105 o ochronie danych osobowych z 2010 r. (ustawa 709) (\u201ePDPA\u201d), kt\u00f3ra wesz\u0142a w \u017cycie 15 listopada 2013 r., DXN (\u201eDXN\u201d, \u201emy\u201d, \u201enas\u201d) niniejszym zobowi\u0105zuje si\u0119 do przekazania informacji i uzyskania zgody w zwi\u0105zku ze zbieraniem, rejestrowaniem, przechowywaniem, wykorzystywaniem i zatrzymywaniem danych osobowych. 1. DXN zbiera i przetwarza [&hellip;]<\/p>\n","protected":false},"author":2,"featured_media":0,"parent":0,"menu_order":0,"comment_status":"closed","ping_status":"closed","template":"terms_privacy.php","meta":{"_acf_changed":false,"footnotes":""},"class_list":["post-5373","page","type-page","status-publish","hentry"],"acf":[],"_links":{"self":[{"href":"https:\/\/www.dxnwellness.eu\/pl\/wp-json\/wp\/v2\/pages\/5373","targetHints":{"allow":["GET"]}}],"collection":[{"href":"https:\/\/www.dxnwellness.eu\/pl\/wp-json\/wp\/v2\/pages"}],"about":[{"href":"https:\/\/www.dxnwellness.eu\/pl\/wp-json\/wp\/v2\/types\/page"}],"author":[{"embeddable":true,"href":"https:\/\/www.dxnwellness.eu\/pl\/wp-json\/wp\/v2\/users\/2"}],"replies":[{"embeddable":true,"href":"https:\/\/www.dxnwellness.eu\/pl\/wp-json\/wp\/v2\/comments?post=5373"}],"version-history":[{"count":3,"href":"https:\/\/www.dxnwellness.eu\/pl\/wp-json\/wp\/v2\/pages\/5373\/revisions"}],"predecessor-version":[{"id":5473,"href":"https:\/\/www.dxnwellness.eu\/pl\/wp-json\/wp\/v2\/pages\/5373\/revisions\/5473"}],"wp:attachment":[{"href":"https:\/\/www.dxnwellness.eu\/pl\/wp-json\/wp\/v2\/media?parent=5373"}],"curies":[{"name":"wp","href":"https:\/\/api.w.org\/{rel}","templated":true}]}}