{"id":41,"date":"2021-07-15T13:26:57","date_gmt":"2021-07-15T13:26:57","guid":{"rendered":"https:\/\/demo.sevenloft.com\/sevenloft-package\/?page_id=41"},"modified":"2025-03-31T09:42:06","modified_gmt":"2025-03-31T09:42:06","slug":"terms","status":"publish","type":"page","link":"https:\/\/www.dxnwellness.eu\/pl\/terms\/","title":{"rendered":"Warunki korzystania"},"content":{"rendered":"<h3>1. Zastrze\u017cenie dotycz\u0105ce witryny internetowej<\/h3>\n<p><strong>Informacja<\/strong><br \/>\nStrona internetowa DXN zawiera informacje, dane, dokumenty, zasady, procedury, instrukcje i obrazy (zwane dalej \u201eInformacjami\u201d), kt\u00f3re zosta\u0142y stworzone przez DXN. \u201eInformacje\u201d mog\u0105 obejmowa\u0107 dane pochodz\u0105ce od stron trzecich (\u201eInformacje stron trzecich\u201d), kt\u00f3re nie s\u0105 popierane ani promowane przez DXN i w zwi\u0105zku z tym niekoniecznie odzwierciedlaj\u0105 zasady, procedury, standardy lub wytyczne DXN.<br \/>\nInformacje oraz Informacje od os\u00f3b trzecich zawarte na tej stronie zosta\u0142y przedstawione z nale\u017cyt\u0105 staranno\u015bci\u0105 i by\u0142y uwa\u017cane za prawdziwe i dok\u0142adne w momencie ich opublikowania. Jednak\u017ce DXN zastrzega sobie prawo do modyfikowania, poprawiania i ulepszania Informacji w dowolnym momencie i bez wcze\u015bniejszego powiadomienia.<br \/>\nInformacje mog\u0105 zawiera\u0107 nie\u015bcis\u0142o\u015bci techniczne i b\u0142\u0119dy typograficzne. W zwi\u0105zku z tym DXN nie gwarantuje i nie o\u015bwiadcza, \u017ce \u200b\u200bInformacje lub Informacje stron trzecich b\u0119d\u0105 wolne od b\u0142\u0119d\u00f3w lub pomini\u0119\u0107. DXN nie ponosi odpowiedzialno\u015bci za dok\u0142adno\u015b\u0107, wa\u017cno\u015b\u0107, wiarygodno\u015b\u0107 i precyzj\u0119 Informacji oraz Informacji Stron Trzecich interpretowanych i wykorzystywanych przez jakiegokolwiek u\u017cytkownika.<br \/>\n\u017badna cz\u0119\u015b\u0107 niniejszej publikacji nie mo\u017ce by\u0107 reprodukowana w jakiejkolwiek formie lub przekazywana jakiejkolwiek innej osobie bez uprzedniej pisemnej zgody DXN.<br \/>\nU\u017cytkownicy zgadzaj\u0105 si\u0119 na nast\u0119puj\u0105ce warunki:<\/p>\n<p>Pobrane dokumenty s\u0142u\u017c\u0105 wy\u0142\u0105cznie celom informacyjnym.<br \/>\nKopi\u0119 mo\u017cna przechowywa\u0107 lub drukowa\u0107 wy\u0142\u0105cznie do u\u017cytku osobistego i nie wolno jej powiela\u0107 w \u017cadnej formie.<br \/>\nWyodr\u0119bnianie informacji z dokument\u00f3w jest surowo zabronione, chyba \u017ce zezwala na to prawo autorskie i uzyskano uprzedni\u0105 pisemn\u0105 zgod\u0119 DXN.<br \/>\n\u017badna cz\u0119\u015b\u0107 Informacji nie mo\u017ce zosta\u0107 zmodyfikowana w celu udost\u0119pnienia jej innej osobie lub organizacji bez uprzedniej pisemnej zgody DXN.<br \/>\nU\u017cytkownik ponosi wy\u0142\u0105czn\u0105 odpowiedzialno\u015b\u0107 za to, aby tre\u015bci i informacje publikowane na Stronie internetowej by\u0142y odpowiednie, dozwolone i legalne w kraju, w kt\u00f3rym mieszka, zgodnie z prawem obowi\u0105zuj\u0105cym w kraju zamieszkania U\u017cytkownika.<\/p>\n<p><strong>Znaki towarowe<\/strong><br \/>\nWszystkie nazwy handlowe, znaki towarowe, nazwy us\u0142ug, nazwy produkt\u00f3w, informacje o produktach, adresy URL, adresy stron internetowych, logotypy, projekty i symbole s\u0105 w\u0142asno\u015bci\u0105 DXN.<br \/>\nDXN nie zezwala na u\u017cywanie tych przedmiot\u00f3w w \u017cadnym celu ani przez \u017cadn\u0105 osob\u0119 bez uprzedniej pisemnej zgody DXN, z wyj\u0105tkiem autoryzowanych sprzedawc\u00f3w detalicznych i handlowc\u00f3w DXN.<\/p>\n<p><strong>Zastrze\u017cenie<\/strong><br \/>\nDXN nie gwarantuje i nie ponosi odpowiedzialno\u015bci za sta\u0142\u0105 dost\u0119pno\u015b\u0107, nieprzerwan\u0105 dost\u0119pno\u015b\u0107 i brak b\u0142\u0119d\u00f3w w \u015bwiadczeniu us\u0142ug. Mog\u0105 wyst\u0105pi\u0107 op\u00f3\u017anienia, pomini\u0119cia, przerwy i nie\u015bcis\u0142o\u015bci w tre\u015bciach, rozpowszechnianiu wiadomo\u015bci, informacji i innych materia\u0142\u00f3w. DXN podejmie odpowiednie \u015brodki ostro\u017cno\u015bci, aby zapobiec przedostaniu si\u0119 wirus\u00f3w i innych destrukcyjnych element\u00f3w do swojej witryny internetowej. Jednak\u017ce DXN nie ponosi odpowiedzialno\u015bci i nie gwarantuje, \u017ce jego strona internetowa jest wolna od element\u00f3w destrukcyjnych, takich jak wirusy komputerowe, hakerzy lub sabota\u017c techniczny.<\/p>\n<h3>2. Linki ze stron nieautoryzowanych przez DXN<\/h3>\n<p>Nieautoryzowane witryny, kt\u00f3rych w\u0142a\u015bcicielem lub operatorem nie jest DXN, mog\u0105 zawiera\u0107 linki do oficjalnej witryny DXN. Umieszczenie linku do oficjalnej strony internetowej DXN nie oznacza, \u017ce \u200b\u200bDXN popiera lub ponosi odpowiedzialno\u015b\u0107 za tre\u015b\u0107, u\u017cytkowanie lub produkty i us\u0142ugi oferowane za po\u015brednictwem takich nieautoryzowanych stron.<br \/>\nKorzystaj\u0105c z takiego linku, potwierdzasz i zgadzasz si\u0119, \u017ce DXN nie ponosi odpowiedzialno\u015bci za dzia\u0142ania, tre\u015b\u0107, dost\u0119p, polityk\u0119 prywatno\u015bci, wyra\u017cane opinie, prezentacje, \u015bwiadczone us\u0142ugi, towary oferowane do sprzeda\u017cy ani \u017cadne inne linki udost\u0119pniane na takich nieoficjalnych stronach DXN.<\/p>\n","protected":false},"excerpt":{"rendered":"<p>1. Zastrze\u017cenie dotycz\u0105ce witryny internetowej Informacja Strona internetowa DXN zawiera informacje, dane, dokumenty, zasady, procedury, instrukcje i obrazy (zwane dalej \u201eInformacjami\u201d), kt\u00f3re zosta\u0142y stworzone przez DXN. \u201eInformacje\u201d mog\u0105 obejmowa\u0107 dane pochodz\u0105ce od stron trzecich (\u201eInformacje stron trzecich\u201d), kt\u00f3re nie s\u0105 popierane ani promowane przez DXN i w zwi\u0105zku z tym niekoniecznie odzwierciedlaj\u0105 zasady, procedury, standardy [&hellip;]<\/p>\n","protected":false},"author":3,"featured_media":0,"parent":0,"menu_order":0,"comment_status":"closed","ping_status":"closed","template":"terms_privacy.php","meta":{"_acf_changed":false,"footnotes":""},"class_list":["post-41","page","type-page","status-publish","hentry"],"acf":[],"_links":{"self":[{"href":"https:\/\/www.dxnwellness.eu\/pl\/wp-json\/wp\/v2\/pages\/41","targetHints":{"allow":["GET"]}}],"collection":[{"href":"https:\/\/www.dxnwellness.eu\/pl\/wp-json\/wp\/v2\/pages"}],"about":[{"href":"https:\/\/www.dxnwellness.eu\/pl\/wp-json\/wp\/v2\/types\/page"}],"author":[{"embeddable":true,"href":"https:\/\/www.dxnwellness.eu\/pl\/wp-json\/wp\/v2\/users\/3"}],"replies":[{"embeddable":true,"href":"https:\/\/www.dxnwellness.eu\/pl\/wp-json\/wp\/v2\/comments?post=41"}],"version-history":[{"count":12,"href":"https:\/\/www.dxnwellness.eu\/pl\/wp-json\/wp\/v2\/pages\/41\/revisions"}],"predecessor-version":[{"id":5471,"href":"https:\/\/www.dxnwellness.eu\/pl\/wp-json\/wp\/v2\/pages\/41\/revisions\/5471"}],"wp:attachment":[{"href":"https:\/\/www.dxnwellness.eu\/pl\/wp-json\/wp\/v2\/media?parent=41"}],"curies":[{"name":"wp","href":"https:\/\/api.w.org\/{rel}","templated":true}]}}