{"id":39,"date":"2021-07-15T13:23:14","date_gmt":"2021-07-15T13:23:14","guid":{"rendered":"https:\/\/demo.sevenloft.com\/sevenloft-package\/?page_id=39"},"modified":"2025-04-08T10:57:37","modified_gmt":"2025-04-08T10:57:37","slug":"delivery-payment","status":"publish","type":"page","link":"https:\/\/www.dxnwellness.eu\/pl\/delivery-payment\/","title":{"rendered":"Dostawa i p\u0142atno\u015b\u0107"},"content":{"rendered":"<h3>Sposoby sk\u0142adania zam\u00f3wienia<\/h3>\n<p>Poprzez eworld.dxn2u.com: Po wybraniu interesuj\u0105cego Ci\u0119 produktu naci\u015bnij przycisk \u201ekoszyk\u201d, po czym b\u0119dziesz mie\u0107 do wyboru dwie opcje:<br \/>\nA) Kontynuuj sk\u0142adanie zam\u00f3wienia, wyszukuj\u0105c i dodaj\u0105c inne interesuj\u0105ce Ci\u0119 produkty.<br \/>\nB) Sfinalizuj zam\u00f3wienie klikaj\u0105c przycisk \u201eWy\u015bwietl koszyk\u201d, a nast\u0119pnie post\u0119puj zgodnie ze szczeg\u00f3\u0142owymi instrukcjami dotycz\u0105cymi p\u0142atno\u015bci i dostawy.<\/p>\n<p>Wysy\u0142aj\u0105c wiadomo\u015b\u0107 e-mail na adres dxn.magazyn@op.pl.<\/p>\n<p>Odbi\u00f3r zam\u00f3wienia w naszym sklepie w godz. 9:00-15:00:<\/p>\n<p>Ganoderma Center Poland<br \/>\nul. Dmowskiego 12, lokal 204<br \/>\n80-264 Gda\u0144sk<\/p>\n<h3>Metody p\u0142atno\u015bci<\/h3>\n<p>Za zam\u00f3wienie mo\u017cesz zap\u0142aci\u0107 przed dostaw\u0105 lub w momencie jej otrzymania za po\u015brednictwem:<\/p>\n<p>P\u0142atno\u015b\u0107 w sklepie stacjonarnym got\u00f3wk\u0105, kart\u0105, BLIK na numer 505 126 419 lub za pomoc\u0105 kodu BLIK.<\/p>\n<p>Ganoderma Center Poland<br \/>\nul. Dmowskiego 12, lokal 204<br \/>\n80-264 Gda\u0144sk<\/p>\n<p>P\u0142atno\u015b\u0107 za pobraniem przy odbiorze zam\u00f3wienia w domu, biurze lub w punkcie odbioru kurierskiego (dodatkowy koszt 15,00 PLN).<\/p>\n<p>Przelew bankowy na nast\u0119puj\u0105ce konta (z tego samego banku, aby unikn\u0105\u0107 op\u0142at):<\/p>\n<p>Santander Bank: PL86109010980000000131683578<\/p>\n<p>Tytu\u0142: Numer zam\u00f3wienia lub kod cz\u0142onkowski.<\/p>\n<p>Zap\u0142a\u0107 kart\u0105 kredytow\u0105\/debetow\u0105, za pomoc\u0105 Paypal lub BLIK podczas sk\u0142adania zam\u00f3wienia online.<\/p>\n<h3>Wysy\u0142ka i dostawa<\/h3>\n<p>Dostarczamy do Polski. Mo\u017cesz odebra\u0107 zam\u00f3wienie w naszym sklepie stacjonarnym lub zleci\u0107 jego dostaw\u0119 na wskazany adres.<\/p>\n<p>Otrzymasz wiadomo\u015b\u0107 e-mail z potwierdzeniem i informacj\u0105 o \u015bledzeniu zam\u00f3wienia.<\/p>\n<p>Informujemy, \u017ce realizacja zam\u00f3wie\u0144 z\u0142o\u017conych w ostatnim dniu miesi\u0105ca, kt\u00f3rych wp\u0142ata zostanie zaksi\u0119gowana po godz. 12:00, odbywa si\u0119 w nast\u0119pnym dniu roboczym. Punkty za to zam\u00f3wienie zostan\u0105 przypisane do kolejnego miesi\u0105ca.<\/p>\n<p>Realizacja zam\u00f3wie\u0144 z\u0142o\u017conych w sobot\u0119, niedziel\u0119 lub \u015bwi\u0119ta, kt\u00f3rych wp\u0142ata zosta\u0142a zaksi\u0119gowana, r\u00f3wnie\u017c odbywa si\u0119 w kolejnym dniu roboczym.<\/p>\n<h3>Terminy dostawy:<\/h3>\n<p>1\u20133 dni robocze w przypadku podr\u00f3\u017cy l\u0105dowych od momentu zaksi\u0119gowania wp\u0142aty.<\/p>\n<p>Firmy kurierskie nie dostarczaj\u0105 przesy\u0142ek w weekendy.<\/p>\n","protected":false},"excerpt":{"rendered":"<p>Sposoby sk\u0142adania zam\u00f3wienia Poprzez eworld.dxn2u.com: Po wybraniu interesuj\u0105cego Ci\u0119 produktu naci\u015bnij przycisk \u201ekoszyk\u201d, po czym b\u0119dziesz mie\u0107 do wyboru dwie opcje: A) Kontynuuj sk\u0142adanie zam\u00f3wienia, wyszukuj\u0105c i dodaj\u0105c inne interesuj\u0105ce Ci\u0119 produkty. B) Sfinalizuj zam\u00f3wienie klikaj\u0105c przycisk \u201eWy\u015bwietl koszyk\u201d, a nast\u0119pnie post\u0119puj zgodnie ze szczeg\u00f3\u0142owymi instrukcjami dotycz\u0105cymi p\u0142atno\u015bci i dostawy. Wysy\u0142aj\u0105c wiadomo\u015b\u0107 e-mail na adres [&hellip;]<\/p>\n","protected":false},"author":3,"featured_media":0,"parent":0,"menu_order":0,"comment_status":"closed","ping_status":"closed","template":"terms_privacy.php","meta":{"_acf_changed":false,"footnotes":""},"class_list":["post-39","page","type-page","status-publish","hentry"],"acf":[],"_links":{"self":[{"href":"https:\/\/www.dxnwellness.eu\/pl\/wp-json\/wp\/v2\/pages\/39","targetHints":{"allow":["GET"]}}],"collection":[{"href":"https:\/\/www.dxnwellness.eu\/pl\/wp-json\/wp\/v2\/pages"}],"about":[{"href":"https:\/\/www.dxnwellness.eu\/pl\/wp-json\/wp\/v2\/types\/page"}],"author":[{"embeddable":true,"href":"https:\/\/www.dxnwellness.eu\/pl\/wp-json\/wp\/v2\/users\/3"}],"replies":[{"embeddable":true,"href":"https:\/\/www.dxnwellness.eu\/pl\/wp-json\/wp\/v2\/comments?post=39"}],"version-history":[{"count":8,"href":"https:\/\/www.dxnwellness.eu\/pl\/wp-json\/wp\/v2\/pages\/39\/revisions"}],"predecessor-version":[{"id":5483,"href":"https:\/\/www.dxnwellness.eu\/pl\/wp-json\/wp\/v2\/pages\/39\/revisions\/5483"}],"wp:attachment":[{"href":"https:\/\/www.dxnwellness.eu\/pl\/wp-json\/wp\/v2\/media?parent=39"}],"curies":[{"name":"wp","href":"https:\/\/api.w.org\/{rel}","templated":true}]}}