{"id":5994,"date":"2025-05-18T21:47:35","date_gmt":"2025-05-18T21:47:35","guid":{"rendered":"https:\/\/www.dxnwellness.eu\/it\/product\/dxn-kallow-divine-touch-lifting-impact-face-cream\/"},"modified":"2026-04-03T13:15:24","modified_gmt":"2026-04-03T13:15:24","slug":"dxn-kallow-divine-touch-lifting-impact-face-cream","status":"publish","type":"product","link":"https:\/\/www.dxnwellness.eu\/it\/product\/dxn-kallow-divine-touch-lifting-impact-face-cream\/","title":{"rendered":"DXN Kallow \u2013 Divine Touch Lifting Impact Face Cream"},"content":{"rendered":"<p>La fantastica crema ad effetto lifting istantaneo \u201cDivine Touch\u201d DXN fa meraviglie. Ripristina il contorno del viso e dona alla pelle un aspetto giovane. Crema con effetto lifting che idrata e nutre la pelle in profondit\u00e0, con una texture ricca che attenua le rughe e regala una pelle pi\u00f9 luminosa. \u00c8 arricchita con peptidi, cellule staminali della mela verde, olio di avocado, olio di albicocca, olio di argan, un complesso di vitamine A, E, F e C con un forte effetto antiossidante che ritarda i segni dell\u2019invecchiamento e favorisce la produzione di collagene. Crema modellante che tonifica i contorni del viso, ridona volume e riduce la profondit\u00e0 delle rughe. Nutre intensamente la pelle.<\/p>\n","protected":false},"excerpt":{"rendered":"<p>La fantastica crema ad effetto lifting istantaneo \u201cDivine Touch\u201d DXN fa meraviglie. Ripristina il contorno del viso e dona alla pelle un aspetto giovane. Crema con effetto lifting che idrata e nutre la pelle in profondit\u00e0, con una texture ricca che attenua le rughe e regala una pelle pi\u00f9 luminosa. \u00c8 arricchita con peptidi, cellule [&hellip;]<\/p>\n","protected":false},"featured_media":5300,"comment_status":"open","ping_status":"closed","template":"","meta":{"_acf_changed":false},"product_brand":[],"product_cat":[363],"product_tag":[],"class_list":{"0":"post-5994","1":"product","2":"type-product","3":"status-publish","4":"has-post-thumbnail","6":"product_cat-kallow-cosmetics","7":"pa_package-50ml","9":"first","10":"instock","11":"purchasable","12":"product-type-simple"},"acf":[],"_links":{"self":[{"href":"https:\/\/www.dxnwellness.eu\/it\/wp-json\/wp\/v2\/product\/5994","targetHints":{"allow":["GET"]}}],"collection":[{"href":"https:\/\/www.dxnwellness.eu\/it\/wp-json\/wp\/v2\/product"}],"about":[{"href":"https:\/\/www.dxnwellness.eu\/it\/wp-json\/wp\/v2\/types\/product"}],"replies":[{"embeddable":true,"href":"https:\/\/www.dxnwellness.eu\/it\/wp-json\/wp\/v2\/comments?post=5994"}],"wp:featuredmedia":[{"embeddable":true,"href":"https:\/\/www.dxnwellness.eu\/it\/wp-json\/wp\/v2\/media\/5300"}],"wp:attachment":[{"href":"https:\/\/www.dxnwellness.eu\/it\/wp-json\/wp\/v2\/media?parent=5994"}],"wp:term":[{"taxonomy":"product_brand","embeddable":true,"href":"https:\/\/www.dxnwellness.eu\/it\/wp-json\/wp\/v2\/product_brand?post=5994"},{"taxonomy":"product_cat","embeddable":true,"href":"https:\/\/www.dxnwellness.eu\/it\/wp-json\/wp\/v2\/product_cat?post=5994"},{"taxonomy":"product_tag","embeddable":true,"href":"https:\/\/www.dxnwellness.eu\/it\/wp-json\/wp\/v2\/product_tag?post=5994"}],"curies":[{"name":"wp","href":"https:\/\/api.w.org\/{rel}","templated":true}]}}