{"id":5978,"date":"2025-05-18T21:47:35","date_gmt":"2025-05-18T21:47:35","guid":{"rendered":"https:\/\/www.dxnwellness.eu\/it\/product\/dxn-kallow-aloe-chamomile-instant-foaming-cleanser\/"},"modified":"2026-04-03T13:15:24","modified_gmt":"2026-04-03T13:15:24","slug":"dxn-kallow-aloe-chamomile-instant-foaming-cleanser","status":"publish","type":"product","link":"https:\/\/www.dxnwellness.eu\/it\/product\/dxn-kallow-aloe-chamomile-instant-foaming-cleanser\/","title":{"rendered":"DXN Kallow \u2013 Aloe &amp; Chamomile Instant Foaming Cleanser"},"content":{"rendered":"<p>Delicata schiuma detergente per il viso a base di Aloe Vera e Camomilla, ingredienti noti fin dall\u2019antichit\u00e0 per le loro propriet\u00e0 benefiche. Penetra in profondit\u00e0 nei pori della pelle, senza dilatarli, per una pulizia profonda, rimuovendo lo sporco e il sebo. Il suo elevato effetto antiossidante e lenitivo la rende adatta a qualsiasi tipo di pelle, alleviando le irritazioni e apportando idratazione e ringiovanimento.<\/p>\n","protected":false},"excerpt":{"rendered":"<p>Delicata schiuma detergente per il viso a base di Aloe Vera e Camomilla, ingredienti noti fin dall\u2019antichit\u00e0 per le loro propriet\u00e0 benefiche. Penetra in profondit\u00e0 nei pori della pelle, senza dilatarli, per una pulizia profonda, rimuovendo lo sporco e il sebo. Il suo elevato effetto antiossidante e lenitivo la rende adatta a qualsiasi tipo di [&hellip;]<\/p>\n","protected":false},"featured_media":5282,"comment_status":"open","ping_status":"closed","template":"","meta":{"_acf_changed":false},"product_brand":[],"product_cat":[363],"product_tag":[],"class_list":{"0":"post-5978","1":"product","2":"type-product","3":"status-publish","4":"has-post-thumbnail","6":"product_cat-kallow-cosmetics","7":"pa_package-150ml","9":"first","10":"instock","11":"purchasable","12":"product-type-simple"},"acf":[],"_links":{"self":[{"href":"https:\/\/www.dxnwellness.eu\/it\/wp-json\/wp\/v2\/product\/5978","targetHints":{"allow":["GET"]}}],"collection":[{"href":"https:\/\/www.dxnwellness.eu\/it\/wp-json\/wp\/v2\/product"}],"about":[{"href":"https:\/\/www.dxnwellness.eu\/it\/wp-json\/wp\/v2\/types\/product"}],"replies":[{"embeddable":true,"href":"https:\/\/www.dxnwellness.eu\/it\/wp-json\/wp\/v2\/comments?post=5978"}],"wp:featuredmedia":[{"embeddable":true,"href":"https:\/\/www.dxnwellness.eu\/it\/wp-json\/wp\/v2\/media\/5282"}],"wp:attachment":[{"href":"https:\/\/www.dxnwellness.eu\/it\/wp-json\/wp\/v2\/media?parent=5978"}],"wp:term":[{"taxonomy":"product_brand","embeddable":true,"href":"https:\/\/www.dxnwellness.eu\/it\/wp-json\/wp\/v2\/product_brand?post=5978"},{"taxonomy":"product_cat","embeddable":true,"href":"https:\/\/www.dxnwellness.eu\/it\/wp-json\/wp\/v2\/product_cat?post=5978"},{"taxonomy":"product_tag","embeddable":true,"href":"https:\/\/www.dxnwellness.eu\/it\/wp-json\/wp\/v2\/product_tag?post=5978"}],"curies":[{"name":"wp","href":"https:\/\/api.w.org\/{rel}","templated":true}]}}