{"id":5976,"date":"2025-05-18T21:47:35","date_gmt":"2025-05-18T21:47:35","guid":{"rendered":"https:\/\/www.dxnwellness.eu\/it\/product\/dxn-chubby-baby-oil\/"},"modified":"2026-04-03T13:15:24","modified_gmt":"2026-04-03T13:15:24","slug":"dxn-chubby-baby-oil","status":"publish","type":"product","link":"https:\/\/www.dxnwellness.eu\/it\/product\/dxn-chubby-baby-oil\/","title":{"rendered":"DXN Chubby Baby Oil"},"content":{"rendered":"<p>Coccolate i vostri piccoli con l\u2019olio per bambini DXN Chubby Baby Oil, arricchito con olio di semi di girasole e una miscela di ingredienti botanici delicati, tra cui l&#8217;estratto di fiori di Crisantemo, l&#8217;estratto di radice di liquirizia, l&#8217;estratto di radice di Sophora angustifolia e l&#8217;estratto di radice di Angelica gigas. Questo olio lenitivo \u00e8 stato appositamente formulato per mantenere l&#8217;idratazione della pelle, anche nei punti pi\u00f9 difficili e delicati. \u00c8 delicato per la pelle delicata dei bambini e versatile per giovani e adulti per detergere, rimuovere il trucco o ammorbidire la pelle ruvida di zone come gomiti o talloni.<\/p>\n<p>Concedete alla pelle del vostro bambino la cura nutriente che merita con DXN Chubby Baby Oil, perfetto per le pelli sensibili!<\/p>\n","protected":false},"excerpt":{"rendered":"<p>Coccolate i vostri piccoli con l\u2019olio per bambini DXN Chubby Baby Oil, arricchito con olio di semi di girasole e una miscela di ingredienti botanici delicati, tra cui l&#8217;estratto di fiori di Crisantemo, l&#8217;estratto di radice di liquirizia, l&#8217;estratto di radice di Sophora angustifolia e l&#8217;estratto di radice di Angelica gigas. Questo olio lenitivo \u00e8 [&hellip;]<\/p>\n","protected":false},"featured_media":5281,"comment_status":"open","ping_status":"closed","template":"","meta":{"_acf_changed":false},"product_brand":[],"product_cat":[380],"product_tag":[],"class_list":{"0":"post-5976","1":"product","2":"type-product","3":"status-publish","4":"has-post-thumbnail","6":"product_cat-cura-della-persona","7":"pa_package-200-ml","9":"first","10":"instock","11":"purchasable","12":"product-type-simple"},"acf":[],"_links":{"self":[{"href":"https:\/\/www.dxnwellness.eu\/it\/wp-json\/wp\/v2\/product\/5976","targetHints":{"allow":["GET"]}}],"collection":[{"href":"https:\/\/www.dxnwellness.eu\/it\/wp-json\/wp\/v2\/product"}],"about":[{"href":"https:\/\/www.dxnwellness.eu\/it\/wp-json\/wp\/v2\/types\/product"}],"replies":[{"embeddable":true,"href":"https:\/\/www.dxnwellness.eu\/it\/wp-json\/wp\/v2\/comments?post=5976"}],"wp:featuredmedia":[{"embeddable":true,"href":"https:\/\/www.dxnwellness.eu\/it\/wp-json\/wp\/v2\/media\/5281"}],"wp:attachment":[{"href":"https:\/\/www.dxnwellness.eu\/it\/wp-json\/wp\/v2\/media?parent=5976"}],"wp:term":[{"taxonomy":"product_brand","embeddable":true,"href":"https:\/\/www.dxnwellness.eu\/it\/wp-json\/wp\/v2\/product_brand?post=5976"},{"taxonomy":"product_cat","embeddable":true,"href":"https:\/\/www.dxnwellness.eu\/it\/wp-json\/wp\/v2\/product_cat?post=5976"},{"taxonomy":"product_tag","embeddable":true,"href":"https:\/\/www.dxnwellness.eu\/it\/wp-json\/wp\/v2\/product_tag?post=5976"}],"curies":[{"name":"wp","href":"https:\/\/api.w.org\/{rel}","templated":true}]}}