{"id":5957,"date":"2025-05-18T21:47:33","date_gmt":"2025-05-18T21:47:33","guid":{"rendered":"https:\/\/www.dxnwellness.eu\/it\/product\/dxn-myco-veggie-eu\/"},"modified":"2026-04-03T13:15:24","modified_gmt":"2026-04-03T13:15:24","slug":"dxn-myco-veggie-eu","status":"publish","type":"product","link":"https:\/\/www.dxnwellness.eu\/it\/product\/dxn-myco-veggie-eu\/","title":{"rendered":"DXN Myco Veggie EU"},"content":{"rendered":"<p>Provate i benefici nutrienti di DXN Myco Veggie EU, una miscela unica di verdure, funghi, t\u00e8 verde, foglie di gelso, foglie di ginkgo, frutta, erbe e spezie. Ricco di fibre alimentari di alta qualit\u00e0, questo integratore pu\u00f2 sostituire i pasti meno calorici, soprattutto quando si segue una dieta. \u00c8 un ottimo modo per sostenere il benessere generale, fornendo al contempo vitamine e fibre essenziali.<br \/>\nPer ottenere risultati ottimali, assicurarsi di aumentare l&#8217;assunzione di acqua quando si utilizza Myco Veggie EU.<\/p>\n<p>Assaporate il potere degli ingredienti naturali con DXN Myco Veggie EU, il vostro partner perfetto per una dieta sana ed equilibrata!<\/p>\n","protected":false},"excerpt":{"rendered":"<p>Provate i benefici nutrienti di DXN Myco Veggie EU, una miscela unica di verdure, funghi, t\u00e8 verde, foglie di gelso, foglie di ginkgo, frutta, erbe e spezie. Ricco di fibre alimentari di alta qualit\u00e0, questo integratore pu\u00f2 sostituire i pasti meno calorici, soprattutto quando si segue una dieta. \u00c8 un ottimo modo per sostenere il [&hellip;]<\/p>\n","protected":false},"featured_media":5271,"comment_status":"open","ping_status":"closed","template":"","meta":{"_acf_changed":false},"product_brand":[],"product_cat":[379],"product_tag":[],"class_list":{"0":"post-5957","1":"product","2":"type-product","3":"status-publish","4":"has-post-thumbnail","6":"product_cat-integratori","7":"pa_package-400-g","9":"first","10":"instock","11":"purchasable","12":"product-type-simple"},"acf":[],"_links":{"self":[{"href":"https:\/\/www.dxnwellness.eu\/it\/wp-json\/wp\/v2\/product\/5957","targetHints":{"allow":["GET"]}}],"collection":[{"href":"https:\/\/www.dxnwellness.eu\/it\/wp-json\/wp\/v2\/product"}],"about":[{"href":"https:\/\/www.dxnwellness.eu\/it\/wp-json\/wp\/v2\/types\/product"}],"replies":[{"embeddable":true,"href":"https:\/\/www.dxnwellness.eu\/it\/wp-json\/wp\/v2\/comments?post=5957"}],"wp:featuredmedia":[{"embeddable":true,"href":"https:\/\/www.dxnwellness.eu\/it\/wp-json\/wp\/v2\/media\/5271"}],"wp:attachment":[{"href":"https:\/\/www.dxnwellness.eu\/it\/wp-json\/wp\/v2\/media?parent=5957"}],"wp:term":[{"taxonomy":"product_brand","embeddable":true,"href":"https:\/\/www.dxnwellness.eu\/it\/wp-json\/wp\/v2\/product_brand?post=5957"},{"taxonomy":"product_cat","embeddable":true,"href":"https:\/\/www.dxnwellness.eu\/it\/wp-json\/wp\/v2\/product_cat?post=5957"},{"taxonomy":"product_tag","embeddable":true,"href":"https:\/\/www.dxnwellness.eu\/it\/wp-json\/wp\/v2\/product_tag?post=5957"}],"curies":[{"name":"wp","href":"https:\/\/api.w.org\/{rel}","templated":true}]}}