{"id":5935,"date":"2025-05-18T21:47:31","date_gmt":"2025-05-18T21:47:31","guid":{"rendered":"https:\/\/www.dxnwellness.eu\/it\/product\/dxn-spirulina\/"},"modified":"2026-04-03T13:15:24","modified_gmt":"2026-04-03T13:15:24","slug":"dxn-spirulina","status":"publish","type":"product","link":"https:\/\/www.dxnwellness.eu\/it\/product\/dxn-spirulina\/","title":{"rendered":"DXN Spirulina"},"content":{"rendered":"<p>Sfrutta il potere naturale della Spirulina platensis, un&#8217;alga blu-verde ricca di nutrienti essenziali per supportare la funzione generale del tuo corpo. La spirulina DXN \u00e8 priva di sostanze chimiche, coloranti, conservanti e ingredienti artificiali o sintetici, garantendo una fonte di nutrimento pura e naturale. Alto contenuto proteico. Aiuta a contribuire al mantenimento dei normali livelli di zucchero, aiuta in caso di affaticamento, sostiene il sistema immunitario e la vitalit\u00e0 dell&#8217;organismo. La spirulina ti aiuta a sentirti pi\u00f9 energico, pu\u00f2 aiutare con le diete dimagranti. Previene la rottura dell&#8217;amido. L&#8217;amido infrangibile passa attraverso il tratto intestinale, favorendo cos\u00ec la funzione intestinale. Consigliato durante una dieta dimagrante per aiutare a mantenere la massa muscolare. La spirulina \u00e8 un superfood che supporta il sistema di difesa del tuo corpo, aumenta i livelli di energia, migliora l&#8217;attivit\u00e0 fisica e promuove un maggiore senso di benessere.<\/p>\n<p>Sentite la differenza con ogni dose ricca di nutrienti di questo straordinario superalimento!<\/p>\n","protected":false},"excerpt":{"rendered":"<p>Sfrutta il potere naturale della Spirulina platensis, un&#8217;alga blu-verde ricca di nutrienti essenziali per supportare la funzione generale del tuo corpo. La spirulina DXN \u00e8 priva di sostanze chimiche, coloranti, conservanti e ingredienti artificiali o sintetici, garantendo una fonte di nutrimento pura e naturale. Alto contenuto proteico. Aiuta a contribuire al mantenimento dei normali livelli [&hellip;]<\/p>\n","protected":false},"featured_media":5257,"comment_status":"open","ping_status":"closed","template":"","meta":{"_acf_changed":false},"product_brand":[],"product_cat":[379],"product_tag":[],"class_list":{"0":"post-5935","1":"product","2":"type-product","3":"status-publish","4":"has-post-thumbnail","6":"product_cat-integratori","7":"pa_package-120-compresse","8":"pa_package-500-compresse","9":"pa_package-50g","11":"first","12":"instock","13":"purchasable","14":"product-type-variable"},"acf":[],"_links":{"self":[{"href":"https:\/\/www.dxnwellness.eu\/it\/wp-json\/wp\/v2\/product\/5935","targetHints":{"allow":["GET"]}}],"collection":[{"href":"https:\/\/www.dxnwellness.eu\/it\/wp-json\/wp\/v2\/product"}],"about":[{"href":"https:\/\/www.dxnwellness.eu\/it\/wp-json\/wp\/v2\/types\/product"}],"replies":[{"embeddable":true,"href":"https:\/\/www.dxnwellness.eu\/it\/wp-json\/wp\/v2\/comments?post=5935"}],"wp:featuredmedia":[{"embeddable":true,"href":"https:\/\/www.dxnwellness.eu\/it\/wp-json\/wp\/v2\/media\/5257"}],"wp:attachment":[{"href":"https:\/\/www.dxnwellness.eu\/it\/wp-json\/wp\/v2\/media?parent=5935"}],"wp:term":[{"taxonomy":"product_brand","embeddable":true,"href":"https:\/\/www.dxnwellness.eu\/it\/wp-json\/wp\/v2\/product_brand?post=5935"},{"taxonomy":"product_cat","embeddable":true,"href":"https:\/\/www.dxnwellness.eu\/it\/wp-json\/wp\/v2\/product_cat?post=5935"},{"taxonomy":"product_tag","embeddable":true,"href":"https:\/\/www.dxnwellness.eu\/it\/wp-json\/wp\/v2\/product_tag?post=5935"}],"curies":[{"name":"wp","href":"https:\/\/api.w.org\/{rel}","templated":true}]}}