{"id":5913,"date":"2025-05-18T21:47:30","date_gmt":"2025-05-18T21:47:30","guid":{"rendered":"https:\/\/www.dxnwellness.eu\/it\/product\/dxn-goji-berries\/"},"modified":"2026-04-03T13:15:23","modified_gmt":"2026-04-03T13:15:23","slug":"dxn-goji-berries","status":"publish","type":"product","link":"https:\/\/www.dxnwellness.eu\/it\/product\/dxn-goji-berries\/","title":{"rendered":"DXN Goji Berries"},"content":{"rendered":"<p>Le Bacche di Goji di DXN sono un frutto ricco di sostanze nutritive del Lycium barbarum. Sono a basso contenuto calorico ma allo stesso tempo sono ricche di proteine, fibre, zinco, ferro e fosforo. Conosciute come il &#8220;frutto della giovinezza&#8221;, queste bacche sono famose per il loro ricco contenuto nutrizionale e i loro benefici per la salute. Consumate da sole o aggiunte ai vostri piatti preferiti, le bacche di Goji di DXN forniscono una spinta deliziosa e salutare alla vostra dieta.<\/p>\n<p>Ricche di sostanze nutritive: Ricche di proteine, fibre, zinco, ferro e fosforo, offrono un&#8217;ampia gamma di benefici per il benessere generale.<br \/>\nA basso contenuto calorico: Un ottimo spuntino per chi \u00e8 attento all&#8217;apporto calorico, ma con una sana dose di nutrienti essenziali.<br \/>\nIl &#8220;frutto della giovinezza&#8221;: Conosciute per la loro capacit\u00e0 di promuovere la vitalit\u00e0 e la longevit\u00e0, le bacche di Goji sono un&#8217;aggiunta perfetta alla vostra dieta per uno stile di vita giovane ed energico.<\/p>\n","protected":false},"excerpt":{"rendered":"<p>Le Bacche di Goji di DXN sono un frutto ricco di sostanze nutritive del Lycium barbarum. Sono a basso contenuto calorico ma allo stesso tempo sono ricche di proteine, fibre, zinco, ferro e fosforo. Conosciute come il &#8220;frutto della giovinezza&#8221;, queste bacche sono famose per il loro ricco contenuto nutrizionale e i loro benefici per [&hellip;]<\/p>\n","protected":false},"featured_media":5246,"comment_status":"open","ping_status":"closed","template":"","meta":{"_acf_changed":false},"product_brand":[],"product_cat":[378],"product_tag":[],"class_list":{"0":"post-5913","1":"product","2":"type-product","3":"status-publish","4":"has-post-thumbnail","6":"product_cat-alimenti","7":"pa_package-350-g","9":"first","10":"instock","11":"purchasable","12":"product-type-simple"},"acf":[],"_links":{"self":[{"href":"https:\/\/www.dxnwellness.eu\/it\/wp-json\/wp\/v2\/product\/5913","targetHints":{"allow":["GET"]}}],"collection":[{"href":"https:\/\/www.dxnwellness.eu\/it\/wp-json\/wp\/v2\/product"}],"about":[{"href":"https:\/\/www.dxnwellness.eu\/it\/wp-json\/wp\/v2\/types\/product"}],"replies":[{"embeddable":true,"href":"https:\/\/www.dxnwellness.eu\/it\/wp-json\/wp\/v2\/comments?post=5913"}],"wp:featuredmedia":[{"embeddable":true,"href":"https:\/\/www.dxnwellness.eu\/it\/wp-json\/wp\/v2\/media\/5246"}],"wp:attachment":[{"href":"https:\/\/www.dxnwellness.eu\/it\/wp-json\/wp\/v2\/media?parent=5913"}],"wp:term":[{"taxonomy":"product_brand","embeddable":true,"href":"https:\/\/www.dxnwellness.eu\/it\/wp-json\/wp\/v2\/product_brand?post=5913"},{"taxonomy":"product_cat","embeddable":true,"href":"https:\/\/www.dxnwellness.eu\/it\/wp-json\/wp\/v2\/product_cat?post=5913"},{"taxonomy":"product_tag","embeddable":true,"href":"https:\/\/www.dxnwellness.eu\/it\/wp-json\/wp\/v2\/product_tag?post=5913"}],"curies":[{"name":"wp","href":"https:\/\/api.w.org\/{rel}","templated":true}]}}