{"id":5908,"date":"2025-05-18T21:47:29","date_gmt":"2025-05-18T21:47:29","guid":{"rendered":"https:\/\/www.dxnwellness.eu\/it\/product\/dxn-oocha-noodle\/"},"modified":"2026-04-03T13:15:24","modified_gmt":"2026-04-03T13:15:24","slug":"dxn-oocha-noodle","status":"publish","type":"product","link":"https:\/\/www.dxnwellness.eu\/it\/product\/dxn-oocha-noodle\/","title":{"rendered":"DXN Oocha Noodle"},"content":{"rendered":"<p>DXN Oocha Noodles sono una scelta di noodle deliziosa e unica a base di noodles di grano infusi con polvere di t\u00e8 Oolong, che offre un gusto squisito. Disponibili al gusto semplice o Tom Yam, questi noodles danno un tocco salutare al tuo pasto con i benefici del t\u00e8 Oolong. I DXN Oocha Noodles sono essiccati all&#8217;aria (non fritti in olio) e non contengono coloranti artificiali, il che li rende un&#8217;opzione salutare per la tua dieta.<\/p>\n<p>Infuso di t\u00e8 Oolong: un perfetto equilibrio di polvere di t\u00e8 Oolong parzialmente fermentato, che fornisce un sapore unico e i benefici del t\u00e8.<br \/>\nSano e naturale: realizzato senza coloranti artificiali ed essiccato all&#8217;aria per un&#8217;alternativa pi\u00f9 sana ai noodles fritti.<br \/>\nVeloce e versatile: facile da preparare, perfetto per un pasto veloce e pu\u00f2 essere gustato in molti modi diversi per soddisfare la tua creativit\u00e0 culinaria.<\/p>\n","protected":false},"excerpt":{"rendered":"<p>DXN Oocha Noodles sono una scelta di noodle deliziosa e unica a base di noodles di grano infusi con polvere di t\u00e8 Oolong, che offre un gusto squisito. Disponibili al gusto semplice o Tom Yam, questi noodles danno un tocco salutare al tuo pasto con i benefici del t\u00e8 Oolong. I DXN Oocha Noodles sono [&hellip;]<\/p>\n","protected":false},"featured_media":5243,"comment_status":"open","ping_status":"closed","template":"","meta":{"_acf_changed":false},"product_brand":[],"product_cat":[378],"product_tag":[],"class_list":{"0":"post-5908","1":"product","2":"type-product","3":"status-publish","4":"has-post-thumbnail","6":"product_cat-alimenti","7":"pa_package-4x75-g","8":"pa_package-4x85-g","10":"first","11":"instock","12":"purchasable","13":"product-type-variable"},"acf":[],"_links":{"self":[{"href":"https:\/\/www.dxnwellness.eu\/it\/wp-json\/wp\/v2\/product\/5908","targetHints":{"allow":["GET"]}}],"collection":[{"href":"https:\/\/www.dxnwellness.eu\/it\/wp-json\/wp\/v2\/product"}],"about":[{"href":"https:\/\/www.dxnwellness.eu\/it\/wp-json\/wp\/v2\/types\/product"}],"replies":[{"embeddable":true,"href":"https:\/\/www.dxnwellness.eu\/it\/wp-json\/wp\/v2\/comments?post=5908"}],"wp:featuredmedia":[{"embeddable":true,"href":"https:\/\/www.dxnwellness.eu\/it\/wp-json\/wp\/v2\/media\/5243"}],"wp:attachment":[{"href":"https:\/\/www.dxnwellness.eu\/it\/wp-json\/wp\/v2\/media?parent=5908"}],"wp:term":[{"taxonomy":"product_brand","embeddable":true,"href":"https:\/\/www.dxnwellness.eu\/it\/wp-json\/wp\/v2\/product_brand?post=5908"},{"taxonomy":"product_cat","embeddable":true,"href":"https:\/\/www.dxnwellness.eu\/it\/wp-json\/wp\/v2\/product_cat?post=5908"},{"taxonomy":"product_tag","embeddable":true,"href":"https:\/\/www.dxnwellness.eu\/it\/wp-json\/wp\/v2\/product_tag?post=5908"}],"curies":[{"name":"wp","href":"https:\/\/api.w.org\/{rel}","templated":true}]}}