{"id":5903,"date":"2025-05-18T21:47:29","date_gmt":"2025-05-18T21:47:29","guid":{"rendered":"https:\/\/www.dxnwellness.eu\/it\/product\/dxn-apple-fermented-jam\/"},"modified":"2026-04-03T13:15:23","modified_gmt":"2026-04-03T13:15:23","slug":"dxn-apple-fermented-jam","status":"publish","type":"product","link":"https:\/\/www.dxnwellness.eu\/it\/product\/dxn-apple-fermented-jam\/","title":{"rendered":"DXN Apple Fermented Jam"},"content":{"rendered":"<p>La marmellata di mele fermentate DXN offre un sapore agrodolce unico che diventer\u00e0 il preferito in cucina. Prodotta con mele fermentate, questa marmellata \u00e8 perfetta da spalmare sul pane, i dolci o da usare in cucina. Si pu\u00f2 anche mescolare con l\u2019acqua per ottenere una bevanda rinfrescante a base di mele. Sia come crema da spalmare che come bevanda, offre un gusto delizioso e il beneficio aggiuntivo di favorire la digestione. Marmellata di mele fermentate DXN &#8211; Un&#8217;aggiunta deliziosa e versatile per la vostra dispensa, che favorisce sia le papille gustative che la digestione!<\/p>\n<p>Versatile e deliziosa: da spalmare, cucinare o bere, per un delizioso sapore di mela in ogni occasione.<br \/>\nFavorisce la digestione: Grazie alle mele fermentate, questa marmellata favorisce la vostra digestione e soddisfa il palato.<br \/>\nComoda e gustosa: Perfetta per un uso quotidiano e veloce per una grande variet\u00e0 di pasti e spuntini.<\/p>\n","protected":false},"excerpt":{"rendered":"<p>La marmellata di mele fermentate DXN offre un sapore agrodolce unico che diventer\u00e0 il preferito in cucina. Prodotta con mele fermentate, questa marmellata \u00e8 perfetta da spalmare sul pane, i dolci o da usare in cucina. Si pu\u00f2 anche mescolare con l\u2019acqua per ottenere una bevanda rinfrescante a base di mele. Sia come crema da [&hellip;]<\/p>\n","protected":false},"featured_media":5240,"comment_status":"open","ping_status":"closed","template":"","meta":{"_acf_changed":false},"product_brand":[],"product_cat":[378],"product_tag":[],"class_list":{"0":"post-5903","1":"product","2":"type-product","3":"status-publish","4":"has-post-thumbnail","6":"product_cat-alimenti","7":"pa_package-20-confezioni-x-15-g","9":"first","10":"instock","11":"purchasable","12":"product-type-simple"},"acf":[],"_links":{"self":[{"href":"https:\/\/www.dxnwellness.eu\/it\/wp-json\/wp\/v2\/product\/5903","targetHints":{"allow":["GET"]}}],"collection":[{"href":"https:\/\/www.dxnwellness.eu\/it\/wp-json\/wp\/v2\/product"}],"about":[{"href":"https:\/\/www.dxnwellness.eu\/it\/wp-json\/wp\/v2\/types\/product"}],"replies":[{"embeddable":true,"href":"https:\/\/www.dxnwellness.eu\/it\/wp-json\/wp\/v2\/comments?post=5903"}],"wp:featuredmedia":[{"embeddable":true,"href":"https:\/\/www.dxnwellness.eu\/it\/wp-json\/wp\/v2\/media\/5240"}],"wp:attachment":[{"href":"https:\/\/www.dxnwellness.eu\/it\/wp-json\/wp\/v2\/media?parent=5903"}],"wp:term":[{"taxonomy":"product_brand","embeddable":true,"href":"https:\/\/www.dxnwellness.eu\/it\/wp-json\/wp\/v2\/product_brand?post=5903"},{"taxonomy":"product_cat","embeddable":true,"href":"https:\/\/www.dxnwellness.eu\/it\/wp-json\/wp\/v2\/product_cat?post=5903"},{"taxonomy":"product_tag","embeddable":true,"href":"https:\/\/www.dxnwellness.eu\/it\/wp-json\/wp\/v2\/product_tag?post=5903"}],"curies":[{"name":"wp","href":"https:\/\/api.w.org\/{rel}","templated":true}]}}