{"id":5895,"date":"2025-05-18T21:47:29","date_gmt":"2025-05-18T21:47:29","guid":{"rendered":"https:\/\/www.dxnwellness.eu\/it\/product\/dxn-zhi-ca-plus\/"},"modified":"2026-04-03T13:15:23","modified_gmt":"2026-04-03T13:15:23","slug":"dxn-zhi-ca-plus","status":"publish","type":"product","link":"https:\/\/www.dxnwellness.eu\/it\/product\/dxn-zhi-ca-plus\/","title":{"rendered":"DXN Zhi Ca Plus"},"content":{"rendered":"<p>DXN Zhi Ca Plus sono caramelle al caff\u00e8 aromatico  arricchite con i benefici naturali del Ganoderma lucidum (fungo Reishi) in polvere. Queste deliziose caramelle combinano estratto di caff\u00e8, zucchero di canna, sostituto della panna e latte scremato in polvere per offrire un perfetto equilibrio di gusto ed energia. Ideale per le giornate pi\u00f9 impegnative, Zhi Ca Plus fornisce una sferzata di energia da portare sempre con s\u00e9. DXN Zhi Ca Plus &#8211; la caramella al caff\u00e8 perfetta da portare con s\u00e9, per una sferzata di energia sempre e ovunque!<\/p>\n<p>Energia conveniente: Goditi la tua dose quotidiana di energia sotto forma di una gustosa caramella portatile, facile da portare con s\u00e8 e da gustare in qualsiasi momento.<br \/>\nAromatiche e deliziose: queste caramelle offrono un ricco sapore di caff\u00e8 con una consistenza morbida e cremosa, esaltata dai benefici del Ganoderma lucidum.<br \/>\nPerfette per le giornate impegnative: Sia che siate in viaggio o che abbiate bisogno di un rapido recupero, Zhi Ca Plus \u00e8 lo snack ideale per una carica di energia.<\/p>\n","protected":false},"excerpt":{"rendered":"<p>DXN Zhi Ca Plus sono caramelle al caff\u00e8 aromatico arricchite con i benefici naturali del Ganoderma lucidum (fungo Reishi) in polvere. Queste deliziose caramelle combinano estratto di caff\u00e8, zucchero di canna, sostituto della panna e latte scremato in polvere per offrire un perfetto equilibrio di gusto ed energia. Ideale per le giornate pi\u00f9 impegnative, Zhi [&hellip;]<\/p>\n","protected":false},"featured_media":5236,"comment_status":"open","ping_status":"closed","template":"","meta":{"_acf_changed":false},"product_brand":[],"product_cat":[378],"product_tag":[],"class_list":{"0":"post-5895","1":"product","2":"type-product","3":"status-publish","4":"has-post-thumbnail","6":"product_cat-alimenti","7":"pa_package-10-pacchetti-x-9-5-g","9":"first","10":"instock","11":"purchasable","12":"product-type-simple"},"acf":[],"_links":{"self":[{"href":"https:\/\/www.dxnwellness.eu\/it\/wp-json\/wp\/v2\/product\/5895","targetHints":{"allow":["GET"]}}],"collection":[{"href":"https:\/\/www.dxnwellness.eu\/it\/wp-json\/wp\/v2\/product"}],"about":[{"href":"https:\/\/www.dxnwellness.eu\/it\/wp-json\/wp\/v2\/types\/product"}],"replies":[{"embeddable":true,"href":"https:\/\/www.dxnwellness.eu\/it\/wp-json\/wp\/v2\/comments?post=5895"}],"wp:featuredmedia":[{"embeddable":true,"href":"https:\/\/www.dxnwellness.eu\/it\/wp-json\/wp\/v2\/media\/5236"}],"wp:attachment":[{"href":"https:\/\/www.dxnwellness.eu\/it\/wp-json\/wp\/v2\/media?parent=5895"}],"wp:term":[{"taxonomy":"product_brand","embeddable":true,"href":"https:\/\/www.dxnwellness.eu\/it\/wp-json\/wp\/v2\/product_brand?post=5895"},{"taxonomy":"product_cat","embeddable":true,"href":"https:\/\/www.dxnwellness.eu\/it\/wp-json\/wp\/v2\/product_cat?post=5895"},{"taxonomy":"product_tag","embeddable":true,"href":"https:\/\/www.dxnwellness.eu\/it\/wp-json\/wp\/v2\/product_tag?post=5895"}],"curies":[{"name":"wp","href":"https:\/\/api.w.org\/{rel}","templated":true}]}}