{"id":5893,"date":"2025-05-18T21:47:29","date_gmt":"2025-05-18T21:47:29","guid":{"rendered":"https:\/\/www.dxnwellness.eu\/it\/product\/dxn-lions-mane-lemon-tea\/"},"modified":"2026-04-03T13:15:23","modified_gmt":"2026-04-03T13:15:23","slug":"dxn-lions-mane-lemon-tea","status":"publish","type":"product","link":"https:\/\/www.dxnwellness.eu\/it\/product\/dxn-lions-mane-lemon-tea\/","title":{"rendered":"DXN Lion&#8217;s Mane Lemon Tea"},"content":{"rendered":"<p>DXN Lion&#8217;s Mane Lemon Tea combina i sapori decisi del t\u00e8 nero e del t\u00e8 oolong con la buccia rinfrescante del limone e i benefici naturali del fungo Lion&#8217;s Mane (Hericium erinaceus). Questa deliziosa miscela favorisce il benessere generale e rinfresca i sensi. Sia che lo si gusti caldo per riscaldarsi o freddo per rinfrescarsi, il t\u00e8 al limone DXN Lion&#8217;s Mane \u00e8 la bevanda perfetta per ogni stagione. Goditi una miscela di t\u00e8 rinfrescante con una goccia di limone e una generosa dose di benessere in ogni tazza di t\u00e8 al limone DXN Lion&#8217;s Mane!<\/p>\n<p>Rinfrescante e versatile: questo t\u00e8 pu\u00f2 essere gustato sia caldo che freddo e offre una combinazione unica di t\u00e8 e limone per rinvigorire le papille gustative.<br \/>\nFavorisce il benessere: questo t\u00e8 che contiene il fungo Lion&#8217;s Mane, offre benefici naturali che favoriscono il benessere generale.<br \/>\nIdeale in qualsiasi stagione: Che sia una giornata calda o una serata fredda, questo t\u00e8 \u00e8 perfetto per ogni occasione.<\/p>\n","protected":false},"excerpt":{"rendered":"<p>DXN Lion&#8217;s Mane Lemon Tea combina i sapori decisi del t\u00e8 nero e del t\u00e8 oolong con la buccia rinfrescante del limone e i benefici naturali del fungo Lion&#8217;s Mane (Hericium erinaceus). Questa deliziosa miscela favorisce il benessere generale e rinfresca i sensi. Sia che lo si gusti caldo per riscaldarsi o freddo per rinfrescarsi, [&hellip;]<\/p>\n","protected":false},"featured_media":5235,"comment_status":"open","ping_status":"closed","template":"","meta":{"_acf_changed":false},"product_brand":[],"product_cat":[377],"product_tag":[],"class_list":{"0":"post-5893","1":"product","2":"type-product","3":"status-publish","4":"has-post-thumbnail","6":"product_cat-te","7":"pa_package-20-bustine-x-22-g","9":"first","10":"instock","11":"purchasable","12":"product-type-simple"},"acf":[],"_links":{"self":[{"href":"https:\/\/www.dxnwellness.eu\/it\/wp-json\/wp\/v2\/product\/5893","targetHints":{"allow":["GET"]}}],"collection":[{"href":"https:\/\/www.dxnwellness.eu\/it\/wp-json\/wp\/v2\/product"}],"about":[{"href":"https:\/\/www.dxnwellness.eu\/it\/wp-json\/wp\/v2\/types\/product"}],"replies":[{"embeddable":true,"href":"https:\/\/www.dxnwellness.eu\/it\/wp-json\/wp\/v2\/comments?post=5893"}],"wp:featuredmedia":[{"embeddable":true,"href":"https:\/\/www.dxnwellness.eu\/it\/wp-json\/wp\/v2\/media\/5235"}],"wp:attachment":[{"href":"https:\/\/www.dxnwellness.eu\/it\/wp-json\/wp\/v2\/media?parent=5893"}],"wp:term":[{"taxonomy":"product_brand","embeddable":true,"href":"https:\/\/www.dxnwellness.eu\/it\/wp-json\/wp\/v2\/product_brand?post=5893"},{"taxonomy":"product_cat","embeddable":true,"href":"https:\/\/www.dxnwellness.eu\/it\/wp-json\/wp\/v2\/product_cat?post=5893"},{"taxonomy":"product_tag","embeddable":true,"href":"https:\/\/www.dxnwellness.eu\/it\/wp-json\/wp\/v2\/product_tag?post=5893"}],"curies":[{"name":"wp","href":"https:\/\/api.w.org\/{rel}","templated":true}]}}