{"id":5891,"date":"2025-05-18T21:47:27","date_gmt":"2025-05-18T21:47:27","guid":{"rendered":"https:\/\/www.dxnwellness.eu\/it\/product\/dxn-lemonzhi\/"},"modified":"2026-04-03T13:15:23","modified_gmt":"2026-04-03T13:15:23","slug":"dxn-lemonzhi","status":"publish","type":"product","link":"https:\/\/www.dxnwellness.eu\/it\/product\/dxn-lemonzhi\/","title":{"rendered":"DXN Lemonzhi"},"content":{"rendered":"<p>DXN Lemonzhi \u00e8 una bevanda deliziosa che unisce il gusto morbido del t\u00e8 nero, la buccia rinfrescante del limone in polvere e i benefici naturali del Ganoderma lucidum (fungo Reishi) in polvere. Questa bevanda versatile pu\u00f2 essere gustata sia calda, per riscaldarsi, sia fredda, come bevanda estiva rinfrescante, ed \u00e8 quindi perfetta per qualsiasi periodo dell&#8217;anno. Una bevanda che piacer\u00e0 sia a voi che ai vostri bambini! Goditi i benefici del Ganoderma e il gusto rinfrescante del limone con ogni tazza di DXN Lemonzhi!<\/p>\n<p>Rinfrescante e versatile: questa bevanda pu\u00f2 essere gustata sia calda che fredda e offre un tocco rinfrescante e agrumato a ogni sorso.<br \/>\nUna miscela salutare: questa bevanda che contiene Ganoderma lucidum, fornisce la bont\u00e0 di questo fungo naturale e un delizioso aroma di limone.<br \/>\nPerfetto per tutte le et\u00e0: Una bevanda adatta a tutta la famiglia, ideale per tutte le occasioni, sia per rilassarsi che per rinfrescarsi in una giornata calda.<\/p>\n","protected":false},"excerpt":{"rendered":"<p>DXN Lemonzhi \u00e8 una bevanda deliziosa che unisce il gusto morbido del t\u00e8 nero, la buccia rinfrescante del limone in polvere e i benefici naturali del Ganoderma lucidum (fungo Reishi) in polvere. Questa bevanda versatile pu\u00f2 essere gustata sia calda, per riscaldarsi, sia fredda, come bevanda estiva rinfrescante, ed \u00e8 quindi perfetta per qualsiasi periodo [&hellip;]<\/p>\n","protected":false},"featured_media":5234,"comment_status":"open","ping_status":"closed","template":"","meta":{"_acf_changed":false},"product_brand":[],"product_cat":[377],"product_tag":[],"class_list":{"0":"post-5891","1":"product","2":"type-product","3":"status-publish","4":"has-post-thumbnail","6":"product_cat-te","7":"pa_package-20-bustine-x-22-g","9":"first","10":"instock","11":"purchasable","12":"product-type-simple"},"acf":[],"_links":{"self":[{"href":"https:\/\/www.dxnwellness.eu\/it\/wp-json\/wp\/v2\/product\/5891","targetHints":{"allow":["GET"]}}],"collection":[{"href":"https:\/\/www.dxnwellness.eu\/it\/wp-json\/wp\/v2\/product"}],"about":[{"href":"https:\/\/www.dxnwellness.eu\/it\/wp-json\/wp\/v2\/types\/product"}],"replies":[{"embeddable":true,"href":"https:\/\/www.dxnwellness.eu\/it\/wp-json\/wp\/v2\/comments?post=5891"}],"wp:featuredmedia":[{"embeddable":true,"href":"https:\/\/www.dxnwellness.eu\/it\/wp-json\/wp\/v2\/media\/5234"}],"wp:attachment":[{"href":"https:\/\/www.dxnwellness.eu\/it\/wp-json\/wp\/v2\/media?parent=5891"}],"wp:term":[{"taxonomy":"product_brand","embeddable":true,"href":"https:\/\/www.dxnwellness.eu\/it\/wp-json\/wp\/v2\/product_brand?post=5891"},{"taxonomy":"product_cat","embeddable":true,"href":"https:\/\/www.dxnwellness.eu\/it\/wp-json\/wp\/v2\/product_cat?post=5891"},{"taxonomy":"product_tag","embeddable":true,"href":"https:\/\/www.dxnwellness.eu\/it\/wp-json\/wp\/v2\/product_tag?post=5891"}],"curies":[{"name":"wp","href":"https:\/\/api.w.org\/{rel}","templated":true}]}}