{"id":5887,"date":"2025-05-18T21:47:27","date_gmt":"2025-05-18T21:47:27","guid":{"rendered":"https:\/\/www.dxnwellness.eu\/it\/product\/dxn-lions-mane-oocha\/"},"modified":"2026-04-03T13:15:23","modified_gmt":"2026-04-03T13:15:23","slug":"dxn-lions-mane-oocha","status":"publish","type":"product","link":"https:\/\/www.dxnwellness.eu\/it\/product\/dxn-lions-mane-oocha\/","title":{"rendered":"DXN Lion&#8217;s Mane Oocha"},"content":{"rendered":"<p>DXN Lion&#8217;s Mane Oocha offre una miscela armoniosa di t\u00e8 Oolong, polvere di fungo Lion&#8217;s Mane (Hericium erinaceus), crema di latte e zucchero, creando un&#8217;esperienza di t\u00e8 davvero unica. Con il suo aroma caratteristico e il suo gusto rilassante, questo t\u00e8 particolare offre un perfetto momento di riposo, permettendo di rilassarsi, recuperare le energie e rinfrescare i sensi. Goditi gli effetti calmanti del t\u00e8 Oolong combinati con i benefici naturali del Lion&#8217;s Mane, una bevanda che solleva il tuo umore e nutre il tuo benessere. Sorseggia e assapora la deliziosa combinazione di t\u00e8 Oolong e Lion&#8217;s Mane in ogni tazza di DXN Lion&#8217;s Mane Oocha, e senti il perfetto equilibrio di sapore e benessere.<\/p>\n<p>Fusione di sapori unica: Il gusto morbido del t\u00e8 Oolong miscelato con la polvere del fungo Lion&#8217;s Mane crea un t\u00e8 saporito e rinfrescante che piacer\u00e0 a chi cerca una bevanda non tradizionale, ma rilassante.<br \/>\nRilassarsi e ricaricarsi: Perfetto per rilassarsi e rigenerarsi, questo t\u00e8 aiuta a rilassarsi e a nutrire il corpo e la mente con i benefici del Lion&#8217;s Mane.<br \/>\nUn&#8217;esperienza di t\u00e8 rinfrescante: Ideale per i momenti di pausa, DXN Lion&#8217;s Mane Oocha offre un&#8217;esperienza rigenerante a ogni sorso.<\/p>\n","protected":false},"excerpt":{"rendered":"<p>DXN Lion&#8217;s Mane Oocha offre una miscela armoniosa di t\u00e8 Oolong, polvere di fungo Lion&#8217;s Mane (Hericium erinaceus), crema di latte e zucchero, creando un&#8217;esperienza di t\u00e8 davvero unica. Con il suo aroma caratteristico e il suo gusto rilassante, questo t\u00e8 particolare offre un perfetto momento di riposo, permettendo di rilassarsi, recuperare le energie e [&hellip;]<\/p>\n","protected":false},"featured_media":5232,"comment_status":"open","ping_status":"closed","template":"","meta":{"_acf_changed":false},"product_brand":[],"product_cat":[377],"product_tag":[],"class_list":{"0":"post-5887","1":"product","2":"type-product","3":"status-publish","4":"has-post-thumbnail","6":"product_cat-te","7":"pa_package-12-bustine-x-30-g","9":"first","10":"instock","11":"purchasable","12":"product-type-simple"},"acf":[],"_links":{"self":[{"href":"https:\/\/www.dxnwellness.eu\/it\/wp-json\/wp\/v2\/product\/5887","targetHints":{"allow":["GET"]}}],"collection":[{"href":"https:\/\/www.dxnwellness.eu\/it\/wp-json\/wp\/v2\/product"}],"about":[{"href":"https:\/\/www.dxnwellness.eu\/it\/wp-json\/wp\/v2\/types\/product"}],"replies":[{"embeddable":true,"href":"https:\/\/www.dxnwellness.eu\/it\/wp-json\/wp\/v2\/comments?post=5887"}],"wp:featuredmedia":[{"embeddable":true,"href":"https:\/\/www.dxnwellness.eu\/it\/wp-json\/wp\/v2\/media\/5232"}],"wp:attachment":[{"href":"https:\/\/www.dxnwellness.eu\/it\/wp-json\/wp\/v2\/media?parent=5887"}],"wp:term":[{"taxonomy":"product_brand","embeddable":true,"href":"https:\/\/www.dxnwellness.eu\/it\/wp-json\/wp\/v2\/product_brand?post=5887"},{"taxonomy":"product_cat","embeddable":true,"href":"https:\/\/www.dxnwellness.eu\/it\/wp-json\/wp\/v2\/product_cat?post=5887"},{"taxonomy":"product_tag","embeddable":true,"href":"https:\/\/www.dxnwellness.eu\/it\/wp-json\/wp\/v2\/product_tag?post=5887"}],"curies":[{"name":"wp","href":"https:\/\/api.w.org\/{rel}","templated":true}]}}