{"id":5885,"date":"2025-05-18T21:47:27","date_gmt":"2025-05-18T21:47:27","guid":{"rendered":"https:\/\/www.dxnwellness.eu\/it\/product\/dxn-zhitea\/"},"modified":"2026-04-03T13:15:23","modified_gmt":"2026-04-03T13:15:23","slug":"dxn-zhitea","status":"publish","type":"product","link":"https:\/\/www.dxnwellness.eu\/it\/product\/dxn-zhitea\/","title":{"rendered":"DXN Zhitea"},"content":{"rendered":"<p>DXN Zhitea offre una tazza invitante e audace di t\u00e8 nero fermentato, perfetta per chi ama un t\u00e8 forte e aromatico con personalit\u00e0. Con il suo aroma accattivante e il suo gusto robusto, questo t\u00e8 si distingue come un&#8217;ottima scelta per i momenti di relax o per la condivisione con amici e familiari. Da gustare da solo o con un tocco di dolcezza, DXN Zhitea regala un&#8217;esperienza indimenticabile. Per gli amanti del t\u00e8 che apprezzano un gusto chiaro e deciso, DXN Zhitea ti ipnotizzer\u00e0 a ogni tazza. Perfetto per rilassarsi, condividere e assaporare una vera esperienza del t\u00e8.<\/p>\n<p>Sapore ricco e deciso: Un t\u00e8 nero fermentato in foglie sfuse che offre un gusto forte e caratteristico, perfetto per i veri appassionati di t\u00e8.<br \/>\nAromatico e invitante: L&#8217;aroma accattivante e il sapore robusto lo rendono ideale per rilassarti dopo una lunga giornata o per essere gustato insieme ai tuoi cari.<br \/>\nIdeale per gli amanti del t\u00e8: Un&#8217;aggiunta perfetta ai momenti di relax o al tempo trascorso con i propri cari, questo t\u00e8 diventa un rituale di benessere.<\/p>\n","protected":false},"excerpt":{"rendered":"<p>DXN Zhitea offre una tazza invitante e audace di t\u00e8 nero fermentato, perfetta per chi ama un t\u00e8 forte e aromatico con personalit\u00e0. Con il suo aroma accattivante e il suo gusto robusto, questo t\u00e8 si distingue come un&#8217;ottima scelta per i momenti di relax o per la condivisione con amici e familiari. Da gustare [&hellip;]<\/p>\n","protected":false},"featured_media":5231,"comment_status":"open","ping_status":"closed","template":"","meta":{"_acf_changed":false},"product_brand":[],"product_cat":[377],"product_tag":[],"class_list":{"0":"post-5885","1":"product","2":"type-product","3":"status-publish","4":"has-post-thumbnail","6":"product_cat-te","7":"pa_package-100-g","9":"first","10":"instock","11":"purchasable","12":"product-type-simple"},"acf":[],"_links":{"self":[{"href":"https:\/\/www.dxnwellness.eu\/it\/wp-json\/wp\/v2\/product\/5885","targetHints":{"allow":["GET"]}}],"collection":[{"href":"https:\/\/www.dxnwellness.eu\/it\/wp-json\/wp\/v2\/product"}],"about":[{"href":"https:\/\/www.dxnwellness.eu\/it\/wp-json\/wp\/v2\/types\/product"}],"replies":[{"embeddable":true,"href":"https:\/\/www.dxnwellness.eu\/it\/wp-json\/wp\/v2\/comments?post=5885"}],"wp:featuredmedia":[{"embeddable":true,"href":"https:\/\/www.dxnwellness.eu\/it\/wp-json\/wp\/v2\/media\/5231"}],"wp:attachment":[{"href":"https:\/\/www.dxnwellness.eu\/it\/wp-json\/wp\/v2\/media?parent=5885"}],"wp:term":[{"taxonomy":"product_brand","embeddable":true,"href":"https:\/\/www.dxnwellness.eu\/it\/wp-json\/wp\/v2\/product_brand?post=5885"},{"taxonomy":"product_cat","embeddable":true,"href":"https:\/\/www.dxnwellness.eu\/it\/wp-json\/wp\/v2\/product_cat?post=5885"},{"taxonomy":"product_tag","embeddable":true,"href":"https:\/\/www.dxnwellness.eu\/it\/wp-json\/wp\/v2\/product_tag?post=5885"}],"curies":[{"name":"wp","href":"https:\/\/api.w.org\/{rel}","templated":true}]}}