{"id":5883,"date":"2025-05-18T21:47:27","date_gmt":"2025-05-18T21:47:27","guid":{"rendered":"https:\/\/www.dxnwellness.eu\/it\/product\/dxn-reishi-gano-tea\/"},"modified":"2026-04-03T13:15:23","modified_gmt":"2026-04-03T13:15:23","slug":"dxn-reishi-gano-tea","status":"publish","type":"product","link":"https:\/\/www.dxnwellness.eu\/it\/product\/dxn-reishi-gano-tea\/","title":{"rendered":"DXN Reishi Gano Tea"},"content":{"rendered":"<p>DXN Reishi Gano Tea combina il sapore ricco e rilassante del t\u00e8 nero (Camellia sinensis) con i benefici naturali del Ganoderma lucidum (fungo Reishi), creando una bevanda che nutre sia il corpo che la mente. Ideale per chi cerca un momento di relax e di cura di s\u00e9, questo t\u00e8 offre una miscela unica che delizia i sensi e promuove il benessere. Prenditi un momento per riposare, rilassarti e rinfrescare il corpo e la mente con le qualit\u00e0 uniche e benefiche del t\u00e8 Reishi Gano di DXN, il t\u00e8 perfetto per il relax e il benessere.<\/p>\n<p>Gusto ricco e morbido: Il sapore profondo del t\u00e8 nero si fonde armoniosamente con le note terrose del Ganoderma lucidum, offrendo un gusto unico e rilassante.<br \/>\nPausa relax: Perfetto per rilassarsi, questo t\u00e8 \u00e8 ideale per quei momenti in cui si desidera fare una pausa, rilassarsi e rinfrescarsi.<br \/>\nIngredienti benefici: Il fungo Reishi, noto per i suoi potenziali benefici per la salute, contribuisce al benessere generale.<\/p>\n","protected":false},"excerpt":{"rendered":"<p>DXN Reishi Gano Tea combina il sapore ricco e rilassante del t\u00e8 nero (Camellia sinensis) con i benefici naturali del Ganoderma lucidum (fungo Reishi), creando una bevanda che nutre sia il corpo che la mente. Ideale per chi cerca un momento di relax e di cura di s\u00e9, questo t\u00e8 offre una miscela unica che [&hellip;]<\/p>\n","protected":false},"featured_media":5230,"comment_status":"open","ping_status":"closed","template":"","meta":{"_acf_changed":false},"product_brand":[],"product_cat":[377],"product_tag":[],"class_list":{"0":"post-5883","1":"product","2":"type-product","3":"status-publish","4":"has-post-thumbnail","6":"product_cat-te","7":"pa_package-20-bustine-per-infusione-x-2-g","9":"first","10":"instock","11":"purchasable","12":"product-type-simple"},"acf":[],"_links":{"self":[{"href":"https:\/\/www.dxnwellness.eu\/it\/wp-json\/wp\/v2\/product\/5883","targetHints":{"allow":["GET"]}}],"collection":[{"href":"https:\/\/www.dxnwellness.eu\/it\/wp-json\/wp\/v2\/product"}],"about":[{"href":"https:\/\/www.dxnwellness.eu\/it\/wp-json\/wp\/v2\/types\/product"}],"replies":[{"embeddable":true,"href":"https:\/\/www.dxnwellness.eu\/it\/wp-json\/wp\/v2\/comments?post=5883"}],"wp:featuredmedia":[{"embeddable":true,"href":"https:\/\/www.dxnwellness.eu\/it\/wp-json\/wp\/v2\/media\/5230"}],"wp:attachment":[{"href":"https:\/\/www.dxnwellness.eu\/it\/wp-json\/wp\/v2\/media?parent=5883"}],"wp:term":[{"taxonomy":"product_brand","embeddable":true,"href":"https:\/\/www.dxnwellness.eu\/it\/wp-json\/wp\/v2\/product_brand?post=5883"},{"taxonomy":"product_cat","embeddable":true,"href":"https:\/\/www.dxnwellness.eu\/it\/wp-json\/wp\/v2\/product_cat?post=5883"},{"taxonomy":"product_tag","embeddable":true,"href":"https:\/\/www.dxnwellness.eu\/it\/wp-json\/wp\/v2\/product_tag?post=5883"}],"curies":[{"name":"wp","href":"https:\/\/api.w.org\/{rel}","templated":true}]}}