{"id":5881,"date":"2025-05-18T21:47:27","date_gmt":"2025-05-18T21:47:27","guid":{"rendered":"https:\/\/www.dxnwellness.eu\/it\/product\/dxn-brook-coffee\/"},"modified":"2026-04-03T13:15:23","modified_gmt":"2026-04-03T13:15:23","slug":"dxn-brook-coffee","status":"publish","type":"product","link":"https:\/\/www.dxnwellness.eu\/it\/product\/dxn-brook-coffee\/","title":{"rendered":"DXN Brook Coffee"},"content":{"rendered":"<p>Un nuovissimo caff\u00e8 direttamente dall&#8217;Etiopia ti incanter\u00e0 con il suo aroma! DXN Brook Coffee \u00e8 una combinazione di caff\u00e8 macinato tostato e polvere di Ganoderma. Questo caff\u00e8 \u00e8 adatto per la preparazione del caff\u00e8 con le macchinette da caff\u00e8 espresso e moka. Grazie al suo gusto e al suo aroma caratteristico, questo caff\u00e8 \u00e8 l&#8217;ideale per chi cerca un&#8217;esperienza di caff\u00e8 unica e nutriente. Ideale come energizzante mattutino o come bevanda rilassante durante la giornata!<\/p>\n<p>Caff\u00e8 macinato ricco e aromatico: prepara il caff\u00e8 come preferisci e se desideri aggiungi cannella, latte e zucchero, secondo i tuoi gusti.<br \/>\nComodo e veloce: Mattina, pomeriggio o sera \u2013 ogni momento sar\u00e0 quello giusto<\/p>\n","protected":false},"excerpt":{"rendered":"<p>Un nuovissimo caff\u00e8 direttamente dall&#8217;Etiopia ti incanter\u00e0 con il suo aroma! DXN Brook Coffee \u00e8 una combinazione di caff\u00e8 macinato tostato e polvere di Ganoderma. Questo caff\u00e8 \u00e8 adatto per la preparazione del caff\u00e8 con le macchinette da caff\u00e8 espresso e moka. Grazie al suo gusto e al suo aroma caratteristico, questo caff\u00e8 \u00e8 l&#8217;ideale [&hellip;]<\/p>\n","protected":false},"featured_media":5229,"comment_status":"open","ping_status":"closed","template":"","meta":{"_acf_changed":false},"product_brand":[],"product_cat":[376],"product_tag":[],"class_list":{"0":"post-5881","1":"product","2":"type-product","3":"status-publish","4":"has-post-thumbnail","6":"product_cat-caffe","7":"pa_package-500-g","9":"first","10":"instock","11":"purchasable","12":"product-type-simple"},"acf":[],"_links":{"self":[{"href":"https:\/\/www.dxnwellness.eu\/it\/wp-json\/wp\/v2\/product\/5881","targetHints":{"allow":["GET"]}}],"collection":[{"href":"https:\/\/www.dxnwellness.eu\/it\/wp-json\/wp\/v2\/product"}],"about":[{"href":"https:\/\/www.dxnwellness.eu\/it\/wp-json\/wp\/v2\/types\/product"}],"replies":[{"embeddable":true,"href":"https:\/\/www.dxnwellness.eu\/it\/wp-json\/wp\/v2\/comments?post=5881"}],"wp:featuredmedia":[{"embeddable":true,"href":"https:\/\/www.dxnwellness.eu\/it\/wp-json\/wp\/v2\/media\/5229"}],"wp:attachment":[{"href":"https:\/\/www.dxnwellness.eu\/it\/wp-json\/wp\/v2\/media?parent=5881"}],"wp:term":[{"taxonomy":"product_brand","embeddable":true,"href":"https:\/\/www.dxnwellness.eu\/it\/wp-json\/wp\/v2\/product_brand?post=5881"},{"taxonomy":"product_cat","embeddable":true,"href":"https:\/\/www.dxnwellness.eu\/it\/wp-json\/wp\/v2\/product_cat?post=5881"},{"taxonomy":"product_tag","embeddable":true,"href":"https:\/\/www.dxnwellness.eu\/it\/wp-json\/wp\/v2\/product_tag?post=5881"}],"curies":[{"name":"wp","href":"https:\/\/api.w.org\/{rel}","templated":true}]}}