{"id":5879,"date":"2025-05-18T21:47:27","date_gmt":"2025-05-18T21:47:27","guid":{"rendered":"https:\/\/www.dxnwellness.eu\/it\/product\/dxn-lions-mane-coffee\/"},"modified":"2026-04-03T13:15:23","modified_gmt":"2026-04-03T13:15:23","slug":"dxn-lions-mane-coffee","status":"publish","type":"product","link":"https:\/\/www.dxnwellness.eu\/it\/product\/dxn-lions-mane-coffee\/","title":{"rendered":"DXN Lion&#8217;s Mane Coffee"},"content":{"rendered":"<p>DXN Lion&#8217;s Mane Coffee offre una deliziosa combinazione di caff\u00e8 ricco, panna non casearia e i benefici naturali della polvere di fungo Lion&#8217;s Mane (Hericium erinaceus). Con il suo aroma invitante e il suo sapore deciso, questo caff\u00e8 \u00e8 perfetto per chi cerca un&#8217;esperienza di caff\u00e8 unica e nutriente. Sia che si cerchi una bevanda che dia la carica al mattino o una bevanda rilassante da gustare durante la giornata, il caff\u00e8 Lion&#8217;s Mane offre una tazza di pura soddisfazione. Ogni tazza di caff\u00e8 DXN Lion&#8217;s Mane Coffee \u00e8 un concentrato di energia, una miscela perfetta di sapore e vitalit\u00e0 per le tue giornate intense!<\/p>\n<p>Gusto ricco e aromatico: Una miscela accuratamente bilanciata di polvere di caff\u00e8, zucchero di canna e sostituto della panna, che offre una tazza morbida e saporita.<br \/>\nArricchito con Lion&#8217;s Mane: contiene polvere di fungo Lion&#8217;s Mane, noto per i suoi potenziali benefici cognitivi, che rende questo caff\u00e8 piacevole e nutriente.<br \/>\nPerfetto in qualsiasi momento: Ideale come energizzante mattutino o come bevanda rilassante durante la giornata, questo caff\u00e8 ti far\u00e0 sentire rigenerato e concentrato.<\/p>\n","protected":false},"excerpt":{"rendered":"<p>DXN Lion&#8217;s Mane Coffee offre una deliziosa combinazione di caff\u00e8 ricco, panna non casearia e i benefici naturali della polvere di fungo Lion&#8217;s Mane (Hericium erinaceus). Con il suo aroma invitante e il suo sapore deciso, questo caff\u00e8 \u00e8 perfetto per chi cerca un&#8217;esperienza di caff\u00e8 unica e nutriente. Sia che si cerchi una bevanda [&hellip;]<\/p>\n","protected":false},"featured_media":5228,"comment_status":"open","ping_status":"closed","template":"","meta":{"_acf_changed":false},"product_brand":[],"product_cat":[376],"product_tag":[],"class_list":{"0":"post-5879","1":"product","2":"type-product","3":"status-publish","4":"has-post-thumbnail","6":"product_cat-caffe","7":"pa_package-20-bustine-x-21-g","9":"first","10":"instock","11":"purchasable","12":"product-type-simple"},"acf":[],"_links":{"self":[{"href":"https:\/\/www.dxnwellness.eu\/it\/wp-json\/wp\/v2\/product\/5879","targetHints":{"allow":["GET"]}}],"collection":[{"href":"https:\/\/www.dxnwellness.eu\/it\/wp-json\/wp\/v2\/product"}],"about":[{"href":"https:\/\/www.dxnwellness.eu\/it\/wp-json\/wp\/v2\/types\/product"}],"replies":[{"embeddable":true,"href":"https:\/\/www.dxnwellness.eu\/it\/wp-json\/wp\/v2\/comments?post=5879"}],"wp:featuredmedia":[{"embeddable":true,"href":"https:\/\/www.dxnwellness.eu\/it\/wp-json\/wp\/v2\/media\/5228"}],"wp:attachment":[{"href":"https:\/\/www.dxnwellness.eu\/it\/wp-json\/wp\/v2\/media?parent=5879"}],"wp:term":[{"taxonomy":"product_brand","embeddable":true,"href":"https:\/\/www.dxnwellness.eu\/it\/wp-json\/wp\/v2\/product_brand?post=5879"},{"taxonomy":"product_cat","embeddable":true,"href":"https:\/\/www.dxnwellness.eu\/it\/wp-json\/wp\/v2\/product_cat?post=5879"},{"taxonomy":"product_tag","embeddable":true,"href":"https:\/\/www.dxnwellness.eu\/it\/wp-json\/wp\/v2\/product_tag?post=5879"}],"curies":[{"name":"wp","href":"https:\/\/api.w.org\/{rel}","templated":true}]}}